{"id":19303,"date":"2025-09-10T14:23:03","date_gmt":"2025-09-10T17:23:03","guid":{"rendered":"https:\/\/faec.org.br\/sistema\/?page_id=19303"},"modified":"2025-09-10T14:39:43","modified_gmt":"2025-09-10T17:39:43","slug":"edital-n-001-2025-faec-jovem-processo-de-ingresso-continuo-de-novos-membros-da-faec-jovem","status":"publish","type":"page","link":"https:\/\/faec.org.br\/sistema\/edital-n-001-2025-faec-jovem-processo-de-ingresso-continuo-de-novos-membros-da-faec-jovem\/","title":{"rendered":"EDITAL N\u00b0 001\/2025 \u2013 FAEC JOVEM PROCESSO DE INGRESSO CONT\u00cdNUO DE NOVOS MEMBROS DA FAEC JOVEM"},"content":{"rendered":"<ul>\n<li><a href=\"http:\/\/faec.org.br\/sistema\/wp-content\/uploads\/2025\/09\/EDITAL_N_0012025_FAEC_-JOVEM_FLUXO_CONTINUO_assinado.pdf\">EDITAL_N_0012025_FAEC_ JOVEM_FLUXO_CONTINUO_assinado<\/a><\/li>\n<\/ul>\n<p><iframe loading=\"lazy\" src=\"https:\/\/faec.org.br\/sistema\/wp-content\/uploads\/2025\/09\/EDITAL_N_0012025_FAEC_-JOVEM_FLUXO_CONTINUO_assinado.pdf\" width=\"600px\" height=\"500px\"><span data-mce-type=\"bookmark\" style=\"display: inline-block; width: 0px; overflow: hidden; line-height: 0;\" class=\"mce_SELRES_start\">\ufeff<\/span><span data-mce-type=\"bookmark\" style=\"display: inline-block; width: 0px; overflow: hidden; line-height: 0;\" class=\"mce_SELRES_start\">\ufeff<\/span><\/iframe><\/p>\n\n<div class=\"wpcf7 no-js\" id=\"wpcf7-f19306-o1\" lang=\"pt-BR\" dir=\"ltr\" data-wpcf7-id=\"19306\">\n<div class=\"screen-reader-response\"><p role=\"status\" aria-live=\"polite\" aria-atomic=\"true\"><\/p> <ul><\/ul><\/div>\n<form action=\"\/sistema\/wp-json\/wp\/v2\/pages\/19303#wpcf7-f19306-o1\" method=\"post\" class=\"wpcf7-form init\" aria-label=\"Formul\u00e1rios de contato\" enctype=\"multipart\/form-data\" novalidate=\"novalidate\" data-status=\"init\">\n<div style=\"display: none;\">\n<input type=\"hidden\" name=\"_wpcf7\" value=\"19306\" \/>\n<input type=\"hidden\" name=\"_wpcf7_version\" value=\"6.0.1\" \/>\n<input type=\"hidden\" name=\"_wpcf7_locale\" value=\"pt_BR\" \/>\n<input type=\"hidden\" name=\"_wpcf7_unit_tag\" value=\"wpcf7-f19306-o1\" \/>\n<input type=\"hidden\" name=\"_wpcf7_container_post\" value=\"0\" \/>\n<input type=\"hidden\" name=\"_wpcf7_posted_data_hash\" value=\"\" \/>\n<input type=\"hidden\" name=\"_wpcf7cf_hidden_group_fields\" value=\"[]\" \/>\n<input type=\"hidden\" name=\"_wpcf7cf_hidden_groups\" value=\"[]\" \/>\n<input type=\"hidden\" name=\"_wpcf7cf_visible_groups\" value=\"[]\" \/>\n<input type=\"hidden\" name=\"_wpcf7cf_repeaters\" value=\"[]\" \/>\n<input type=\"hidden\" name=\"_wpcf7cf_steps\" value=\"{}\" \/>\n<input type=\"hidden\" name=\"_wpcf7cf_options\" value=\"{&quot;form_id&quot;:19306,&quot;conditions&quot;:[],&quot;settings&quot;:{&quot;animation&quot;:&quot;yes&quot;,&quot;animation_intime&quot;:200,&quot;animation_outtime&quot;:200,&quot;conditions_ui&quot;:&quot;normal&quot;,&quot;notice_dismissed&quot;:false,&quot;notice_dismissed_update-cf7-5.7.5.1&quot;:true,&quot;notice_dismissed_rollback-cf7-5.8.1&quot;:true}}\" \/>\n<input type=\"hidden\" name=\"_wpcf7_recaptcha_response\" value=\"\" \/>\n<\/div>\n<p>DADOS PESSOAIS\n<\/p>\n<p>Nome completo:<br \/>\n<span class=\"wpcf7-form-control-wrap\" data-name=\"nome-completo\"><input size=\"40\" maxlength=\"400\" class=\"wpcf7-form-control wpcf7-text wpcf7-validates-as-required\" aria-required=\"true\" aria-invalid=\"false\" value=\"\" type=\"text\" name=\"nome-completo\" \/><\/span>\n<\/p>\n<p>Data de nascimento:<br \/>\n<span class=\"wpcf7-form-control-wrap\" data-name=\"data-nascimento\"><input class=\"wpcf7-form-control wpcf7-date wpcf7-validates-as-required wpcf7-validates-as-date\" aria-required=\"true\" aria-invalid=\"false\" value=\"\" type=\"date\" name=\"data-nascimento\" \/><\/span>\n<\/p>\n<p>Idade:<br \/>\n<span class=\"wpcf7-form-control-wrap\" data-name=\"idade\"><input class=\"wpcf7-form-control wpcf7-number wpcf7-validates-as-required wpcf7-validates-as-number\" min=\"18\" max=\"35\" aria-required=\"true\" aria-invalid=\"false\" value=\"\" type=\"number\" name=\"idade\" \/><\/span>\n<\/p>\n<p>Cidade e Estado onde reside:<br \/>\n<span class=\"wpcf7-form-control-wrap\" data-name=\"cidade-estado\"><input size=\"40\" maxlength=\"400\" class=\"wpcf7-form-control wpcf7-text wpcf7-validates-as-required\" aria-required=\"true\" aria-invalid=\"false\" value=\"\" type=\"text\" name=\"cidade-estado\" \/><\/span>\n<\/p>\n<p>Telefone (com DDD):<br \/>\n<span class=\"wpcf7-form-control-wrap\" data-name=\"telefone\"><input size=\"40\" maxlength=\"400\" class=\"wpcf7-form-control wpcf7-tel wpcf7-validates-as-required wpcf7-text wpcf7-validates-as-tel\" aria-required=\"true\" aria-invalid=\"false\" value=\"\" type=\"tel\" name=\"telefone\" \/><\/span>\n<\/p>\n<p>E-mail para contato:<br \/>\n<span class=\"wpcf7-form-control-wrap\" data-name=\"email-contato\"><input size=\"40\" maxlength=\"400\" class=\"wpcf7-form-control wpcf7-email wpcf7-validates-as-required wpcf7-text wpcf7-validates-as-email\" aria-required=\"true\" aria-invalid=\"false\" value=\"\" type=\"email\" name=\"email-contato\" \/><\/span>\n<\/p>\n<p>V\u00cdNCULO COM O SETOR AGROPECU\u00c1RIO\n<\/p>\n<p>Voc\u00ea \u00e9 (marque todas as op\u00e7\u00f5es que se aplicam):<br \/>\n<span class=\"wpcf7-form-control-wrap\" data-name=\"vinculo-agro\"><span class=\"wpcf7-form-control wpcf7-checkbox wpcf7-validates-as-required\"><span class=\"wpcf7-list-item first\"><input type=\"checkbox\" name=\"vinculo-agro[]\" value=\"Produtor(a) ou sucessor(a) rural\" \/><span class=\"wpcf7-list-item-label\">Produtor(a) ou sucessor(a) rural<\/span><\/span><span class=\"wpcf7-list-item\"><input type=\"checkbox\" name=\"vinculo-agro[]\" value=\"T\u00e9cnico(a) ou consultor(a)\" \/><span class=\"wpcf7-list-item-label\">T\u00e9cnico(a) ou consultor(a)<\/span><\/span><span class=\"wpcf7-list-item\"><input type=\"checkbox\" name=\"vinculo-agro[]\" value=\"Estudante universit\u00e1rio\" \/><span class=\"wpcf7-list-item-label\">Estudante universit\u00e1rio<\/span><\/span><span class=\"wpcf7-list-item\"><input type=\"checkbox\" name=\"vinculo-agro[]\" value=\"Estudante de ensino m\u00e9dio\" \/><span class=\"wpcf7-list-item-label\">Estudante de ensino m\u00e9dio<\/span><\/span><span class=\"wpcf7-list-item\"><input type=\"checkbox\" name=\"vinculo-agro[]\" value=\"Pesquisador(a)\/Professor(a)\" \/><span class=\"wpcf7-list-item-label\">Pesquisador(a)\/Professor(a)<\/span><\/span><span class=\"wpcf7-list-item\"><input type=\"checkbox\" name=\"vinculo-agro[]\" value=\"Empreendedor(a) ligado ao agro\" \/><span class=\"wpcf7-list-item-label\">Empreendedor(a) ligado ao agro<\/span><\/span><span class=\"wpcf7-list-item last\"><input type=\"checkbox\" name=\"vinculo-agro[]\" value=\"Outro\" \/><span class=\"wpcf7-list-item-label\">Outro<\/span><\/span><\/span><\/span>\n<\/p>\n<p>Descreva brevemente seu v\u00ednculo com o setor agropecu\u00e1rio:<br \/>\n<span class=\"wpcf7-form-control-wrap\" data-name=\"descricao-vinculo\"><textarea cols=\"40\" rows=\"4\" maxlength=\"2000\" class=\"wpcf7-form-control wpcf7-textarea wpcf7-validates-as-required\" aria-required=\"true\" aria-invalid=\"false\" name=\"descricao-vinculo\"><\/textarea><\/span>\n<\/p>\n<p>DOCUMENTOS OBRIGAT\u00d3RIOS (ANEXAR)\n<\/p>\n<p>Carta de inten\u00e7\u00e3o (PDF - m\u00e1ximo 1 p\u00e1gina):<br \/>\n<span class=\"wpcf7-form-control-wrap\" data-name=\"carta-intencao\"><input size=\"40\" class=\"wpcf7-form-control wpcf7-file wpcf7-validates-as-required\" accept=\".pdf\" aria-required=\"true\" aria-invalid=\"false\" type=\"file\" name=\"carta-intencao\" \/><\/span>\n<\/p>\n<p>TERMO DE RESPONSABILIDADE\n<\/p>\n<p><span class=\"wpcf7-form-control-wrap\" data-name=\"termo-responsabilidade\"><span class=\"wpcf7-form-control wpcf7-acceptance\"><span class=\"wpcf7-list-item\"><label><input type=\"checkbox\" name=\"termo-responsabilidade\" value=\"1\" aria-invalid=\"false\" \/><span class=\"wpcf7-list-item-label\">Declaro que as informa\u00e7\u00f5es prestadas s\u00e3o verdadeiras e que estou de acordo com as normas do\nEdital.<\/span><\/label><\/span><\/span><\/span>\n<\/p>\n<p><input class=\"wpcf7-form-control wpcf7-submit has-spinner\" type=\"submit\" value=\"Enviar Inscri\u00e7\u00e3o\" \/>\n<\/p><div class=\"wpcf7-response-output\" aria-hidden=\"true\"><\/div>\n<\/form>\n<\/div>\n\n","protected":false},"excerpt":{"rendered":"<p>EDITAL_N_0012025_FAEC_ JOVEM_FLUXO_CONTINUO_assinado \ufeff\ufeff &nbsp;<\/p>\n","protected":false},"author":1,"featured_media":19315,"parent":0,"menu_order":0,"comment_status":"closed","ping_status":"closed","template":"","meta":{"footnotes":"","_links_to":"","_links_to_target":""},"class_list":["post-19303","page","type-page","status-publish","has-post-thumbnail","czr-hentry"],"aioseo_notices":[],"_links":{"self":[{"href":"https:\/\/faec.org.br\/sistema\/wp-json\/wp\/v2\/pages\/19303","targetHints":{"allow":["GET"]}}],"collection":[{"href":"https:\/\/faec.org.br\/sistema\/wp-json\/wp\/v2\/pages"}],"about":[{"href":"https:\/\/faec.org.br\/sistema\/wp-json\/wp\/v2\/types\/page"}],"author":[{"embeddable":true,"href":"https:\/\/faec.org.br\/sistema\/wp-json\/wp\/v2\/users\/1"}],"replies":[{"embeddable":true,"href":"https:\/\/faec.org.br\/sistema\/wp-json\/wp\/v2\/comments?post=19303"}],"version-history":[{"count":2,"href":"https:\/\/faec.org.br\/sistema\/wp-json\/wp\/v2\/pages\/19303\/revisions"}],"predecessor-version":[{"id":19307,"href":"https:\/\/faec.org.br\/sistema\/wp-json\/wp\/v2\/pages\/19303\/revisions\/19307"}],"wp:featuredmedia":[{"embeddable":true,"href":"https:\/\/faec.org.br\/sistema\/wp-json\/wp\/v2\/media\/19315"}],"wp:attachment":[{"href":"https:\/\/faec.org.br\/sistema\/wp-json\/wp\/v2\/media?parent=19303"}],"curies":[{"name":"wp","href":"https:\/\/api.w.org\/{rel}","templated":true}]}}