{"id":17544,"date":"2024-09-13T09:03:16","date_gmt":"2024-09-13T12:03:16","guid":{"rendered":"https:\/\/faec.org.br\/sistema\/?page_id=17544"},"modified":"2024-09-13T10:49:25","modified_gmt":"2024-09-13T13:49:25","slug":"programa-forrageiras-do-ceara","status":"publish","type":"page","link":"https:\/\/faec.org.br\/sistema\/programa-forrageiras-do-ceara\/","title":{"rendered":"Programa Forrageiras do Cear\u00e1"},"content":{"rendered":"<p><img loading=\"lazy\" decoding=\"async\" class=\"aligncenter wp-image-17541\" src=\"http:\/\/faec.org.br\/sistema\/wp-content\/uploads\/2024\/09\/Topo-Forrageiras-2048x515.png\" alt=\"\" width=\"984\" height=\"247\" srcset=\"https:\/\/faec.org.br\/sistema\/wp-content\/uploads\/2024\/09\/Topo-Forrageiras-2048x515.png 2048w, https:\/\/faec.org.br\/sistema\/wp-content\/uploads\/2024\/09\/Topo-Forrageiras-300x75.png 300w, https:\/\/faec.org.br\/sistema\/wp-content\/uploads\/2024\/09\/Topo-Forrageiras-768x193.png 768w, https:\/\/faec.org.br\/sistema\/wp-content\/uploads\/2024\/09\/Topo-Forrageiras-1536x386.png 1536w, https:\/\/faec.org.br\/sistema\/wp-content\/uploads\/2024\/09\/Topo-Forrageiras-24x6.png 24w, https:\/\/faec.org.br\/sistema\/wp-content\/uploads\/2024\/09\/Topo-Forrageiras-36x9.png 36w, https:\/\/faec.org.br\/sistema\/wp-content\/uploads\/2024\/09\/Topo-Forrageiras-48x12.png 48w\" sizes=\"auto, (max-width: 984px) 100vw, 984px\" \/><\/p>\n<p style=\"text-align: justify;\">O Sistema FAEC\/SENAR-AR\/CE abre o credenciamento de poss\u00edveis fornecedores de sementes e\/ou mudas para implanta\u00e7\u00e3o de 2000 ha do Programa Forrageiras do Cear\u00e1. O objetivo do programa \u201cPrograma Forrageiras do Cear\u00e1\u201d \u00e9 ampliar a oferta de forragem em pequenas e m\u00e9dias propriedades rurais por meio da implanta\u00e7\u00e3o de pr\u00e1ticas de cultivo e do uso de plantas forrageiras adaptadas ao semi\u00e1rido, visando \u00e0 viabiliza\u00e7\u00e3o e manuten\u00e7\u00e3o de pequenos e m\u00e9dios neg\u00f3cios agropecu\u00e1rios no estado do Cear\u00e1.<\/p>\n<p>As sementes ou mudas necess\u00e1rias para atender ao programa s\u00e3o as seguintes:<\/p>\n<ul>\n<li>Palma orelha de elefante mexicana (OEM)<\/li>\n<li>Mandioca Pretinha<\/li>\n<li>Sorgo BRS 658<\/li>\n<li>Capim-massai<\/li>\n<li>BRS Capia\u00e7u<\/li>\n<li>Gliricidia<\/li>\n<li>Milho BRS 2022<\/li>\n<\/ul>\n<p style=\"text-align: justify;\">Os interessados no fornecimento destes materiais devem clicar no link\u00a0<a href=\"https:\/\/forms.gle\/BBdpoj8NwUTkk4Q6A\" target=\"_blank\" rel=\"noopener\" data-saferedirecturl=\"https:\/\/www.google.com\/url?q=https:\/\/forms.gle\/BBdpoj8NwUTkk4Q6A&amp;source=gmail&amp;ust=1726315216985000&amp;usg=AOvVaw2ki0YLaWcmdSRJvVNBhonv\">https:\/\/forms.gle\/<wbr \/>BBdpoj8NwUTkk4Q6A<\/a>, preencher todos os dados e declarar que est\u00e3o aptos e de acordo com as condi\u00e7\u00f5es estabelecidas.<\/p>\n","protected":false},"excerpt":{"rendered":"<p>O Sistema FAEC\/SENAR-AR\/CE abre o credenciamento de poss\u00edveis fornecedores de sementes e\/ou mudas para implanta\u00e7\u00e3o de 2000 ha do Programa Forrageiras do Cear\u00e1. O objetivo do programa \u201cPrograma Forrageiras do Cear\u00e1\u201d \u00e9 ampliar a oferta de forragem em pequenas e m\u00e9dias propriedades rurais por meio da implanta\u00e7\u00e3o de pr\u00e1ticas de cultivo e do uso de [&hellip;]<\/p>\n","protected":false},"author":1,"featured_media":17552,"parent":0,"menu_order":0,"comment_status":"closed","ping_status":"closed","template":"","meta":{"footnotes":"","_links_to":"","_links_to_target":""},"class_list":["post-17544","page","type-page","status-publish","has-post-thumbnail","czr-hentry"],"aioseo_notices":[],"_links":{"self":[{"href":"https:\/\/faec.org.br\/sistema\/wp-json\/wp\/v2\/pages\/17544","targetHints":{"allow":["GET"]}}],"collection":[{"href":"https:\/\/faec.org.br\/sistema\/wp-json\/wp\/v2\/pages"}],"about":[{"href":"https:\/\/faec.org.br\/sistema\/wp-json\/wp\/v2\/types\/page"}],"author":[{"embeddable":true,"href":"https:\/\/faec.org.br\/sistema\/wp-json\/wp\/v2\/users\/1"}],"replies":[{"embeddable":true,"href":"https:\/\/faec.org.br\/sistema\/wp-json\/wp\/v2\/comments?post=17544"}],"version-history":[{"count":4,"href":"https:\/\/faec.org.br\/sistema\/wp-json\/wp\/v2\/pages\/17544\/revisions"}],"predecessor-version":[{"id":17553,"href":"https:\/\/faec.org.br\/sistema\/wp-json\/wp\/v2\/pages\/17544\/revisions\/17553"}],"wp:featuredmedia":[{"embeddable":true,"href":"https:\/\/faec.org.br\/sistema\/wp-json\/wp\/v2\/media\/17552"}],"wp:attachment":[{"href":"https:\/\/faec.org.br\/sistema\/wp-json\/wp\/v2\/media?parent=17544"}],"curies":[{"name":"wp","href":"https:\/\/api.w.org\/{rel}","templated":true}]}}