{"id":8192,"date":"2018-09-05T12:03:11","date_gmt":"2018-09-05T15:03:11","guid":{"rendered":"http:\/\/senarce.org.br\/novo\/?page_id=8192"},"modified":"2018-09-05T12:03:11","modified_gmt":"2018-09-05T15:03:11","slug":"dados-dos-exercicios-anteriores","status":"publish","type":"page","link":"https:\/\/faec.org.br\/senar\/transparencia-2\/dados-dos-exercicios-anteriores\/","title":{"rendered":"Dados dos Exerc\u00edcios Anteriores"},"content":{"rendered":"<p><strong>Relat\u00f3rios de Gest\u00e3o<\/strong><\/p>\n<ul class=\"lista-simples\">\n<li><a href=\"http:\/\/faec.org.br\/senar\/wp-content\/uploads\/2018\/06\/Relat\u00f3rio-de-Gest\u00e3o-2015.pdf\" target=\"_blank\" rel=\"noopener\">Relat\u00f3rio de Gest\u00e3o 2015<\/a><\/li>\n<li><a href=\"http:\/\/faec.org.br\/senar\/wp-content\/uploads\/2018\/06\/Relat\u00f3rio-de-Gest\u00e3o-2016-1.pdf\" target=\"_blank\" rel=\"noopener\">Relat\u00f3rio de Gest\u00e3o 2016<\/a><\/li>\n<li><a href=\"http:\/\/faec.org.br\/senar\/wp-content\/uploads\/2018\/07\/Relatorio-de-Gestao-2017.pdf\" target=\"_blank\" rel=\"noopener\">Relat\u00f3rio de Gest\u00e3o 2017<\/a><\/li>\n<li><a href=\"http:\/\/faec.org.br\/senar\/wp-content\/uploads\/2019\/07\/RELAT\u00d3RIO-GESTAO-2018.pdf\" target=\"_blank\" rel=\"noopener\">Relat\u00f3rio de Gest\u00e3o 2018<\/a><\/li>\n<\/ul>\n","protected":false},"excerpt":{"rendered":"<p>Relat\u00f3rios de Gest\u00e3o Relat\u00f3rio de Gest\u00e3o 2015 Relat\u00f3rio de Gest\u00e3o 2016 Relat\u00f3rio de Gest\u00e3o 2017 Relat\u00f3rio de Gest\u00e3o 2018<\/p>\n","protected":false},"author":1,"featured_media":0,"parent":7150,"menu_order":0,"comment_status":"closed","ping_status":"closed","template":"","meta":{"footnotes":""},"class_list":["post-8192","page","type-page","status-publish","czr-hentry"],"_links":{"self":[{"href":"https:\/\/faec.org.br\/senar\/wp-json\/wp\/v2\/pages\/8192","targetHints":{"allow":["GET"]}}],"collection":[{"href":"https:\/\/faec.org.br\/senar\/wp-json\/wp\/v2\/pages"}],"about":[{"href":"https:\/\/faec.org.br\/senar\/wp-json\/wp\/v2\/types\/page"}],"author":[{"embeddable":true,"href":"https:\/\/faec.org.br\/senar\/wp-json\/wp\/v2\/users\/1"}],"replies":[{"embeddable":true,"href":"https:\/\/faec.org.br\/senar\/wp-json\/wp\/v2\/comments?post=8192"}],"version-history":[{"count":0,"href":"https:\/\/faec.org.br\/senar\/wp-json\/wp\/v2\/pages\/8192\/revisions"}],"up":[{"embeddable":true,"href":"https:\/\/faec.org.br\/senar\/wp-json\/wp\/v2\/pages\/7150"}],"wp:attachment":[{"href":"https:\/\/faec.org.br\/senar\/wp-json\/wp\/v2\/media?parent=8192"}],"curies":[{"name":"wp","href":"https:\/\/api.w.org\/{rel}","templated":true}]}}