{"id":401,"date":"2022-01-13T14:20:22","date_gmt":"2022-01-13T17:20:22","guid":{"rendered":"http:\/\/localhost\/faecsenarsinrural\/?page_id=401"},"modified":"2024-02-26T10:09:43","modified_gmt":"2024-02-26T13:09:43","slug":"nossa-estrutura","status":"publish","type":"page","link":"https:\/\/faec.org.br\/senar\/nossa-estrutura\/","title":{"rendered":"Nossa Estrutura"},"content":{"rendered":"<p style=\"text-align: justify;\">O SENAR-CE \u00e9 administrado por um Conselho Administrativo formado por representantes dos produtores, dos trabalhadores e das classes produtivas, sendo presidido pelo presidente da Federa\u00e7\u00e3o da Agricultura do Estado do Cear\u00e1 \u2013 FAEC, que \u00e9 o seu presidente nato. Atualmente o Conselho Administrativo possui representantes do SENAR Administra\u00e7\u00e3o Central, da Federa\u00e7\u00e3o dos Trabalhadores na Agricultura do Estado do Cear\u00e1 \u2013 FETRAECE, da Organiza\u00e7\u00e3o das Cooperativas Brasileiras \u2013 OCB e representante dos produtores rurais.<\/p>\n<div id=\"sp-ea-15686\" class=\"sp-ea-one sp-easy-accordion\" data-ex-icon=\"fa-minus\" data-col-icon=\"fa-plus\"  data-ea-active=\"ea-click\"  data-ea-mode=\"vertical\" data-preloader=\"\"><div class=\"ea-card  sp-ea-single\"><h3 class=\"ea-header\"><a class=\"collapsed\" data-sptoggle=\"spcollapse\" data-sptarget=#collapse156860 href=\"javascript:void(0)\" aria-expanded=\"false\"><i class=\"ea-expand-icon fa fa-plus\"><\/i> Conselho Administrativo   <\/a><\/h3><div class=\"sp-collapse spcollapse spcollapse\" id=\"collapse156860\" data-parent=#sp-ea-15686><div class=\"ea-body\"><p><strong>CONSELHO ADMINISTRATIVO<\/strong><\/p>\n<p>\u00a0<\/p>\n<p><strong>PRESIDENTE: Jos\u00e9 Amilcar de Ara\u00fajo Silveira<\/strong><\/p>\n<p><strong>e-mail: <\/strong><a href=\"mailto:presi@faec.org.br\">presi@faec.org.br<\/a><strong>\u00a0 \u00a0\u00a0<\/strong><\/p>\n<p><strong>\u00a0<\/strong><\/p>\n<p><strong>Conselheiros Titulares<\/strong><\/p>\n<p><strong>\u00a0<\/strong><\/p>\n<p><strong>Daniel Kl\u00fcppel Carrara<\/strong> \u2013 Representante do SENAR Administra\u00e7\u00e3o Central<\/p>\n<p>e-mail: <a href=\"mailto:senar.gabinete@senar.org.br\">senar.gabinete@senar.org.br<\/a><\/p>\n<p><strong>\u00a0<\/strong><\/p>\n<p><strong>Raimundo Martins Pereira<\/strong> \u2013 Representante da FETRAECE<\/p>\n<p>e-mail: <a href=\"mailto:rmartins5@hotmail.com\">rmartins5@hotmail.com<\/a><\/p>\n<p><strong>\u00a0<\/strong><\/p>\n<p><strong>Jos\u00e9 Arilo Carneiro Pereira<\/strong> \u2013 Representante da OCB\/CE<\/p>\n<p>e-mail: <a href=\"mailto:arilo.carneiro@ocbce.coop.br\">arilo.carneiro@ocbce.coop.br<\/a><\/p>\n<p><strong>\u00a0<\/strong><\/p>\n<p><strong>Cristiano Peixoto Maia<\/strong> \u2013 Representante Classe Produtor Rural<\/p>\n<p>e-mail: <a href=\"mailto:cristianopeixotomaia@hotmail.com\">cristianopeixotomaia@hotmail.com<\/a><\/p>\n<p>\u00a0<\/p>\n<p><strong>Conselheiros Suplentes<\/strong><\/p>\n<p>\u00a0<\/p>\n<p><strong>Jo\u00e3o Batista da Silva<\/strong> - Representante do SENAR Administra\u00e7\u00e3o Central<\/p>\n<p>e-mail: <a href=\"mailto:joao.batista@senar.org.br\">joao.batista@senar.org.br<\/a><\/p>\n<p>\u00a0<\/p>\n<p><strong>Francisco de Assis Teixeira de Sousa<\/strong> \u2013 Representante da FETRAECE<br \/>\ne-mail: <a href=\"mailto:diassis.sousa@hotmail.com\">diassis.sousa@hotmail.com<\/a><\/p>\n<p><span style=\"text-decoration: line-through\">\u00a0<\/span><\/p>\n<p><strong>Andr\u00e9 Luiz Moreira Fontenelle -<\/strong> Representante da OCB\/CE<\/p>\n<p>e-mail: <a href=\"mailto:andreadv@gmail.com\">andreadv@gmail.com<\/a><\/p>\n<p>\u00a0<\/p>\n<p><strong>Jos\u00e9 Antunes Fonseca da Mota - <\/strong>Representante Classe Produtor Rural<\/p>\n<p>e-mail: <a href=\"mailto:sindlacticinios@sfiec.org.br\">sindlacticinios@sfiec.org.br<\/a><\/p>\n<\/div><\/div><\/div><div class=\"ea-card  sp-ea-single\"><h3 class=\"ea-header\"><a class=\"collapsed\" data-sptoggle=\"spcollapse\" data-sptarget=#collapse156861 href=\"javascript:void(0)\" aria-expanded=\"false\"><i class=\"ea-expand-icon fa fa-plus\"><\/i> Conselho Fiscal Regional <\/a><\/h3><div class=\"sp-collapse spcollapse spcollapse\" id=\"collapse156861\" data-parent=#sp-ea-15686><div class=\"ea-body\"><p><strong>CONSELHO FISCAL<\/strong><\/p>\n<p><strong>Conselheiros Titulares<\/strong><\/p>\n<p><strong>Wildson Cabral Santos<\/strong> \u2013 Representante do SENAR Administra\u00e7\u00e3o Central<\/p>\n<p>e-mail: <a href=\"mailto:wildson.santos@senar.org.br\">wildson.santos@senar.org.br<\/a><\/p>\n<p><strong>Luiz Carlos Ribeiro de Lima<\/strong> \u2013 Representante da FETRAECE<\/p>\n<p>e-mail: <a href=\"mailto:luizcarlos@fetraece.org.br\">luizcarlos@fetraece.org.br<\/a><\/p>\n<p><strong>Maria do Socorro Correia Silva<\/strong> \u2013 Representante da FAEC<\/p>\n<p>e-mail: <a href=\"mailto:socorro@faec.org.br\">socorro@faec.org.br<\/a><\/p>\n<p><strong>Conselheiros Suplentes<\/strong><\/p>\n<p><strong>\u00a0<\/strong><\/p>\n<p><strong>Lucas Magno Costa <\/strong>\u2013 Representante do SENAR Administra\u00e7\u00e3o Central<\/p>\n<p>e-mail:\u00a0<a href=\"mailto:lucas.costa@senar.org.br\">lucas.costa@senar.org.br<\/a><\/p>\n<p><strong>\u00a0<\/strong><\/p>\n<p><strong>Milena Magalhaes Camelo<\/strong> \u2013 Representante da FETRAECE<\/p>\n<p>e-mail: <a href=\"mailto:milena.camelo@fetraece.org.br\">milena.camelo@fetraece.org.br<\/a><\/p>\n<p><strong>Ricardo Bezerra Nunes<\/strong> \u2013 Representante da FAEC<\/p>\n<p>e-mail: <a href=\"mailto:ricardosindicatorural@gmail.com\">ricardosindicatorural@gmail.com<\/a><\/p>\n<\/div><\/div><\/div><div class=\"ea-card  sp-ea-single\"><h3 class=\"ea-header\"><a class=\"collapsed\" data-sptoggle=\"spcollapse\" data-sptarget=#collapse156862 href=\"javascript:void(0)\" aria-expanded=\"false\"><i class=\"ea-expand-icon fa fa-plus\"><\/i> Cargos de Confian\u00e7a<\/a><\/h3><div class=\"sp-collapse spcollapse spcollapse\" id=\"collapse156862\" data-parent=#sp-ea-15686><div class=\"ea-body\"><p><strong>CARGOS DE CONFIAN\u00c7A<\/strong><\/p>\n<p><strong>S\u00e9rgio Oliveira da Silva <\/strong>- Superintendente<\/p>\n<p>e-mail: <a href=\"mailto:super@senarce.org.br\">super@senarce.org.br<\/a><\/p>\n<p><strong>Ana Kelly Claudio Gon\u00e7alves \u2013 Diretora T\u00e9cnica<\/strong><\/p>\n<p><strong>e-mail: <\/strong><a href=\"mailto:kellyclaudio@senarce.org.br\">kellyclaudio@senarce.org.br<\/a><\/p>\n<p><strong>Jorge Torres Vieira de Azevedo\u2013 Diretor Administrativo-Financeiro<\/strong><\/p>\n<p><strong>e-mail: <\/strong><a href=\"mailto:jorge@senarce.org.br\">jorge@senarce.org.br<\/a><\/p>\n<p><strong>ASSESSORES JUR\u00cdDICOS:<\/strong><\/p>\n<p><strong>Raimundo Feitosa Carvalho Gomes<\/strong>\u00a0\u2013\u00a0<a href=\"mailto:rfeitosa@senarce.org.br\">rfeitosa@senarce.org.br<\/a><\/p>\n<p><strong>Jussara Dias Soares<\/strong>\u00a0\u2013\u00a0<a href=\"mailto:jussara@senarce.org.br\">jussara@senarce.org.br<\/a><\/p>\n<\/div><\/div><\/div><div class=\"ea-card  sp-ea-single\"><h3 class=\"ea-header\"><a class=\"collapsed\" data-sptoggle=\"spcollapse\" data-sptarget=#collapse156863 href=\"javascript:void(0)\" aria-expanded=\"false\"><i class=\"ea-expand-icon fa fa-plus\"><\/i> Coordena\u00e7\u00e3o<\/a><\/h3><div class=\"sp-collapse spcollapse spcollapse\" id=\"collapse156863\" data-parent=#sp-ea-15686><div class=\"ea-body\"><p><strong>COORDENA\u00c7\u00d5ES<\/strong><\/p>\n<p><strong>Henrique Matias de Paula Neto<\/strong> - Coordenador de Forma\u00e7\u00e3o Profissional Rural e Promo\u00e7\u00e3o Social \u2013 FPR\/PS<\/p>\n<p>e-mail: <a href=\"mailto:henrique@senarce.org.br\">henrique@senarce.org.br<\/a><\/p>\n<p><strong>Carolina Machado<\/strong>\u00a0-\u00a0Coordenadora de Assist\u00eancia T\u00e9cnica e Gerencial \u2013 ATeG e-mail: <a href=\"mailto:carolinamachado@senarce.org.br\">roberta@senarce.org.br<\/a><\/p>\n<p><strong>Francisca Ivonisa Holanda de Oliveira<\/strong>\u00a0\u2013\u00a0Coordenadora de Arrecada\u00e7\u00e3o<\/p>\n<p>e-mail: <a href=\"mailto:ivonisa@senarce.org.br\">ivonisa@senarce.org.br<\/a><\/p>\n<p><strong>Daniel Moares da Silva<\/strong>\u00a0\u2013\u00a0Coordenador de Compras e Patrim\u00f4nio<\/p>\n<p>e-mail: <a href=\"mailto:daniel@senarce.org.br\">daniel@senarce.org.br<\/a><\/p>\n<p><strong>Ticiana Sales de Lima Costa<\/strong>\u00a0\u2013\u00a0Coordenadora de Contabilidade<\/p>\n<p>e-mail: <a href=\"mailto:douglas@senarce.org.br\">ticiana@senarce.org.br<\/a><\/p>\n<p><strong>Douglas Monteiro Alves da Silva<\/strong>\u00a0\u2013\u00a0Coordenador de Execu\u00e7\u00e3o Financeira<\/p>\n<p>e-mail: <a href=\"mailto:douglas@senarce.org.br\">douglas@senarce.org.br<\/a><\/p>\n<p><strong>Luciana Cavalcanti Lacerda<\/strong>\u00a0\u2013\u00a0Coordenadora de Recursos Humanos<\/p>\n<p>e-mail: <a href=\"mailto:luciana@senarce.org.br\">luciana@senarce.org.br<\/a><\/p>\n<p><strong>Brunno Linhares Rezende de Carvalho\u00a0<\/strong>\u2013\u00a0Coordenador de Tecnologia da Informa\u00e7\u00e3o<\/p>\n<p>e-mail: <a href=\"mailto:douglas@senarce.org.br\">brunno@senarce.org.br<\/a><\/p>\n<\/div><\/div><\/div><\/div>\n<p><img loading=\"lazy\" decoding=\"async\" class=\"aligncenter size-large wp-image-15687\" src=\"http:\/\/faec.org.br\/senar\/wp-content\/uploads\/2022\/03\/ORGANOGRAMA-FUNCIONAL-ATUALIZADO-2020-1007x1080.jpg\" alt=\"\" width=\"1007\" height=\"1080\" srcset=\"https:\/\/faec.org.br\/senar\/wp-content\/uploads\/2022\/03\/ORGANOGRAMA-FUNCIONAL-ATUALIZADO-2020-1007x1080.jpg 1007w, https:\/\/faec.org.br\/senar\/wp-content\/uploads\/2022\/03\/ORGANOGRAMA-FUNCIONAL-ATUALIZADO-2020-280x300.jpg 280w, https:\/\/faec.org.br\/senar\/wp-content\/uploads\/2022\/03\/ORGANOGRAMA-FUNCIONAL-ATUALIZADO-2020-768x823.jpg 768w, https:\/\/faec.org.br\/senar\/wp-content\/uploads\/2022\/03\/ORGANOGRAMA-FUNCIONAL-ATUALIZADO-2020-1433x1536.jpg 1433w, https:\/\/faec.org.br\/senar\/wp-content\/uploads\/2022\/03\/ORGANOGRAMA-FUNCIONAL-ATUALIZADO-2020-1910x2048.jpg 1910w, https:\/\/faec.org.br\/senar\/wp-content\/uploads\/2022\/03\/ORGANOGRAMA-FUNCIONAL-ATUALIZADO-2020-22x24.jpg 22w, https:\/\/faec.org.br\/senar\/wp-content\/uploads\/2022\/03\/ORGANOGRAMA-FUNCIONAL-ATUALIZADO-2020-34x36.jpg 34w, https:\/\/faec.org.br\/senar\/wp-content\/uploads\/2022\/03\/ORGANOGRAMA-FUNCIONAL-ATUALIZADO-2020-45x48.jpg 45w\" sizes=\"auto, (max-width: 1007px) 100vw, 1007px\" \/><\/p>\n","protected":false},"excerpt":{"rendered":"<p>O SENAR-CE \u00e9 administrado por um Conselho Administrativo formado por representantes dos produtores, dos trabalhadores e das classes produtivas, sendo presidido pelo presidente da Federa\u00e7\u00e3o da Agricultura do Estado do Cear\u00e1 \u2013 FAEC, que \u00e9 o seu presidente nato. Atualmente o Conselho Administrativo possui representantes do SENAR Administra\u00e7\u00e3o Central, da Federa\u00e7\u00e3o dos Trabalhadores na Agricultura [&hellip;]<\/p>\n","protected":false},"author":1,"featured_media":0,"parent":0,"menu_order":0,"comment_status":"closed","ping_status":"closed","template":"","meta":{"footnotes":""},"class_list":["post-401","page","type-page","status-publish","czr-hentry"],"_links":{"self":[{"href":"https:\/\/faec.org.br\/senar\/wp-json\/wp\/v2\/pages\/401","targetHints":{"allow":["GET"]}}],"collection":[{"href":"https:\/\/faec.org.br\/senar\/wp-json\/wp\/v2\/pages"}],"about":[{"href":"https:\/\/faec.org.br\/senar\/wp-json\/wp\/v2\/types\/page"}],"author":[{"embeddable":true,"href":"https:\/\/faec.org.br\/senar\/wp-json\/wp\/v2\/users\/1"}],"replies":[{"embeddable":true,"href":"https:\/\/faec.org.br\/senar\/wp-json\/wp\/v2\/comments?post=401"}],"version-history":[{"count":5,"href":"https:\/\/faec.org.br\/senar\/wp-json\/wp\/v2\/pages\/401\/revisions"}],"predecessor-version":[{"id":17069,"href":"https:\/\/faec.org.br\/senar\/wp-json\/wp\/v2\/pages\/401\/revisions\/17069"}],"wp:attachment":[{"href":"https:\/\/faec.org.br\/senar\/wp-json\/wp\/v2\/media?parent=401"}],"curies":[{"name":"wp","href":"https:\/\/api.w.org\/{rel}","templated":true}]}}