{"id":2006,"date":"2013-12-05T09:24:47","date_gmt":"2013-12-05T12:24:47","guid":{"rendered":"http:\/\/senarce.org.br\/novo\/?page_id=2006"},"modified":"2013-12-05T09:24:47","modified_gmt":"2013-12-05T12:24:47","slug":"o-que-e-o-pronatec","status":"publish","type":"page","link":"https:\/\/faec.org.br\/senar\/pronatec\/o-que-e-o-pronatec\/","title":{"rendered":"O que \u00e9 o Pronatec?"},"content":{"rendered":"<h2><span style=\"color: #194722;\">O que \u00e9 o Pronatec?<\/span><\/h2>\n<div><\/div>\n<p>O Programa Nacional de Acesso ao Ensino T\u00e9cnico e Emprego (Pronatec) foi criado pelo Governo Federal, em 2011, com o objetivo de ampliar a oferta de cursos de educa\u00e7\u00e3o profissional e tecnol\u00f3gica.<\/p>\n<p>&nbsp;<\/p>\n<h2><span style=\"color: #194722;\">Objetivos e Iniciativas<\/span><\/h2>\n<div><\/div>\n<p><strong>Objetivos:<\/strong><\/p>\n<ul>\n<li>expandir, interiorizar e democratizar a oferta de cursos de educa\u00e7\u00e3o profissional t\u00e9cnica de n\u00edvel m\u00e9dio e de cursos de forma\u00e7\u00e3o inicial e continuada ou qualifica\u00e7\u00e3o profissional presencial e a dist\u00e2ncia;<\/li>\n<li>construir, reformar e ampliar as escolas que ofertam educa\u00e7\u00e3o profissional e tecnol\u00f3gica nas redes estaduais;<\/li>\n<li>aumentar as oportunidades educacionais aos trabalhadores por meio de cursos de forma\u00e7\u00e3o inicial e continuada ou qualifica\u00e7\u00e3o profissional;<\/li>\n<li>aumentar a quantidade de recursos pedag\u00f3gicos para apoiar a oferta de educa\u00e7\u00e3o profissional e tecnol\u00f3gica;<\/li>\n<li>melhorar a qualidade do ensino m\u00e9dio.<\/li>\n<\/ul>\n<p><strong>O Pronatec envolve um conjunto de iniciativas:<\/strong><\/p>\n<ul>\n<li><a href=\"http:\/\/redefederal.mec.gov.br\/\" target=\"_blank\" rel=\"noopener\">Expans\u00e3o da Rede Federal<\/a><br \/>\nA Rede Federal de Educa\u00e7\u00e3o Profissional, Cient\u00edfica e Tecnol\u00f3gica est\u00e1 presente em todos os estados brasileiros, com mais de 350 unidades em funcionamento, oferecendo cursos de forma\u00e7\u00e3o inicial e continuada,\u00a0 t\u00e9cnicos, superiores de tecnologia, licenciaturas e programas de p\u00f3s-gradua\u00e7\u00e3o.<\/li>\n<\/ul>\n<ul>\n<li><a href=\"http:\/\/portal.mec.gov.br\/index.php?option=com_content&amp;view=article&amp;id=12325&amp;Itemid=663\" target=\"_blank\" rel=\"noopener\">Programa Brasil Profissionalizado<\/a><br \/>\nO Programa Brasil Profissionalizado destina-se \u00e0 amplia\u00e7\u00e3o da oferta e ao fortalecimento da educa\u00e7\u00e3o profissional e tecnol\u00f3gica integrada ao ensino m\u00e9dio nas redes estaduais, em parceria com o Governo Federal.<\/li>\n<\/ul>\n<ul>\n<li><a href=\"http:\/\/redeetec.mec.gov.br\/\" target=\"_blank\" rel=\"noopener\">Rede e-TecBrasil<\/a><br \/>\nNa Rede e-Tec Brasil s\u00e3o oferecidos gratuitamente cursos t\u00e9cnicos e de forma\u00e7\u00e3o inicial e continuada ou de qualifica\u00e7\u00e3o profissional, na modalidade a dist\u00e2ncia. Poder\u00e3o oferecer cursos a dist\u00e2ncia as institui\u00e7\u00f5es da Rede Federal de Educa\u00e7\u00e3o Profissional, Cient\u00edfica e Tecnol\u00f3gica; as unidades de ensino dos servi\u00e7os nacionais de aprendizagem (<abbr title=\"Servi\u00e7o Nacional de Aprendizagem Industrial\">SENAI<\/abbr>,<abbr title=\"Servi\u00e7o Nacional de Aprendizagem Comercial\">SENAC<\/abbr>,\u00a0<abbr title=\"Servi\u00e7o Nacional de Aprendizagem Rural\">SENAR<\/abbr>\u00a0e\u00a0<abbr title=\"Servi\u00e7o Nacional de Aprendizagem do Transporte\">SENAT<\/abbr>); e institui\u00e7\u00f5es de educa\u00e7\u00e3o profissional vinculadas aos sistemas estaduais de ensino.<\/li>\n<\/ul>\n<ul>\n<li><a href=\"http:\/\/portal.mec.gov.br\/index.php?option=com_content&amp;task=view&amp;id=10913\" target=\"_blank\" rel=\"noopener\">Acordo de Gratuidade com os Servi\u00e7os Nacionais de Aprendizagem<\/a><br \/>\nO Acordo de Gratuidade tem por objetivo ampliar, progressivamente, a aplica\u00e7\u00e3o dos recursos do\u00a0<abbr title=\"Servi\u00e7o Nacional de Aprendizagem Industrial\">SENAI<\/abbr>, do\u00a0<abbr title=\"Servi\u00e7o Nacional de Aprendizagem Comercial\">SENAC<\/abbr>, do\u00a0<abbr title=\"Servi\u00e7o Social do Com\u00e9rcio\">SESC<\/abbr>\u00a0e do\u00a0<abbr title=\"Servi\u00e7o Social da Ind\u00fastria\">SESI<\/abbr>, recebidos da contribui\u00e7\u00e3o compuls\u00f3ria, em cursos t\u00e9cnicos e de forma\u00e7\u00e3o inicial e continuada ou de qualifica\u00e7\u00e3o profissional, em vagas gratuitas destinadas a pessoas de baixa renda, com prioridade para estudantes e trabalhadores.<\/li>\n<\/ul>\n<ul>\n<li><a href=\"http:\/\/sisfiestecnico.mec.gov.br\/\" target=\"_blank\" rel=\"noopener\"><abbr title=\"Fundo de Financiamento Estudantil\">FIES<\/abbr>\u00a0T\u00e9cnico e Empresa<\/a><br \/>\nO FIES T\u00e9cnico tem como objetivo financiar cursos t\u00e9cnicos e cursos de forma\u00e7\u00e3o inicial e continuada ou de qualifica\u00e7\u00e3o profissional para estudantes e trabalhadores em escolas t\u00e9cnicas privadas e nos servi\u00e7os nacionais de aprendizagem \u2013 SENAI, SENAC, SENAT e SENAR. No FIES Empresa ser\u00e3o financiados cursos de forma\u00e7\u00e3o inicial e continuada para trabalhadores, inclusive no local de trabalho.<\/li>\n<\/ul>\n<ul>\n<li><a href=\"http:\/\/pronatec.mec.gov.br\/?page=hotsite\" target=\"_self\" rel=\"noopener\">Bolsa-Forma\u00e7\u00e3o<\/a><br \/>\nAl\u00e9m das iniciativas voltadas ao fortalecimento do trabalho das redes de educa\u00e7\u00e3o profissional e tecnol\u00f3gica existentes no pa\u00eds, o Pronatec criou a Bolsa-Forma\u00e7\u00e3o, por meio da qual ser\u00e3o oferecidos, gratuitamente, cursos t\u00e9cnicos para quem concluiu o Ensino M\u00e9dio e para estudantes matriculados no Ensino M\u00e9dio e cursos de forma\u00e7\u00e3o inicial e continuada ou qualifica\u00e7\u00e3o profissional.<\/li>\n<\/ul>\n","protected":false},"excerpt":{"rendered":"<p>O que \u00e9 o Pronatec? O Programa Nacional de Acesso ao Ensino T\u00e9cnico e Emprego (Pronatec) foi criado pelo Governo Federal, em 2011, com o objetivo de ampliar a oferta de cursos de educa\u00e7\u00e3o profissional e tecnol\u00f3gica. &nbsp; Objetivos e Iniciativas Objetivos: expandir, interiorizar e democratizar a oferta de cursos de educa\u00e7\u00e3o profissional t\u00e9cnica de [&hellip;]<\/p>\n","protected":false},"author":1,"featured_media":0,"parent":1974,"menu_order":0,"comment_status":"open","ping_status":"open","template":"","meta":{"footnotes":""},"class_list":["post-2006","page","type-page","status-publish","czr-hentry"],"_links":{"self":[{"href":"https:\/\/faec.org.br\/senar\/wp-json\/wp\/v2\/pages\/2006","targetHints":{"allow":["GET"]}}],"collection":[{"href":"https:\/\/faec.org.br\/senar\/wp-json\/wp\/v2\/pages"}],"about":[{"href":"https:\/\/faec.org.br\/senar\/wp-json\/wp\/v2\/types\/page"}],"author":[{"embeddable":true,"href":"https:\/\/faec.org.br\/senar\/wp-json\/wp\/v2\/users\/1"}],"replies":[{"embeddable":true,"href":"https:\/\/faec.org.br\/senar\/wp-json\/wp\/v2\/comments?post=2006"}],"version-history":[{"count":0,"href":"https:\/\/faec.org.br\/senar\/wp-json\/wp\/v2\/pages\/2006\/revisions"}],"up":[{"embeddable":true,"href":"https:\/\/faec.org.br\/senar\/wp-json\/wp\/v2\/pages\/1974"}],"wp:attachment":[{"href":"https:\/\/faec.org.br\/senar\/wp-json\/wp\/v2\/media?parent=2006"}],"curies":[{"name":"wp","href":"https:\/\/api.w.org\/{rel}","templated":true}]}}