{"id":1880,"date":"2013-10-25T14:12:13","date_gmt":"2013-10-25T17:12:13","guid":{"rendered":"http:\/\/senarce.org.br\/novo\/?page_id=1880"},"modified":"2013-10-25T14:12:13","modified_gmt":"2013-10-25T17:12:13","slug":"utero-e-vida-2013-jaguaretama","status":"publish","type":"page","link":"https:\/\/faec.org.br\/senar\/utero-e-vida-2013-jaguaretama\/","title":{"rendered":"\u00datero \u00e9 Vida 2013 &#8211; Jaguaretama"},"content":{"rendered":"<p>\u00datero \u00e9 Vida 2013 &#8211; Jaguaretama<br \/>\nLocalidade: Distrito Alegre<br \/>\nData: 26\/09\/2013<\/p>\n<p>[nggallery id=12]<\/p>\n","protected":false},"excerpt":{"rendered":"<p>\u00datero \u00e9 Vida 2013 &#8211; Jaguaretama Localidade: Distrito Alegre Data: 26\/09\/2013 [nggallery id=12]<\/p>\n","protected":false},"author":1,"featured_media":0,"parent":0,"menu_order":0,"comment_status":"open","ping_status":"open","template":"","meta":{"footnotes":""},"class_list":["post-1880","page","type-page","status-publish","czr-hentry"],"_links":{"self":[{"href":"https:\/\/faec.org.br\/senar\/wp-json\/wp\/v2\/pages\/1880","targetHints":{"allow":["GET"]}}],"collection":[{"href":"https:\/\/faec.org.br\/senar\/wp-json\/wp\/v2\/pages"}],"about":[{"href":"https:\/\/faec.org.br\/senar\/wp-json\/wp\/v2\/types\/page"}],"author":[{"embeddable":true,"href":"https:\/\/faec.org.br\/senar\/wp-json\/wp\/v2\/users\/1"}],"replies":[{"embeddable":true,"href":"https:\/\/faec.org.br\/senar\/wp-json\/wp\/v2\/comments?post=1880"}],"version-history":[{"count":0,"href":"https:\/\/faec.org.br\/senar\/wp-json\/wp\/v2\/pages\/1880\/revisions"}],"wp:attachment":[{"href":"https:\/\/faec.org.br\/senar\/wp-json\/wp\/v2\/media?parent=1880"}],"curies":[{"name":"wp","href":"https:\/\/api.w.org\/{rel}","templated":true}]}}