{"id":1859,"date":"2013-10-25T11:44:54","date_gmt":"2013-10-25T14:44:54","guid":{"rendered":"http:\/\/senarce.org.br\/novo\/?page_id=1859"},"modified":"2013-10-25T11:44:54","modified_gmt":"2013-10-25T14:44:54","slug":"utero-e-vida-2013-nova-russas","status":"publish","type":"page","link":"https:\/\/faec.org.br\/senar\/utero-e-vida-2013-nova-russas\/","title":{"rendered":"\u00datero \u00e9 Vida 2013 &#8211; Nova Russas"},"content":{"rendered":"<p>\u00datero \u00e9 Vida 2013 &#8211; Nova Russas<br \/>\nLocalidade: Distrito Canindezinho<br \/>\nData: 01\/08\/2013<\/p>\n<p>[nggallery id=11]<\/p>\n","protected":false},"excerpt":{"rendered":"<p>\u00datero \u00e9 Vida 2013 &#8211; Nova Russas Localidade: Distrito Canindezinho Data: 01\/08\/2013 [nggallery id=11]<\/p>\n","protected":false},"author":1,"featured_media":0,"parent":0,"menu_order":0,"comment_status":"open","ping_status":"open","template":"","meta":{"footnotes":""},"class_list":["post-1859","page","type-page","status-publish","czr-hentry"],"_links":{"self":[{"href":"https:\/\/faec.org.br\/senar\/wp-json\/wp\/v2\/pages\/1859","targetHints":{"allow":["GET"]}}],"collection":[{"href":"https:\/\/faec.org.br\/senar\/wp-json\/wp\/v2\/pages"}],"about":[{"href":"https:\/\/faec.org.br\/senar\/wp-json\/wp\/v2\/types\/page"}],"author":[{"embeddable":true,"href":"https:\/\/faec.org.br\/senar\/wp-json\/wp\/v2\/users\/1"}],"replies":[{"embeddable":true,"href":"https:\/\/faec.org.br\/senar\/wp-json\/wp\/v2\/comments?post=1859"}],"version-history":[{"count":0,"href":"https:\/\/faec.org.br\/senar\/wp-json\/wp\/v2\/pages\/1859\/revisions"}],"wp:attachment":[{"href":"https:\/\/faec.org.br\/senar\/wp-json\/wp\/v2\/media?parent=1859"}],"curies":[{"name":"wp","href":"https:\/\/api.w.org\/{rel}","templated":true}]}}