{"id":18077,"date":"2026-02-11T11:06:15","date_gmt":"2026-02-11T14:06:15","guid":{"rendered":"https:\/\/faec.org.br\/senar\/?page_id=18077"},"modified":"2026-03-10T16:40:20","modified_gmt":"2026-03-10T19:40:20","slug":"edital-de-credenciamento-no-002-2026-prestacao-de-servico-especializado-projeto-frutitec","status":"publish","type":"page","link":"https:\/\/faec.org.br\/senar\/edital-de-credenciamento-no-002-2026-prestacao-de-servico-especializado-projeto-frutitec\/","title":{"rendered":"Edital de Credenciamento N\u00ba 002\/2026 Presta\u00e7\u00e3o de Servi\u00e7o Especializado \u2013 PROJETO FRUTITEC"},"content":{"rendered":"<p style=\"text-align: justify;\">O Servi\u00e7o Nacional de Aprendizagem Rural \u2013 Administra\u00e7\u00e3o Regional do Estado do Cear\u00e1 \u2013 SENAR-AR\/CE, pessoa jur\u00eddica de direito privado, entidade de Forma\u00e7\u00e3o Profissional Rural, sem fins lucrativos, inscrito no CNPJ sob o n. 04.284.688\/0001-30, com sede na Avenida Eduardo Gir\u00e3o, n. 317 &#8211; 1\u00ba andar, Bairro Jardim Am\u00e9rica, Fortaleza\/CE \u2013 CEP: 60.410-442, por meio de sua Superintend\u00eancia, aqui denominado simplesmente SENAR-AR\/CE, torna p\u00fablico, a partir desta data, as inscri\u00e7\u00f5es para o credenciamento de pessoas jur\u00eddicas aptas \u00e0 PRESTA\u00c7\u00c3O DE SERVI\u00c7OS DE ASSIST\u00caNCIA T\u00c9CNICA E GERENCIAL &#8211; ATEG \u2013 PROJETO FRUTITEC, no \u00e2mbito da execu\u00e7\u00e3o de Plano de Trabalho vinculado ao Programa de Incentivo da Assist\u00eancia T\u00e9cnica e Gerencial \u2013 ATeG, institu\u00eddo pela Instru\u00e7\u00e3o de Servi\u00e7o n\u00ba 06\/2024, de 30 de novembro de 2024, visando \u00e0 implementa\u00e7\u00e3o de a\u00e7\u00f5es t\u00e9cnicas, tecnol\u00f3gicas e gerenciais nos Per\u00edmetros P\u00fablicos de Irriga\u00e7\u00e3o do Estado do Cear\u00e1 (Baixo Acara\u00fa, Tabuleiros de Russas e JaguaribeApodi), na forma estabelecida neste Edital e seus anexos, com fundamento no artigo 13, inciso VII, do Regulamento de Licita\u00e7\u00f5es e Contratos do SENAR \u2013 RLCS.<\/p>\n<ul>\n<li><a href=\"http:\/\/faec.org.br\/senar\/wp-content\/uploads\/2026\/02\/Portaria-004.2025-Valores-Frutitec-1.pdf\">Portaria 004.2025 &#8211; Valores Frutitec<\/a><\/li>\n<li><strong><a href=\"https:\/\/faec.org.br\/senar\/wp-content\/uploads\/2026\/03\/Lista-de-EMPRESAS-e-PROFISSIONAIS-HABILITADOS-Edital-001-2022-11-de-marco-2026.pdf\">Lista de EMPRESAS e PROFISSIONAIS HABILITADOS Edital 001 2022<\/a><\/strong><\/li>\n<\/ul>\n<p><iframe loading=\"lazy\" style=\"width: 925px; height: 900px;\" src=\"https:\/\/faec.org.br\/senar\/wp-content\/uploads\/2026\/02\/Edital-002-2026-Projeto-Frutitec.pdf\" width=\"450\" height=\"900\" frameborder=\"0\"><span data-mce-type=\"bookmark\" style=\"display: inline-block; width: 0px; overflow: hidden; line-height: 0;\" class=\"mce_SELRES_start\">\ufeff<\/span><\/iframe><\/p>\n","protected":false},"excerpt":{"rendered":"<p>O Servi\u00e7o Nacional de Aprendizagem Rural \u2013 Administra\u00e7\u00e3o Regional do Estado do Cear\u00e1 \u2013 SENAR-AR\/CE, pessoa jur\u00eddica de direito privado, entidade de Forma\u00e7\u00e3o Profissional Rural, sem fins lucrativos, inscrito no CNPJ sob o n. 04.284.688\/0001-30, com sede na Avenida Eduardo Gir\u00e3o, n. 317 &#8211; 1\u00ba andar, Bairro Jardim Am\u00e9rica, Fortaleza\/CE \u2013 CEP: 60.410-442, por meio [&hellip;]<\/p>\n","protected":false},"author":1,"featured_media":0,"parent":0,"menu_order":0,"comment_status":"closed","ping_status":"closed","template":"","meta":{"footnotes":""},"class_list":["post-18077","page","type-page","status-publish","czr-hentry"],"_links":{"self":[{"href":"https:\/\/faec.org.br\/senar\/wp-json\/wp\/v2\/pages\/18077","targetHints":{"allow":["GET"]}}],"collection":[{"href":"https:\/\/faec.org.br\/senar\/wp-json\/wp\/v2\/pages"}],"about":[{"href":"https:\/\/faec.org.br\/senar\/wp-json\/wp\/v2\/types\/page"}],"author":[{"embeddable":true,"href":"https:\/\/faec.org.br\/senar\/wp-json\/wp\/v2\/users\/1"}],"replies":[{"embeddable":true,"href":"https:\/\/faec.org.br\/senar\/wp-json\/wp\/v2\/comments?post=18077"}],"version-history":[{"count":6,"href":"https:\/\/faec.org.br\/senar\/wp-json\/wp\/v2\/pages\/18077\/revisions"}],"predecessor-version":[{"id":18363,"href":"https:\/\/faec.org.br\/senar\/wp-json\/wp\/v2\/pages\/18077\/revisions\/18363"}],"wp:attachment":[{"href":"https:\/\/faec.org.br\/senar\/wp-json\/wp\/v2\/media?parent=18077"}],"curies":[{"name":"wp","href":"https:\/\/api.w.org\/{rel}","templated":true}]}}