{"id":17716,"date":"2025-06-25T11:04:42","date_gmt":"2025-06-25T14:04:42","guid":{"rendered":"https:\/\/faec.org.br\/senar\/?page_id=17716"},"modified":"2025-07-17T15:19:26","modified_gmt":"2025-07-17T18:19:26","slug":"chamamento-publico","status":"publish","type":"page","link":"https:\/\/faec.org.br\/senar\/chamamento-publico\/","title":{"rendered":"Chamamento P\u00fablico"},"content":{"rendered":"<div class=\"gmail_default\" style=\"text-align: justify;\"><span style=\"font-family: arial, sans-serif; font-size: large;\"><b>Chamamento P\u00fablico n. 001\/2025<\/b><\/span><\/div>\n<p>&nbsp;<\/p>\n<div class=\"gmail_default\" style=\"text-align: justify;\"><span style=\"font-family: arial, sans-serif; font-size: large;\"><b>Objeto:\u00a0<\/b>Sele\u00e7\u00e3o de<b>\u00a0<\/b>profissionais (1 titular e 1 suplente) com forma\u00e7\u00e3o acad\u00eamica em Comunica\u00e7\u00e3o, Publicidade ou Marketing, para compor Subcomiss\u00e3o T\u00e9cnica, de car\u00e1ter tempor\u00e1rio, para julgamento das propostas t\u00e9cnicas e eventuais recursos apresentados em licita\u00e7\u00e3o, na modalidade Concorr\u00eancia, que ser\u00e1 promovida pelo SENAR-AR\/CE, para a contrata\u00e7\u00e3o de Ag\u00eancia de Publicidade e Propaganda para presta\u00e7\u00e3o de servi\u00e7os de publicidade.<\/span><\/div>\n<div><\/div>\n<div><\/div>\n<p>&nbsp;<\/p>\n<div class=\"gmail_default\" style=\"text-align: justify;\"><span style=\"font-family: arial, sans-serif; font-size: large;\"><b>Per\u00edodo de inscri\u00e7\u00f5es e envio da documenta\u00e7\u00e3o:\u00a0<\/b>26 de junho a 02 de julho de 2025.<\/span><\/div>\n<ul>\n<li><a href=\"http:\/\/faec.org.br\/senar\/wp-content\/uploads\/2025\/06\/Chamamento-Publico-001.2025-assinado.pdf\"><span style=\"font-family: arial, sans-serif; font-size: large;\"><b>Chamamento P\u00fablico n. 001\/2025<\/b><\/span><\/a><\/li>\n<li><strong><a href=\"http:\/\/faec.org.br\/senar\/wp-content\/uploads\/2025\/07\/RElacao-de-inscritos.pdf\">Rela\u00e7\u00e3o de Inscritos<\/a><\/strong><\/li>\n<li><strong><a href=\"http:\/\/faec.org.br\/senar\/wp-content\/uploads\/2025\/07\/Relatorio-conclusao-assinado.pdf\">Relatorio conclus\u00e3o assinado<\/a><\/strong><\/li>\n<li><strong><a href=\"http:\/\/faec.org.br\/senar\/wp-content\/uploads\/2025\/07\/Despacho-homologacao-do-Resultado.pdf\">Despacho homologa\u00e7\u00e3o do Resultado<\/a><\/strong><\/li>\n<\/ul>\n<div><\/div>\n","protected":false},"excerpt":{"rendered":"<p>Chamamento P\u00fablico n. 001\/2025 &nbsp; Objeto:\u00a0Sele\u00e7\u00e3o de\u00a0profissionais (1 titular e 1 suplente) com forma\u00e7\u00e3o acad\u00eamica em Comunica\u00e7\u00e3o, Publicidade ou Marketing, para compor Subcomiss\u00e3o T\u00e9cnica, de car\u00e1ter tempor\u00e1rio, para julgamento das propostas t\u00e9cnicas e eventuais recursos apresentados em licita\u00e7\u00e3o, na modalidade Concorr\u00eancia, que ser\u00e1 promovida pelo SENAR-AR\/CE, para a contrata\u00e7\u00e3o de Ag\u00eancia de Publicidade e Propaganda [&hellip;]<\/p>\n","protected":false},"author":1,"featured_media":0,"parent":0,"menu_order":0,"comment_status":"closed","ping_status":"closed","template":"","meta":{"footnotes":""},"class_list":["post-17716","page","type-page","status-publish","czr-hentry"],"_links":{"self":[{"href":"https:\/\/faec.org.br\/senar\/wp-json\/wp\/v2\/pages\/17716","targetHints":{"allow":["GET"]}}],"collection":[{"href":"https:\/\/faec.org.br\/senar\/wp-json\/wp\/v2\/pages"}],"about":[{"href":"https:\/\/faec.org.br\/senar\/wp-json\/wp\/v2\/types\/page"}],"author":[{"embeddable":true,"href":"https:\/\/faec.org.br\/senar\/wp-json\/wp\/v2\/users\/1"}],"replies":[{"embeddable":true,"href":"https:\/\/faec.org.br\/senar\/wp-json\/wp\/v2\/comments?post=17716"}],"version-history":[{"count":8,"href":"https:\/\/faec.org.br\/senar\/wp-json\/wp\/v2\/pages\/17716\/revisions"}],"predecessor-version":[{"id":17759,"href":"https:\/\/faec.org.br\/senar\/wp-json\/wp\/v2\/pages\/17716\/revisions\/17759"}],"wp:attachment":[{"href":"https:\/\/faec.org.br\/senar\/wp-json\/wp\/v2\/media?parent=17716"}],"curies":[{"name":"wp","href":"https:\/\/api.w.org\/{rel}","templated":true}]}}