{"id":17273,"date":"2024-06-21T16:44:47","date_gmt":"2024-06-21T19:44:47","guid":{"rendered":"https:\/\/faec.org.br\/senar\/?page_id=17273"},"modified":"2024-06-24T10:09:57","modified_gmt":"2024-06-24T13:09:57","slug":"4credenciamento-de-consultoria-tecnologica-novas-inscricoes-suspensas","status":"publish","type":"page","link":"https:\/\/faec.org.br\/senar\/4credenciamento-de-consultoria-tecnologica-novas-inscricoes-suspensas\/","title":{"rendered":"Credenciamento de Consultoria Tecnol\u00f3gica &#8211; NOVAS INSCRI\u00c7\u00d5ES SUSPENSAS"},"content":{"rendered":"<ul>\n<li><strong><a href=\"http:\/\/faec.org.br\/senar\/wp-content\/uploads\/2024\/04\/COMUNICADO-SUSPENSAO-Consul.pdf\">COMUNICADO SUSPENSAO Consul<\/a><\/strong><\/li>\n<li><strong><a href=\"https:\/\/faec.org.br\/senar\/?page_id=15817&amp;preview=true\">EDITAL DE CREDENCIAMENTO N\u00ba 001\/2023 \u2013 CONSULTORIA<\/a><\/strong><\/li>\n<li><strong><a href=\"http:\/\/faec.org.br\/senar\/wp-content\/uploads\/2023\/02\/IS-006.2023-VALOR-HORA-CONSULTORIA-1.pdf\">IS N\u00ba 006.2023 &#8211; VALOR HORA CONSULTORIA<\/a><\/strong><\/li>\n<\/ul>\n","protected":false},"excerpt":{"rendered":"<p>COMUNICADO SUSPENSAO Consul EDITAL DE CREDENCIAMENTO N\u00ba 001\/2023 \u2013 CONSULTORIA IS N\u00ba 006.2023 &#8211; VALOR HORA CONSULTORIA<\/p>\n","protected":false},"author":1,"featured_media":0,"parent":0,"menu_order":0,"comment_status":"closed","ping_status":"closed","template":"","meta":{"footnotes":""},"class_list":["post-17273","page","type-page","status-publish","czr-hentry"],"_links":{"self":[{"href":"https:\/\/faec.org.br\/senar\/wp-json\/wp\/v2\/pages\/17273","targetHints":{"allow":["GET"]}}],"collection":[{"href":"https:\/\/faec.org.br\/senar\/wp-json\/wp\/v2\/pages"}],"about":[{"href":"https:\/\/faec.org.br\/senar\/wp-json\/wp\/v2\/types\/page"}],"author":[{"embeddable":true,"href":"https:\/\/faec.org.br\/senar\/wp-json\/wp\/v2\/users\/1"}],"replies":[{"embeddable":true,"href":"https:\/\/faec.org.br\/senar\/wp-json\/wp\/v2\/comments?post=17273"}],"version-history":[{"count":2,"href":"https:\/\/faec.org.br\/senar\/wp-json\/wp\/v2\/pages\/17273\/revisions"}],"predecessor-version":[{"id":17279,"href":"https:\/\/faec.org.br\/senar\/wp-json\/wp\/v2\/pages\/17273\/revisions\/17279"}],"wp:attachment":[{"href":"https:\/\/faec.org.br\/senar\/wp-json\/wp\/v2\/media?parent=17273"}],"curies":[{"name":"wp","href":"https:\/\/api.w.org\/{rel}","templated":true}]}}