{"id":17271,"date":"2024-06-21T16:43:54","date_gmt":"2024-06-21T19:43:54","guid":{"rendered":"https:\/\/faec.org.br\/senar\/?page_id=17271"},"modified":"2025-09-04T09:55:37","modified_gmt":"2025-09-04T12:55:37","slug":"credenciamento-de-medicos-urologistas-programa-saude-do-homem","status":"publish","type":"page","link":"https:\/\/faec.org.br\/senar\/credenciamento-de-medicos-urologistas-programa-saude-do-homem\/","title":{"rendered":"Credenciamento de M\u00e9dicos Urologistas &#8211; Programa Sa\u00fade do Homem"},"content":{"rendered":"<ul>\n<li><strong><a href=\"http:\/\/faec.org.br\/senar\/wp-content\/uploads\/2022\/05\/Edital-credenciamento-no-002.2022-Medicos-Urologistas-2-1.pdf\">Edital de Credenciamento N\u00ba 002\/2022 &#8211; M\u00e9dicos Urologistas<\/a><\/strong><\/li>\n<li><a href=\"http:\/\/faec.org.br\/senar\/edital-de-credenciamento-no-002-2022-medios-urologistas\/\">Resultados Credenciamento.<\/a><\/li>\n<li><strong><a href=\"http:\/\/faec.org.br\/senar\/wp-content\/uploads\/2023\/01\/IS-023.2022-ValoresSaudeHomem.pdf\">Instru\u00e7\u00e3o de Servi\u00e7o N\u00ba 023.2022 &#8211; Valores Pagos<\/a><\/strong><\/li>\n<li><strong><a href=\"https:\/\/faec.org.br\/senar\/wp-content\/uploads\/2025\/09\/SUSPENSAO-TEMPORARIA-Edital-Programa-Saude-no-Campo.pdf\">SUSPENS\u00c3O TEMPOR\u00c1RIA Edital Programa Sa\u00fade no Campo<\/a><\/strong><\/li>\n<\/ul>\n","protected":false},"excerpt":{"rendered":"<p>Edital de Credenciamento N\u00ba 002\/2022 &#8211; M\u00e9dicos Urologistas Resultados Credenciamento. Instru\u00e7\u00e3o de Servi\u00e7o N\u00ba 023.2022 &#8211; Valores Pagos SUSPENS\u00c3O TEMPOR\u00c1RIA Edital Programa Sa\u00fade no Campo<\/p>\n","protected":false},"author":1,"featured_media":0,"parent":0,"menu_order":0,"comment_status":"closed","ping_status":"closed","template":"","meta":{"footnotes":""},"class_list":["post-17271","page","type-page","status-publish","czr-hentry"],"_links":{"self":[{"href":"https:\/\/faec.org.br\/senar\/wp-json\/wp\/v2\/pages\/17271","targetHints":{"allow":["GET"]}}],"collection":[{"href":"https:\/\/faec.org.br\/senar\/wp-json\/wp\/v2\/pages"}],"about":[{"href":"https:\/\/faec.org.br\/senar\/wp-json\/wp\/v2\/types\/page"}],"author":[{"embeddable":true,"href":"https:\/\/faec.org.br\/senar\/wp-json\/wp\/v2\/users\/1"}],"replies":[{"embeddable":true,"href":"https:\/\/faec.org.br\/senar\/wp-json\/wp\/v2\/comments?post=17271"}],"version-history":[{"count":3,"href":"https:\/\/faec.org.br\/senar\/wp-json\/wp\/v2\/pages\/17271\/revisions"}],"predecessor-version":[{"id":17807,"href":"https:\/\/faec.org.br\/senar\/wp-json\/wp\/v2\/pages\/17271\/revisions\/17807"}],"wp:attachment":[{"href":"https:\/\/faec.org.br\/senar\/wp-json\/wp\/v2\/media?parent=17271"}],"curies":[{"name":"wp","href":"https:\/\/api.w.org\/{rel}","templated":true}]}}