{"id":17237,"date":"2024-06-12T11:17:36","date_gmt":"2024-06-12T14:17:36","guid":{"rendered":"https:\/\/faec.org.br\/senar\/?page_id=17237"},"modified":"2024-08-01T10:46:11","modified_gmt":"2024-08-01T13:46:11","slug":"processo-seletivo-da-rede-e-tec-2024-2","status":"publish","type":"page","link":"https:\/\/faec.org.br\/senar\/processo-seletivo-da-rede-e-tec-2024-2\/","title":{"rendered":"Processo Seletivo da Rede e-Tec 2024.2"},"content":{"rendered":"<p><a href=\"https:\/\/etec.senar.org.br\/curso-tecnico-em-zootecnia-processo-seletivo-20242\/\"><img loading=\"lazy\" decoding=\"async\" class=\"alignleft size-full wp-image-17240\" src=\"http:\/\/faec.org.br\/senar\/wp-content\/uploads\/2024\/06\/20240527-senar-etec-banner-conversao-Zootecnia-lancamento-ps-ead-2024-2_1024x350.jpg\" alt=\"\" width=\"1024\" height=\"350\" srcset=\"https:\/\/faec.org.br\/senar\/wp-content\/uploads\/2024\/06\/20240527-senar-etec-banner-conversao-Zootecnia-lancamento-ps-ead-2024-2_1024x350.jpg 1024w, https:\/\/faec.org.br\/senar\/wp-content\/uploads\/2024\/06\/20240527-senar-etec-banner-conversao-Zootecnia-lancamento-ps-ead-2024-2_1024x350-300x103.jpg 300w, https:\/\/faec.org.br\/senar\/wp-content\/uploads\/2024\/06\/20240527-senar-etec-banner-conversao-Zootecnia-lancamento-ps-ead-2024-2_1024x350-768x263.jpg 768w, https:\/\/faec.org.br\/senar\/wp-content\/uploads\/2024\/06\/20240527-senar-etec-banner-conversao-Zootecnia-lancamento-ps-ead-2024-2_1024x350-24x8.jpg 24w, https:\/\/faec.org.br\/senar\/wp-content\/uploads\/2024\/06\/20240527-senar-etec-banner-conversao-Zootecnia-lancamento-ps-ead-2024-2_1024x350-36x12.jpg 36w, https:\/\/faec.org.br\/senar\/wp-content\/uploads\/2024\/06\/20240527-senar-etec-banner-conversao-Zootecnia-lancamento-ps-ead-2024-2_1024x350-48x16.jpg 48w\" sizes=\"auto, (max-width: 1024px) 100vw, 1024px\" \/><\/a><\/p>\n<div id=\"sp-ea-17351\" class=\"sp-ea-one sp-easy-accordion\" data-ex-icon=\"fa-minus\" data-col-icon=\"fa-plus\"  data-ea-active=\"ea-click\"  data-ea-mode=\"vertical\" data-preloader=\"\"><div class=\"ea-card  sp-ea-single\"><h3 class=\"ea-header\"><a class=\"collapsed\" data-sptoggle=\"spcollapse\" data-sptarget=#collapse173510 href=\"javascript:void(0)\" aria-expanded=\"false\"><i class=\"ea-expand-icon fa fa-plus\"><\/i> Lista dos candidatos aprovados<\/a><\/h3><div class=\"sp-collapse spcollapse spcollapse\" id=\"collapse173510\" data-parent=#sp-ea-17351><div class=\"ea-body\"><ul>\n<li><a href=\"http:\/\/faec.org.br\/senar\/wp-content\/uploads\/2024\/08\/Listagem-dos-Candidatos-Aprovados-Fortaleza.pdf\"><span style=\"font-family: georgia, serif; font-size: large;\">Lista dos candidatos aprovados do Curso T\u00e9cnico em Zootecnia_Polo Fortaleza.<\/span><\/a><\/li>\n<li><a href=\"http:\/\/faec.org.br\/senar\/wp-content\/uploads\/2024\/08\/Listagem-dos-Candidatos-Aprovados-Coreau.pdf\"><span style=\"font-family: georgia, serif; font-size: large;\">Lista dos candidatos aprovados\u00a0do Curso T\u00e9cnico em Zootecnia_Polo Corea\u00fa.<\/span><\/a><\/li>\n<li><a href=\"http:\/\/faec.org.br\/senar\/wp-content\/uploads\/2024\/08\/Listagem-dos-Candidatos-Aprovados-Quixeramobim.pdf\"><span style=\"font-family: georgia, serif; font-size: large;\">Lista dos candidatos aprovados\u00a0do Curso T\u00e9cnico em Zootecnia_Polo Quixeramobim.<\/span><\/a><\/li>\n<\/ul>\n<\/div><\/div><\/div><div class=\"ea-card  sp-ea-single\"><h3 class=\"ea-header\"><a class=\"collapsed\" data-sptoggle=\"spcollapse\" data-sptarget=#collapse173511 href=\"javascript:void(0)\" aria-expanded=\"false\"><i class=\"ea-expand-icon fa fa-plus\"><\/i> Lista dos candidatos com inscri\u00e7\u00f5es v\u00e1lidas para a 2\u00aa etapa de classifica\u00e7\u00e3o<\/a><\/h3><div class=\"sp-collapse spcollapse spcollapse\" id=\"collapse173511\" data-parent=#sp-ea-17351><div class=\"ea-body\"><ul>\n<li><a href=\"http:\/\/faec.org.br\/senar\/wp-content\/uploads\/2024\/07\/Listagem-das-Inscricoes-Fortaleza.pdf\"><span style=\"font-family: arial, sans-serif;\">Lista dos candidatos com inscri\u00e7\u00f5es v\u00e1lidas para a 2\u00aa etapa de classifica\u00e7\u00e3o (entrevistas) do Curso T\u00e9cnico em Zootecnia, Polo Fortaleza.<\/span><\/a><\/li>\n<li><a href=\"http:\/\/faec.org.br\/senar\/wp-content\/uploads\/2024\/07\/Listagem-das-Inscricoes-Coreau.pdf\"><span style=\"font-family: arial, sans-serif;\">Lista dos candidatos com inscri\u00e7\u00f5es v\u00e1lidas para a 2\u00aa etapa de classifica\u00e7\u00e3o (entrevistas) do Curso T\u00e9cnico em Zootecnia, Polo Corea\u00fa.<\/span><\/a><\/li>\n<li><a href=\"http:\/\/faec.org.br\/senar\/wp-content\/uploads\/2024\/07\/Listagem-das-Inscricoes-Quixeramobim.pdf\"><span style=\"font-family: arial, sans-serif;\">Lista dos candidatos com inscri\u00e7\u00f5es v\u00e1lidas para a 2\u00aa etapa de classifica\u00e7\u00e3o (entrevistas) do Curso T\u00e9cnico em Zootecnia, Polo Quixeramobim.<\/span><\/a><\/li>\n<\/ul>\n<p>&nbsp;<\/p>\n<\/div><\/div><\/div><div class=\"ea-card  sp-ea-single\"><h3 class=\"ea-header\"><a class=\"collapsed\" data-sptoggle=\"spcollapse\" data-sptarget=#collapse173512 href=\"javascript:void(0)\" aria-expanded=\"false\"><i class=\"ea-expand-icon fa fa-plus\"><\/i> Cronograma das entrevistas\u00a0dos candidatos selecionados para a 2\u00aa etapa de classifica\u00e7\u00e3o<\/a><\/h3><div class=\"sp-collapse spcollapse spcollapse\" id=\"collapse173512\" data-parent=#sp-ea-17351><div class=\"ea-body\"><ul>\n<li><a href=\"http:\/\/faec.org.br\/senar\/wp-content\/uploads\/2024\/07\/Entrevista_Fortaleza-ATUAL.pdf\"><span style=\"font-family: arial, sans-serif;\">Cronograma das entrevistas dos candidatos selecionados para a 2\u00aa etapa de classifica\u00e7\u00e3o do Curso T\u00e9cnico em Zootecnia - Polo Fortaleza.<\/span><\/a><\/li>\n<li><a href=\"http:\/\/faec.org.br\/senar\/wp-content\/uploads\/2024\/07\/Entrevistas_Coreau.pdf\"><span style=\"font-family: arial, sans-serif;\">Cronograma das entrevistas\u00a0dos candidatos selecionados para a 2\u00aa etapa de classifica\u00e7\u00e3o do Curso T\u00e9cnico em Zootecnia - Polo Corea\u00fa.<\/span><\/a><\/li>\n<li><a href=\"http:\/\/faec.org.br\/senar\/wp-content\/uploads\/2024\/07\/Entrevistas_Quixeramobim.pdf\"><span style=\"font-family: arial, sans-serif;\">Cronograma das entrevistas\u00a0dos candidatos selecionados para a 2\u00aa etapa de classifica\u00e7\u00e3o do Curso T\u00e9cnico em Zootecnia - Polo Quixeramobim.<\/span><\/a><\/li>\n<\/ul>\n<\/div><\/div><\/div><\/div>\n<ul>\n<li><a href=\"http:\/\/faec.org.br\/senar\/wp-content\/uploads\/2024\/06\/CE_Entrevista_Regulamento.pdf\">CE_Entrevista_Regulamento<\/a><\/li>\n<li><a href=\"http:\/\/faec.org.br\/senar\/wp-content\/uploads\/2024\/06\/EDITAL_002_2024_PROCESSO_SELETIVO_CURSOS-TECNICOS-DE-NIVEL-MEDIO.pdf\">EDITAL_002_2024_PROCESSO_SELETIVO_CURSOS T\u00c9CNICOS DE N\u00cdVEL M\u00c9DIO<\/a><\/li>\n<\/ul>\n<p><iframe loading=\"lazy\" src=\"https:\/\/faec.org.br\/senar\/wp-content\/uploads\/2024\/06\/EDITAL_002_2024_PROCESSO_SELETIVO_CURSOS-TECNICOS-DE-NIVEL-MEDIO.pdf\" width=\"900\" height=\"900\"><span data-mce-type=\"bookmark\" style=\"display: inline-block; width: 0px; overflow: hidden; line-height: 0;\" class=\"mce_SELRES_start\">\ufeff<\/span><span data-mce-type=\"bookmark\" style=\"display: inline-block; width: 0px; overflow: hidden; line-height: 0;\" class=\"mce_SELRES_start\">\ufeff<\/span>&nbsp;<\/p>\n<p><\/iframe><\/p>\n","protected":false},"excerpt":{"rendered":"<p>CE_Entrevista_Regulamento EDITAL_002_2024_PROCESSO_SELETIVO_CURSOS T\u00c9CNICOS DE N\u00cdVEL M\u00c9DIO \ufeff\ufeff&nbsp;<\/p>\n","protected":false},"author":1,"featured_media":17240,"parent":0,"menu_order":0,"comment_status":"closed","ping_status":"closed","template":"","meta":{"footnotes":""},"class_list":["post-17237","page","type-page","status-publish","has-post-thumbnail","czr-hentry"],"_links":{"self":[{"href":"https:\/\/faec.org.br\/senar\/wp-json\/wp\/v2\/pages\/17237","targetHints":{"allow":["GET"]}}],"collection":[{"href":"https:\/\/faec.org.br\/senar\/wp-json\/wp\/v2\/pages"}],"about":[{"href":"https:\/\/faec.org.br\/senar\/wp-json\/wp\/v2\/types\/page"}],"author":[{"embeddable":true,"href":"https:\/\/faec.org.br\/senar\/wp-json\/wp\/v2\/users\/1"}],"replies":[{"embeddable":true,"href":"https:\/\/faec.org.br\/senar\/wp-json\/wp\/v2\/comments?post=17237"}],"version-history":[{"count":13,"href":"https:\/\/faec.org.br\/senar\/wp-json\/wp\/v2\/pages\/17237\/revisions"}],"predecessor-version":[{"id":17355,"href":"https:\/\/faec.org.br\/senar\/wp-json\/wp\/v2\/pages\/17237\/revisions\/17355"}],"wp:featuredmedia":[{"embeddable":true,"href":"https:\/\/faec.org.br\/senar\/wp-json\/wp\/v2\/media\/17240"}],"wp:attachment":[{"href":"https:\/\/faec.org.br\/senar\/wp-json\/wp\/v2\/media?parent=17237"}],"curies":[{"name":"wp","href":"https:\/\/api.w.org\/{rel}","templated":true}]}}