{"id":17132,"date":"2024-04-08T14:53:14","date_gmt":"2024-04-08T17:53:14","guid":{"rendered":"https:\/\/faec.org.br\/senar\/?page_id=17132"},"modified":"2024-09-06T11:34:32","modified_gmt":"2024-09-06T14:34:32","slug":"processo-seletivo-edital-003-2024","status":"publish","type":"page","link":"https:\/\/faec.org.br\/senar\/processo-seletivo-edital-003-2024\/","title":{"rendered":"Processo Seletivo &#8211; Edital 003\/2024"},"content":{"rendered":"<p>&nbsp;<\/p>\n<p style=\"text-align: justify;\"><strong><img loading=\"lazy\" decoding=\"async\" class=\"aligncenter size-medium wp-image-9333\" src=\"http:\/\/faec.org.br\/senar\/wp-content\/uploads\/2019\/03\/LOGOMARCA-SENAR-NOVA-300x93.png\" alt=\"\" width=\"300\" height=\"93\" \/><\/strong><\/p>\n<h2 style=\"text-align: center;\"><strong>Processo Seletivo &#8211; Edital 003\/2024<\/strong><\/h2>\n<p style=\"text-align: justify;\">O Servi\u00e7o Nacional de Aprendizagem Rural \u2013 Senar\/Administra\u00e7\u00e3o Regional do Cear\u00e1, Fortaleza\/CE, informa que ser\u00e3o abertas as inscri\u00e7\u00f5es, no per\u00edodo de 08\/04\/2024 a 23\/04\/2024(Prorrogadas at\u00e9 o dia 07\/06\/2024), para o Processo Seletivo, visando \u00e0 contrata\u00e7\u00e3o de Analista de Controle Interno J\u00fanior, Analista de Comunica\u00e7\u00e3o e Marketing J\u00fanior, Analista em Educa\u00e7\u00e3o J\u00fanior (Pedagogo), Analista Financeiro J\u00fanior, Analista T\u00e9cnico Junior, Assistente Administrativo e Assistente Administrativo (Almoxarife), conforme edital que estar\u00e1 dispon\u00edvel no <a href=\"http:\/\/www.cnabrasil.org.br\/senar\/processo-seletivo\">endere\u00e7o eletr\u00f4nico: www.cnabrasil.org.br\/senar\/processo-seletivo<\/a><\/p>\n<div class=\"link-download \">\n<div class=\"link-download \"><strong><a href=\"https:\/\/www.cnabrasil.org.br\/storage\/arquivos\/Senar-CE-Edital-003.2024-publicacao.pdf\" target=\"_blank\" rel=\"noopener\">08\/04\/2024 &#8211; Edital<\/a><\/strong><\/div>\n<div class=\"link-download \"><strong><a href=\"https:\/\/www.cnabrasil.org.br\/storage\/arquivos\/Comunicado-Prorrogacao-de-inscricoes_2024-04-25-172506_bkvn.pdf\" target=\"_blank\" rel=\"noopener\"><i class=\"doticon-pdf doticon-pdf\"><\/i>25\/04\/2024 &#8211; Comunicado- Prorroga\u00e7\u00e3o das Inscri\u00e7\u00f5es<\/a><\/strong><\/div>\n<div class=\"link-download \"><strong><a href=\"https:\/\/www.cnabrasil.org.br\/storage\/arquivos\/Comunicado-Prorrogacao-de-inscricoes-2_2024-05-13-112600_xabm.pdf\" target=\"_blank\" rel=\"noopener\"><i class=\"doticon-pdf doticon-pdf\"><\/i>08\/05\/2024 &#8211; Comunicado- Prorroga\u00e7\u00e3o das Inscri\u00e7\u00f5es- 2<\/a><\/strong><\/div>\n<div class=\"link-download \"><strong><a href=\"https:\/\/www.cnabrasil.org.br\/storage\/arquivos\/Comunicado-mudanca-data-de-prova.pdf\" target=\"_blank\" rel=\"noopener\"><i class=\"doticon-pdf doticon-pdf\"><\/i>05\/09\/2024 &#8211; Comunicado- Aplica\u00e7\u00e3o de provas<\/a><\/strong><\/div>\n<div class=\"link-download \"><strong><a href=\"https:\/\/www.cnabrasil.org.br\/storage\/arquivos\/Distribuicao-de-candidatos-Senar-CE-publicacao.pdf\" target=\"_blank\" rel=\"noopener\"><i class=\"doticon-pdf doticon-pdf\"><\/i>05\/09\/2024 &#8211; DISTRIBUI\u00c7\u00c3O DE CANDIDATOS \/ LOCAIS DE PROVA<\/a><\/strong><\/div>\n<\/div>\n<p>&nbsp;<\/p>\n","protected":false},"excerpt":{"rendered":"<p>&nbsp; Processo Seletivo &#8211; Edital 003\/2024 O Servi\u00e7o Nacional de Aprendizagem Rural \u2013 Senar\/Administra\u00e7\u00e3o Regional do Cear\u00e1, Fortaleza\/CE, informa que ser\u00e3o abertas as inscri\u00e7\u00f5es, no per\u00edodo de 08\/04\/2024 a 23\/04\/2024(Prorrogadas at\u00e9 o dia 07\/06\/2024), para o Processo Seletivo, visando \u00e0 contrata\u00e7\u00e3o de Analista de Controle Interno J\u00fanior, Analista de Comunica\u00e7\u00e3o e Marketing J\u00fanior, Analista em [&hellip;]<\/p>\n","protected":false},"author":1,"featured_media":0,"parent":0,"menu_order":0,"comment_status":"closed","ping_status":"closed","template":"","meta":{"footnotes":""},"class_list":["post-17132","page","type-page","status-publish","czr-hentry"],"_links":{"self":[{"href":"https:\/\/faec.org.br\/senar\/wp-json\/wp\/v2\/pages\/17132","targetHints":{"allow":["GET"]}}],"collection":[{"href":"https:\/\/faec.org.br\/senar\/wp-json\/wp\/v2\/pages"}],"about":[{"href":"https:\/\/faec.org.br\/senar\/wp-json\/wp\/v2\/types\/page"}],"author":[{"embeddable":true,"href":"https:\/\/faec.org.br\/senar\/wp-json\/wp\/v2\/users\/1"}],"replies":[{"embeddable":true,"href":"https:\/\/faec.org.br\/senar\/wp-json\/wp\/v2\/comments?post=17132"}],"version-history":[{"count":5,"href":"https:\/\/faec.org.br\/senar\/wp-json\/wp\/v2\/pages\/17132\/revisions"}],"predecessor-version":[{"id":17393,"href":"https:\/\/faec.org.br\/senar\/wp-json\/wp\/v2\/pages\/17132\/revisions\/17393"}],"wp:attachment":[{"href":"https:\/\/faec.org.br\/senar\/wp-json\/wp\/v2\/media?parent=17132"}],"curies":[{"name":"wp","href":"https:\/\/api.w.org\/{rel}","templated":true}]}}