{"id":15817,"date":"2023-02-07T08:07:05","date_gmt":"2023-02-07T11:07:05","guid":{"rendered":"https:\/\/senarce.org.br\/novo\/?page_id=15817"},"modified":"2025-09-01T13:39:57","modified_gmt":"2025-09-01T16:39:57","slug":"edital-de-credenciamento-no-001-2023-consultoria","status":"publish","type":"page","link":"https:\/\/faec.org.br\/senar\/edital-de-credenciamento-no-001-2023-consultoria\/","title":{"rendered":"EDITAL DE CREDENCIAMENTO N\u00ba 001\/2023 \u2013 CONSULTORIA"},"content":{"rendered":"<p style=\"text-align: justify;\">O Servi\u00e7o Nacional de Aprendizagem Rural \u2013 Administra\u00e7\u00e3o Regional do Estado do Cear\u00e1 \u2013 SENAR-AR\/CE,Pessoa jur\u00eddica de direito privado, Entidade de Forma\u00e7\u00e3o Profissional Rural, sem fins lucrativos, inscrito no CNPJ sob o N\u00ba 04.284.688\/0001-30, com sede na Avenida Eduardo Gir\u00e3o, n\u00ba 317 &#8211; 1\u00ba andar, Bairro Jardim Am\u00e9rica, Fortaleza\/CE \u2013 CEP: 60.410-442, por meio de sua Superintend\u00eancia, torna p\u00fablico, a partir desta data, que receber\u00e1 inscri\u00e7\u00f5es para credenciamento de pessoas jur\u00eddicas, para integrar o cadastro de profissionais habilitados na presta\u00e7\u00e3o de servi\u00e7os em CONSULTORIA, na forma estabelecida neste edital, com fundamento no art. 10, caput, do Regulamento de Licita\u00e7\u00f5es e Contratos &#8211; RLC do SENAR.<\/p>\n<p>&nbsp;<\/p>\n<ul>\n<li><a href=\"http:\/\/faec.org.br\/senar\/wp-content\/uploads\/2023\/09\/Edital-001-2023-Consultoria.pdf\">EDITAL DE CREDENCIAMENTO N\u00ba 001\/2023 \u2013 CONSULTORIA<\/a><\/li>\n<\/ul>\n<p><iframe loading=\"lazy\" style=\"width: 925px; height: 900px;\" src=\"http:\/\/faec.org.br\/senar\/wp-content\/uploads\/2023\/09\/Edital-001-2023-Consultoria.pdf\" width=\"450\" height=\"900\" frameborder=\"0\"><span data-mce-type=\"bookmark\" style=\"display: inline-block; width: 0px; overflow: hidden; line-height: 0;\" class=\"mce_SELRES_start\">\ufeff<\/span><span data-mce-type=\"bookmark\" style=\"display: inline-block; width: 0px; overflow: hidden; line-height: 0;\" class=\"mce_SELRES_start\">\ufeff<\/span><span data-mce-type=\"bookmark\" style=\"display: inline-block; width: 0px; overflow: hidden; line-height: 0;\" class=\"mce_SELRES_start\">\ufeff<\/span><span data-mce-type=\"bookmark\" style=\"display: inline-block; width: 0px; overflow: hidden; line-height: 0;\" class=\"mce_SELRES_start\">\ufeff<\/span><\/iframe><\/p>\n","protected":false},"excerpt":{"rendered":"<p>O Servi\u00e7o Nacional de Aprendizagem Rural \u2013 Administra\u00e7\u00e3o Regional do Estado do Cear\u00e1 \u2013 SENAR-AR\/CE,Pessoa jur\u00eddica de direito privado, Entidade de Forma\u00e7\u00e3o Profissional Rural, sem fins lucrativos, inscrito no CNPJ sob o N\u00ba 04.284.688\/0001-30, com sede na Avenida Eduardo Gir\u00e3o, n\u00ba 317 &#8211; 1\u00ba andar, Bairro Jardim Am\u00e9rica, Fortaleza\/CE \u2013 CEP: 60.410-442, por meio de [&hellip;]<\/p>\n","protected":false},"author":1,"featured_media":16290,"parent":0,"menu_order":0,"comment_status":"closed","ping_status":"closed","template":"","meta":{"footnotes":""},"class_list":["post-15817","page","type-page","status-publish","has-post-thumbnail","czr-hentry"],"_links":{"self":[{"href":"https:\/\/faec.org.br\/senar\/wp-json\/wp\/v2\/pages\/15817","targetHints":{"allow":["GET"]}}],"collection":[{"href":"https:\/\/faec.org.br\/senar\/wp-json\/wp\/v2\/pages"}],"about":[{"href":"https:\/\/faec.org.br\/senar\/wp-json\/wp\/v2\/types\/page"}],"author":[{"embeddable":true,"href":"https:\/\/faec.org.br\/senar\/wp-json\/wp\/v2\/users\/1"}],"replies":[{"embeddable":true,"href":"https:\/\/faec.org.br\/senar\/wp-json\/wp\/v2\/comments?post=15817"}],"version-history":[{"count":7,"href":"https:\/\/faec.org.br\/senar\/wp-json\/wp\/v2\/pages\/15817\/revisions"}],"predecessor-version":[{"id":17802,"href":"https:\/\/faec.org.br\/senar\/wp-json\/wp\/v2\/pages\/15817\/revisions\/17802"}],"wp:featuredmedia":[{"embeddable":true,"href":"https:\/\/faec.org.br\/senar\/wp-json\/wp\/v2\/media\/16290"}],"wp:attachment":[{"href":"https:\/\/faec.org.br\/senar\/wp-json\/wp\/v2\/media?parent=15817"}],"curies":[{"name":"wp","href":"https:\/\/api.w.org\/{rel}","templated":true}]}}