{"id":15728,"date":"2022-03-22T08:22:46","date_gmt":"2022-03-22T11:22:46","guid":{"rendered":"http:\/\/faec.org.br\/senar\/?page_id=15728"},"modified":"2023-03-28T08:51:39","modified_gmt":"2023-03-28T11:51:39","slug":"transparencia-e-prestacao-de-contas","status":"publish","type":"page","link":"https:\/\/faec.org.br\/senar\/transparencia-e-prestacao-de-contas\/","title":{"rendered":"Transpar\u00eancia e Presta\u00e7\u00e3o de Contas"},"content":{"rendered":"<div class=\"rtejustify\" style=\"text-align: justify;\">Criado pela Lei n\u00ba 8.315, de 23\/12\/91, o\u00a0<strong>SENAR<\/strong>\u00a0\u00e9 uma entidade de direito privado, vinculada \u00e0 Confedera\u00e7\u00e3o da Agricultura e Pecu\u00e1ria do Brasil &#8211; CNA e administrada por um Conselho Deliberativo tripartite, composto por representantes do governo federal e das classes trabalhadoras e patronal rural.<\/div>\n<div><\/div>\n<div><\/div>\n<div class=\"rtejustify\" style=\"text-align: justify;\"><\/div>\n<div class=\"rtejustify\" style=\"text-align: justify;\">O\u00a0<strong>SENAR\u00a0<\/strong>atende, gratuitamente, mais de 3 milh\u00f5es de brasileiros do meio rural, todos os anos, contribuindo para sua profissionaliza\u00e7\u00e3o, sua integra\u00e7\u00e3o na sociedade, melhoria da sua qualidade de vida e para o pleno exerc\u00edcio da cidadania.<\/div>\n<div><\/div>\n<div><\/div>\n<div class=\"rtejustify\" style=\"text-align: justify;\"><\/div>\n<div class=\"rtejustify\" style=\"text-align: justify;\">O car\u00e1ter privado, entretanto, n\u00e3o afasta a import\u00e2ncia de garantir a transpar\u00eancia das a\u00e7\u00f5es desenvolvidas com os recursos recebidos pelo\u00a0<strong>SENAR<\/strong>\u00a0no cumprimento de sua miss\u00e3o final\u00edstica.<\/div>\n<div><\/div>\n<div class=\"rtejustify\" style=\"text-align: justify;\"><\/div>\n<div><\/div>\n<div class=\"rtejustify\" style=\"text-align: justify;\">Nesse sentido, o<strong>\u00a0SENAR\u00a0<\/strong>tem estabelecido um modelo de gest\u00e3o comprometida com a transpar\u00eancia, a legalidade e a responsabilidade social, atenta \u00e0 import\u00e2ncia de levar ao conhecimento da sociedade, de forma clara e exata, suas a\u00e7\u00f5es e seus resultados.<\/div>\n<div><\/div>\n<div><\/div>\n<div class=\"rtejustify\" style=\"text-align: justify;\"><\/div>\n<div class=\"rtejustify\" style=\"text-align: justify;\">Com esse prop\u00f3sito, esta p\u00e1gina divulga as receitas e despesas realizadas pelo\u00a0<strong>SENAR<\/strong>, dados relevantes da sua execu\u00e7\u00e3o or\u00e7ament\u00e1ria, licita\u00e7\u00f5es, contrata\u00e7\u00f5es e gest\u00e3o de pessoas.<\/div>\n<div><\/div>\n<div style=\"text-align: justify;\"><\/div>\n<ul style=\"text-align: justify;\">\n<li><a href=\"http:\/\/faec.org.br\/senar\/transparencia\/lei-de-diretrizes-orcamentarias-ldo\/\">Lei de Diretrizes Or\u00e7ament\u00e1rias &#8211; LDO<\/a><\/li>\n<li><a href=\"http:\/\/faec.org.br\/senar\/transparencia\/licitacoes-e-contratos\/\">Licita\u00e7\u00f5es e Contratos<\/a><\/li>\n<\/ul>\n<div style=\"text-align: justify;\"><\/div>\n","protected":false},"excerpt":{"rendered":"<p>Criado pela Lei n\u00ba 8.315, de 23\/12\/91, o\u00a0SENAR\u00a0\u00e9 uma entidade de direito privado, vinculada \u00e0 Confedera\u00e7\u00e3o da Agricultura e Pecu\u00e1ria do Brasil &#8211; CNA e administrada por um Conselho Deliberativo tripartite, composto por representantes do governo federal e das classes trabalhadoras e patronal rural. O\u00a0SENAR\u00a0atende, gratuitamente, mais de 3 milh\u00f5es de brasileiros do meio rural, [&hellip;]<\/p>\n","protected":false},"author":1,"featured_media":0,"parent":0,"menu_order":0,"comment_status":"closed","ping_status":"closed","template":"","meta":{"footnotes":""},"class_list":["post-15728","page","type-page","status-publish","czr-hentry"],"_links":{"self":[{"href":"https:\/\/faec.org.br\/senar\/wp-json\/wp\/v2\/pages\/15728","targetHints":{"allow":["GET"]}}],"collection":[{"href":"https:\/\/faec.org.br\/senar\/wp-json\/wp\/v2\/pages"}],"about":[{"href":"https:\/\/faec.org.br\/senar\/wp-json\/wp\/v2\/types\/page"}],"author":[{"embeddable":true,"href":"https:\/\/faec.org.br\/senar\/wp-json\/wp\/v2\/users\/1"}],"replies":[{"embeddable":true,"href":"https:\/\/faec.org.br\/senar\/wp-json\/wp\/v2\/comments?post=15728"}],"version-history":[{"count":6,"href":"https:\/\/faec.org.br\/senar\/wp-json\/wp\/v2\/pages\/15728\/revisions"}],"predecessor-version":[{"id":16151,"href":"https:\/\/faec.org.br\/senar\/wp-json\/wp\/v2\/pages\/15728\/revisions\/16151"}],"wp:attachment":[{"href":"https:\/\/faec.org.br\/senar\/wp-json\/wp\/v2\/media?parent=15728"}],"curies":[{"name":"wp","href":"https:\/\/api.w.org\/{rel}","templated":true}]}}