{"id":15692,"date":"2022-03-18T10:29:54","date_gmt":"2022-03-18T13:29:54","guid":{"rendered":"http:\/\/faec.org.br\/senar\/?page_id=15692"},"modified":"2024-09-25T14:31:26","modified_gmt":"2024-09-25T17:31:26","slug":"emissao-de-certificados-online","status":"publish","type":"page","link":"https:\/\/faec.org.br\/senar\/emissao-de-certificados-online\/","title":{"rendered":"Certificados\/Declara\u00e7\u00f5es"},"content":{"rendered":"<div style=\"text-align: justify;\"><a href=\"https:\/\/3554294.extforms.netsuite.com\/app\/site\/hosting\/scriptlet.nl?script=425&amp;deploy=1&amp;compid=3554294&amp;ns-at=AAEJ7tMQj5Ir_hiJVU8l16WB3yxmR1E4O5BjQi4rBPcj8BnrsHY&amp;uf=8534943934\"><img loading=\"lazy\" decoding=\"async\" class=\"wp-image-7796\" src=\"http:\/\/faec.org.br\/senar\/wp-content\/uploads\/2018\/08\/Certificados-online-300x142.png\" alt=\"\" width=\"550\" height=\"260\" \/><\/a><\/div>\n<div style=\"text-align: justify;\"><strong>Veja os passos para a emiss\u00e3o dos certificados\/declara\u00e7\u00f5es online:<\/strong><\/div>\n<div><\/div>\n<div>\n<p>Acessar o Link:\u00a0<a href=\"https:\/\/3554294.customer.netsuite.com\/app\/crm\/marketing\/campaignlistener.nl?c=3554294&amp;__lstr=__cl&amp;__r=469051&amp;eou=aHR0cHM6Ly8zNTU0Mjk0LmV4dGZvcm1zLm5ldHN1aXRlLmNvbS9hcHAvc2l0ZS9ob3N0aW5nL3NjcmlwdGxldC5ubD9zY3JpcHQ9NDI1JmRlcGxveT0xJmNvbXBpZD0zNTU0Mjk0Jm5zLWF0PUFBRUo3dE1RajVJcl9oaUpWVThsMTZXQjN5eG1SMUU0TzVCalFpNHJCUGNqOEJucnNIWSZ1Zj04NTM0OTQzOTM0&amp;__h=AAFdikaI8LyTdgxfftZOuOyH0oVASB2FB57cNTJE0hCEW-Pj5lA&amp;_od=aHR0cHM6Ly8zNTU0Mjk0LmV4dGZvcm1zLm5ldHN1aXRlLmNvbQ**\"> Emiss\u00e3o de certificados\/declara\u00e7\u00f5es<\/a><\/p>\n<p>A p\u00e1gina ira dar a op\u00e7\u00e3o de\u00a0Imprimir Certificado\u00a0ou\u00a0Validar Certificado.<\/p>\n<p>Ao escolher a op\u00e7\u00e3o Imprimir certificado, o usu\u00e1rio digita o n\u00famero do CPF e ano de conclus\u00e3o do treinamento, em seguida clicar no bot\u00e3o Pesquisar.<\/p>\n<p>o Sistema ir\u00e1 listar todos cursos realizados no ano informado, desde que estejam cadastrados no SENAR NAS NUVENS. Listado os eventos, clicar no bot\u00e3o\u00a0GERAR PDF<\/p>\n<p>Para\u00a0validar o certificado\u00a0\u00e9 necess\u00e1rio utilizar o c\u00f3digo de valida\u00e7\u00e3o impresso no rodap\u00e9 do Certificado Online.<\/p>\n<p>Obs: Est\u00e3o dispon\u00edveis os certificados online dos treinamentos realizados a partir de 2015.<\/p>\n<\/div>\n","protected":false},"excerpt":{"rendered":"<p>Veja os passos para a emiss\u00e3o dos certificados\/declara\u00e7\u00f5es online: Acessar o Link:\u00a0 Emiss\u00e3o de certificados\/declara\u00e7\u00f5es A p\u00e1gina ira dar a op\u00e7\u00e3o de\u00a0Imprimir Certificado\u00a0ou\u00a0Validar Certificado. Ao escolher a op\u00e7\u00e3o Imprimir certificado, o usu\u00e1rio digita o n\u00famero do CPF e ano de conclus\u00e3o do treinamento, em seguida clicar no bot\u00e3o Pesquisar. o Sistema ir\u00e1 listar todos cursos [&hellip;]<\/p>\n","protected":false},"author":1,"featured_media":0,"parent":0,"menu_order":0,"comment_status":"closed","ping_status":"closed","template":"","meta":{"footnotes":""},"class_list":["post-15692","page","type-page","status-publish","czr-hentry"],"_links":{"self":[{"href":"https:\/\/faec.org.br\/senar\/wp-json\/wp\/v2\/pages\/15692","targetHints":{"allow":["GET"]}}],"collection":[{"href":"https:\/\/faec.org.br\/senar\/wp-json\/wp\/v2\/pages"}],"about":[{"href":"https:\/\/faec.org.br\/senar\/wp-json\/wp\/v2\/types\/page"}],"author":[{"embeddable":true,"href":"https:\/\/faec.org.br\/senar\/wp-json\/wp\/v2\/users\/1"}],"replies":[{"embeddable":true,"href":"https:\/\/faec.org.br\/senar\/wp-json\/wp\/v2\/comments?post=15692"}],"version-history":[{"count":10,"href":"https:\/\/faec.org.br\/senar\/wp-json\/wp\/v2\/pages\/15692\/revisions"}],"predecessor-version":[{"id":17424,"href":"https:\/\/faec.org.br\/senar\/wp-json\/wp\/v2\/pages\/15692\/revisions\/17424"}],"wp:attachment":[{"href":"https:\/\/faec.org.br\/senar\/wp-json\/wp\/v2\/media?parent=15692"}],"curies":[{"name":"wp","href":"https:\/\/api.w.org\/{rel}","templated":true}]}}