{"id":15691,"date":"2022-03-18T10:29:07","date_gmt":"2022-03-18T13:29:07","guid":{"rendered":"http:\/\/faec.org.br\/senar\/?page_id=15691"},"modified":"2024-05-02T09:15:19","modified_gmt":"2024-05-02T12:15:19","slug":"patrocinios-2","status":"publish","type":"page","link":"https:\/\/faec.org.br\/senar\/patrocinios-2\/","title":{"rendered":"Patroc\u00ednios"},"content":{"rendered":"<h2 style=\"text-align: center;\">Orienta\u00e7\u00e3o sobre Patroc\u00ednios<\/h2>\n<p><iframe loading=\"lazy\" style=\"width: 925px; height: 900px;\" src=\"https:\/\/senarce.org.br\/novo\/wp-content\/uploads\/2019\/02\/Orienta\u00e7\u00f5es-sobre-patroc\u00ednios.pdf\" width=\"450\" height=\"900\" frameborder=\"0\"><span data-mce-type=\"bookmark\" style=\"display: inline-block; width: 0px; overflow: hidden; line-height: 0;\" class=\"mce_SELRES_start\">\ufeff<\/span><\/iframe><\/p>\n","protected":false},"excerpt":{"rendered":"<p>Orienta\u00e7\u00e3o sobre Patroc\u00ednios \ufeff<\/p>\n","protected":false},"author":1,"featured_media":0,"parent":0,"menu_order":0,"comment_status":"closed","ping_status":"closed","template":"","meta":{"footnotes":""},"class_list":["post-15691","page","type-page","status-publish","czr-hentry"],"_links":{"self":[{"href":"https:\/\/faec.org.br\/senar\/wp-json\/wp\/v2\/pages\/15691","targetHints":{"allow":["GET"]}}],"collection":[{"href":"https:\/\/faec.org.br\/senar\/wp-json\/wp\/v2\/pages"}],"about":[{"href":"https:\/\/faec.org.br\/senar\/wp-json\/wp\/v2\/types\/page"}],"author":[{"embeddable":true,"href":"https:\/\/faec.org.br\/senar\/wp-json\/wp\/v2\/users\/1"}],"replies":[{"embeddable":true,"href":"https:\/\/faec.org.br\/senar\/wp-json\/wp\/v2\/comments?post=15691"}],"version-history":[{"count":3,"href":"https:\/\/faec.org.br\/senar\/wp-json\/wp\/v2\/pages\/15691\/revisions"}],"predecessor-version":[{"id":17192,"href":"https:\/\/faec.org.br\/senar\/wp-json\/wp\/v2\/pages\/15691\/revisions\/17192"}],"wp:attachment":[{"href":"https:\/\/faec.org.br\/senar\/wp-json\/wp\/v2\/media?parent=15691"}],"curies":[{"name":"wp","href":"https:\/\/api.w.org\/{rel}","templated":true}]}}