{"id":17272,"date":"2024-05-08T14:08:14","date_gmt":"2024-05-08T17:08:14","guid":{"rendered":"https:\/\/faec.org.br\/sistema\/?page_id=17272"},"modified":"2024-06-18T10:39:04","modified_gmt":"2024-06-18T13:39:04","slug":"contratacao-direta-faec","status":"publish","type":"page","link":"http:\/\/faec.org.br\/sistema\/contratacao-direta-faec\/","title":{"rendered":"CONTRATA\u00c7\u00c3O DIRETA &#8211; FAEC"},"content":{"rendered":"<p><strong>CONTRATA\u00c7\u00c3O DIRETA N\u00ba 0002\/2024-FAEC<\/strong><\/p>\n<p style=\"font-weight: 400; text-align: justify;\">A Federa\u00e7\u00e3o da Agricultura e Pecu\u00e1ria do Estado do Cear\u00e1 \u2013 FAEC entre os dias 03 a 12 de junho, realiza a\u00a0<strong>COTA\u00c7\u00c3O DE PRE\u00c7OS<\/strong>\u00a0 para contrata\u00e7\u00e3o de empresas aptas a\u00a0<strong>PRESTAREM SERVI\u00c7OS DE CONSULTORIA ESPECIALIZADA EM MELHORAMENTO GEN\u00c9TICO, AOS PEQUENOS E M\u00c9DIOS PRODUTORES RURAIS NAS REGI\u00d5ES CENTRO-SUL, INHAMUNS, SERT\u00c3O CENTRAL, BAIXO E M\u00c9DIO JAGUARIBE E DEMAIS REGI\u00d5ES DO ESTADO DO CEAR\u00c1<em>,<\/em><\/strong>\u00a0conforme os objetivos do Projeto de Desenvolvimento e Melhoramento Gen\u00e9tico da Bovinocultura de Leite no Estado do Cear\u00e1 e\u00a0Termo de Refer\u00eancia \u2013 Contrata\u00e7\u00e3o Direta e seus ANEXOS. Como crit\u00e9rio de julgamento ser\u00e1 selecionada a proposta que oferecer MENOR PRE\u00c7O por item.<\/p>\n<p style=\"font-weight: 400; text-align: justify;\">Dessa forma, solicita-se o envio de proposta de pre\u00e7os para o e-mail\u00a0\u00a0<a href=\"mailto:convenio@faec.org.br\">convenio@faec.org.br<\/a>\u00a0<strong>at\u00e9 o dia 12\/06\/2024<\/strong>. Ao formalizar sua proposta, a empresa declara que est\u00e1 de acordo com as condi\u00e7\u00f5es estabelecidas no Termo de Refer\u00eancia \u2013 Contrata\u00e7\u00e3o Direta e seus ANEXOS.<\/p>\n<ul>\n<li><a href=\"http:\/\/faec.org.br\/sistema\/wp-content\/uploads\/2024\/06\/ANEXO-I-TERMO-DE-REFERENCIA-TECNICA-Aviso-no02.pdf\">ANEXO I &#8211; TERMO DE REFER\u00caNCIA T\u00c9CNICA (Aviso n\u00ba02)<\/a><\/li>\n<li><a href=\"http:\/\/faec.org.br\/sistema\/wp-content\/uploads\/2024\/06\/ANEXO-II-MODELO-DE-PROPOSTA-DE-PRECOS-Aviso-no02.pdf\">ANEXO II &#8211; MODELO DE PROPOSTA DE PRE\u00c7OS (Aviso n\u00ba02)<\/a><\/li>\n<li><a href=\"http:\/\/faec.org.br\/sistema\/wp-content\/uploads\/2024\/06\/ANEXO-III-MODELO-DE-CADASTRO-DE-PROFISSIONAIS-Aviso-no02.pdf\">ANEXO III &#8211; MODELO DE CADASTRO DE PROFISSIONAIS (Aviso n\u00ba02)<\/a><\/li>\n<li><a href=\"http:\/\/faec.org.br\/sistema\/wp-content\/uploads\/2024\/06\/Aviso-de-Contratacao-Direta-no-002-2024-FAEC-PRORROGACAO-1.pdf\">Aviso de Contrata\u00e7\u00e3o Direta n\u00ba 002-2024-FAEC &#8211; PRORROGA\u00c7\u00c3O<\/a><\/li>\n<li><a href=\"http:\/\/faec.org.br\/sistema\/wp-content\/uploads\/2024\/06\/TERMO-DE-REFERENCIA-Aviso-n\u00b002-PRORROGACAO.pdf\">TERMO DE REFERENCIA (Aviso n\u00b002) &#8211; PRORROGA\u00c7\u00c3O<\/a><\/li>\n<\/ul>\n<ul>\n<li>\n<h4><strong><a href=\"http:\/\/faec.org.br\/sistema\/wp-content\/uploads\/2024\/06\/Aviso-de-Contratacao-Direta-no-002-2024-FAEC-RESULTADOS.pdf\">Aviso de Contrata\u00e7\u00e3o Direta n\u00ba 002-2024-FAEC &#8211; RESULTADOS<\/a><\/strong><\/h4>\n<\/li>\n<\/ul>\n<p>&nbsp;<\/p>\n<p><strong>CONTRATA\u00c7\u00c3O DIRETA N\u00ba 0001\/2024-FAEC<\/strong><\/p>\n<p style=\"text-align: justify;\">A Federa\u00e7\u00e3o da Agricultura e Pecu\u00e1ria do Estado do Cear\u00e1 \u2013 FAEC entre os dias 08 a 17 de maio, realiza a\u00a0<strong>COTA\u00c7\u00c3O DE PRE\u00c7OS<\/strong>\u00a0 para contrata\u00e7\u00e3o de empresas aptas a\u00a0<strong>PRESTAREM SERVI\u00c7OS DE CONSULTORIA ESPECIALIZADA EM MELHORAMENTO GEN\u00c9TICO, AOS PEQUENOS E M\u00c9DIOS PRODUTORES RURAIS NAS REGI\u00d5ES CENTRO-SUL, INHAMUNS, SERT\u00c3O CENTRAL, BAIXO E M\u00c9DIO JAGUARIBE E DEMAIS REGI\u00d5ES DO ESTADO DO CEAR\u00c1<em>,<\/em><\/strong>\u00a0conforme os objetivos do Projeto de Desenvolvimento e Melhoramento Gen\u00e9tico da Bovinocultura de Leite no Estado do Cear\u00e1 e\u00a0Termo de Refer\u00eancia \u2013 Contrata\u00e7\u00e3o Direta e seus ANEXOS. Como crit\u00e9rio de julgamento ser\u00e1 selecionada a proposta que oferecer MENOR PRE\u00c7O por item.<\/p>\n<p style=\"text-align: justify;\">Dessa forma, solicita-se o envio de proposta de pre\u00e7os para o e-mail\u00a0\u00a0<a href=\"mailto:convenio@faec.org.br\">convenio@faec.org.br<\/a>\u00a0<strong>at\u00e9 o dia 17\/05\/2024<\/strong>. Ao formalizar sua proposta, a empresa declara que est\u00e1 de acordo com as condi\u00e7\u00f5es estabelecidas no Termo de Refer\u00eancia \u2013 Contrata\u00e7\u00e3o Direta e seus ANEXOS.<\/p>\n<ul>\n<li style=\"text-align: justify;\"><a href=\"http:\/\/faec.org.br\/sistema\/wp-content\/uploads\/2024\/05\/ANEXO-I-TERMO-DE-REFERENCIA-TECNICA.pdf\">ANEXO I &#8211; TERMO DE REFER\u00caNCIA T\u00c9CNICA<\/a><\/li>\n<li style=\"text-align: justify;\"><a href=\"http:\/\/faec.org.br\/sistema\/wp-content\/uploads\/2024\/05\/ANEXO-II-MODELO-DE-PROPOSTA-DE-PRECOS.pdf\">ANEXO II &#8211; MODELO DE PROPOSTA DE PRE\u00c7OS<\/a><\/li>\n<li style=\"text-align: justify;\"><a href=\"http:\/\/faec.org.br\/sistema\/wp-content\/uploads\/2024\/05\/ANEXO-III-MODELO-DE-CADASTRO-DE-PROFISSIONAIS.pdf\">ANEXO III &#8211; MODELO DE CADASTRO DE PROFISSIONAIS<\/a><\/li>\n<li style=\"text-align: justify;\"><a href=\"http:\/\/faec.org.br\/sistema\/wp-content\/uploads\/2024\/05\/Aviso-de-Contratacao-Direta-no-001-2024-FAEC-retificado.pdf\">Aviso de Contrata\u00e7\u00e3o Direta n\u00ba 001-2024-FAEC<\/a><\/li>\n<li><a href=\"http:\/\/faec.org.br\/sistema\/wp-content\/uploads\/2024\/05\/RETIFICACAO-DO-Aviso-de-Contratacao-Direta-no-001-2024-FAEC.pdf\">RETIFICA\u00c7\u00c3O do Aviso de Contrata\u00e7\u00e3o Direta n\u00ba 001-2024<\/a><\/li>\n<li style=\"text-align: justify;\"><a href=\"http:\/\/faec.org.br\/sistema\/wp-content\/uploads\/2024\/05\/TERMO-DE-REFERENCIA-CONTRATACAO-DIRETA-COM-ASSINATURA-retificado.pdf\">TERMO DE REFERENCIA &#8211; CONTRATA\u00c7\u00c3O DIRETA &#8211; COM ASSINATURA<\/a><\/li>\n<li>\n<h4><strong><a href=\"http:\/\/faec.org.br\/sistema\/wp-content\/uploads\/2024\/05\/Aviso-de-Contratacao-Direta-no-001-2024-FAEC-RESULTADOS.pdf\">Aviso de Contrata\u00e7\u00e3o Direta n\u00ba 001-2024-FAEC &#8211; RESULTADOS<\/a><\/strong><\/h4>\n<\/li>\n<\/ul>\n","protected":false},"excerpt":{"rendered":"<p>CONTRATA\u00c7\u00c3O DIRETA N\u00ba 0002\/2024-FAEC A Federa\u00e7\u00e3o da Agricultura e Pecu\u00e1ria do Estado do Cear\u00e1 \u2013 FAEC entre os dias 03 a 12 de junho, realiza a\u00a0COTA\u00c7\u00c3O DE PRE\u00c7OS\u00a0 para contrata\u00e7\u00e3o de empresas aptas a\u00a0PRESTAREM SERVI\u00c7OS DE CONSULTORIA ESPECIALIZADA EM MELHORAMENTO GEN\u00c9TICO, AOS PEQUENOS E M\u00c9DIOS PRODUTORES RURAIS NAS REGI\u00d5ES CENTRO-SUL, INHAMUNS, SERT\u00c3O CENTRAL, BAIXO E [&hellip;]<\/p>\n","protected":false},"author":1,"featured_media":0,"parent":0,"menu_order":0,"comment_status":"closed","ping_status":"closed","template":"","meta":{"footnotes":"","_links_to":"","_links_to_target":""},"class_list":["post-17272","page","type-page","status-publish","czr-hentry"],"aioseo_notices":[],"_links":{"self":[{"href":"http:\/\/faec.org.br\/sistema\/wp-json\/wp\/v2\/pages\/17272","targetHints":{"allow":["GET"]}}],"collection":[{"href":"http:\/\/faec.org.br\/sistema\/wp-json\/wp\/v2\/pages"}],"about":[{"href":"http:\/\/faec.org.br\/sistema\/wp-json\/wp\/v2\/types\/page"}],"author":[{"embeddable":true,"href":"http:\/\/faec.org.br\/sistema\/wp-json\/wp\/v2\/users\/1"}],"replies":[{"embeddable":true,"href":"http:\/\/faec.org.br\/sistema\/wp-json\/wp\/v2\/comments?post=17272"}],"version-history":[{"count":10,"href":"http:\/\/faec.org.br\/sistema\/wp-json\/wp\/v2\/pages\/17272\/revisions"}],"predecessor-version":[{"id":17385,"href":"http:\/\/faec.org.br\/sistema\/wp-json\/wp\/v2\/pages\/17272\/revisions\/17385"}],"wp:attachment":[{"href":"http:\/\/faec.org.br\/sistema\/wp-json\/wp\/v2\/media?parent=17272"}],"curies":[{"name":"wp","href":"https:\/\/api.w.org\/{rel}","templated":true}]}}