{"id":15947,"date":"2022-08-16T09:00:10","date_gmt":"2022-08-16T12:00:10","guid":{"rendered":"http:\/\/faec.org.br\/sistema\/?page_id=15947"},"modified":"2022-10-21T15:00:53","modified_gmt":"2022-10-21T18:00:53","slug":"1a-cavalgada-do-agro-fortaleza-ce","status":"publish","type":"page","link":"http:\/\/faec.org.br\/sistema\/1a-cavalgada-do-agro-fortaleza-ce\/","title":{"rendered":"1\u00aa Cavalgada do AGRO Cearense &#8211; Fortaleza-CE"},"content":{"rendered":"<h6><img loading=\"lazy\" decoding=\"async\" class=\"alignnone wp-image-16182\" src=\"http:\/\/faec.org.br\/sistema\/wp-content\/uploads\/2022\/10\/ENCERRADO.png\" alt=\"\" width=\"1070\" height=\"596\" srcset=\"http:\/\/faec.org.br\/sistema\/wp-content\/uploads\/2022\/10\/ENCERRADO.png 1292w, http:\/\/faec.org.br\/sistema\/wp-content\/uploads\/2022\/10\/ENCERRADO-300x167.png 300w, http:\/\/faec.org.br\/sistema\/wp-content\/uploads\/2022\/10\/ENCERRADO-768x428.png 768w, http:\/\/faec.org.br\/sistema\/wp-content\/uploads\/2022\/10\/ENCERRADO-24x13.png 24w, http:\/\/faec.org.br\/sistema\/wp-content\/uploads\/2022\/10\/ENCERRADO-36x20.png 36w, http:\/\/faec.org.br\/sistema\/wp-content\/uploads\/2022\/10\/ENCERRADO-48x27.png 48w\" sizes=\"auto, (max-width: 1070px) 100vw, 1070px\" \/><\/h6>\n<h6><img loading=\"lazy\" decoding=\"async\" class=\"aligncenter size-large wp-image-16029\" src=\"http:\/\/faec.org.br\/sistema\/wp-content\/uploads\/2022\/09\/CARD-LINK-2048x691.jpg\" alt=\"\" width=\"1140\" height=\"385\" srcset=\"http:\/\/faec.org.br\/sistema\/wp-content\/uploads\/2022\/09\/CARD-LINK-2048x691.jpg 2048w, http:\/\/faec.org.br\/sistema\/wp-content\/uploads\/2022\/09\/CARD-LINK-300x101.jpg 300w, http:\/\/faec.org.br\/sistema\/wp-content\/uploads\/2022\/09\/CARD-LINK-768x259.jpg 768w, http:\/\/faec.org.br\/sistema\/wp-content\/uploads\/2022\/09\/CARD-LINK-1536x518.jpg 1536w, http:\/\/faec.org.br\/sistema\/wp-content\/uploads\/2022\/09\/CARD-LINK-24x8.jpg 24w, http:\/\/faec.org.br\/sistema\/wp-content\/uploads\/2022\/09\/CARD-LINK-36x12.jpg 36w, http:\/\/faec.org.br\/sistema\/wp-content\/uploads\/2022\/09\/CARD-LINK-48x16.jpg 48w\" sizes=\"auto, (max-width: 1140px) 100vw, 1140px\" \/><\/h6>\n<h6><strong>Concentra\u00e7\u00e3o:<\/strong> Aterro da Praia de Iracema<\/h6>\n<h6><strong>Sa\u00edda: <\/strong>22 de outubro \u00e0s 14 horas\/2022<\/h6>\n<h6><strong>Obrigatoriedades:<\/strong> Apresentar ao respons\u00e1vel t\u00e9cnico do evento os exames de anemia infecciosa equino e mormo<\/h6>\n<h6><strong>Realiza\u00e7\u00e3o:<\/strong> Associa\u00e7\u00e3o dos Criadores do Cear\u00e1 &#8211; ACC<\/h6>\n<h6><strong>Apoio: <\/strong>Federa\u00e7\u00e3o da Agricultura e Pecu\u00e1ria do Estado do Cear\u00e1 &#8211; FAEC<\/h6>\n<hr \/>\n<p><strong>Trajeto:<\/strong><\/p>\n<p><img loading=\"lazy\" decoding=\"async\" class=\"aligncenter size-full wp-image-15949\" src=\"http:\/\/faec.org.br\/sistema\/wp-content\/uploads\/2022\/08\/cavalgada.jpg\" alt=\"\" width=\"967\" height=\"680\" srcset=\"http:\/\/faec.org.br\/sistema\/wp-content\/uploads\/2022\/08\/cavalgada.jpg 967w, http:\/\/faec.org.br\/sistema\/wp-content\/uploads\/2022\/08\/cavalgada-300x211.jpg 300w, http:\/\/faec.org.br\/sistema\/wp-content\/uploads\/2022\/08\/cavalgada-768x540.jpg 768w, http:\/\/faec.org.br\/sistema\/wp-content\/uploads\/2022\/08\/cavalgada-24x17.jpg 24w, http:\/\/faec.org.br\/sistema\/wp-content\/uploads\/2022\/08\/cavalgada-36x25.jpg 36w, http:\/\/faec.org.br\/sistema\/wp-content\/uploads\/2022\/08\/cavalgada-48x34.jpg 48w\" sizes=\"auto, (max-width: 967px) 100vw, 967px\" \/><\/p>\n","protected":false},"excerpt":{"rendered":"<p>Concentra\u00e7\u00e3o: Aterro da Praia de Iracema Sa\u00edda: 22 de outubro \u00e0s 14 horas\/2022 Obrigatoriedades: Apresentar ao respons\u00e1vel t\u00e9cnico do evento os exames de anemia infecciosa equino e mormo Realiza\u00e7\u00e3o: Associa\u00e7\u00e3o dos Criadores do Cear\u00e1 &#8211; ACC Apoio: Federa\u00e7\u00e3o da Agricultura e Pecu\u00e1ria do Estado do Cear\u00e1 &#8211; FAEC Trajeto:<\/p>\n","protected":false},"author":1,"featured_media":16029,"parent":0,"menu_order":0,"comment_status":"closed","ping_status":"closed","template":"","meta":{"footnotes":"","_links_to":"","_links_to_target":""},"class_list":["post-15947","page","type-page","status-publish","has-post-thumbnail","czr-hentry"],"aioseo_notices":[],"_links":{"self":[{"href":"http:\/\/faec.org.br\/sistema\/wp-json\/wp\/v2\/pages\/15947","targetHints":{"allow":["GET"]}}],"collection":[{"href":"http:\/\/faec.org.br\/sistema\/wp-json\/wp\/v2\/pages"}],"about":[{"href":"http:\/\/faec.org.br\/sistema\/wp-json\/wp\/v2\/types\/page"}],"author":[{"embeddable":true,"href":"http:\/\/faec.org.br\/sistema\/wp-json\/wp\/v2\/users\/1"}],"replies":[{"embeddable":true,"href":"http:\/\/faec.org.br\/sistema\/wp-json\/wp\/v2\/comments?post=15947"}],"version-history":[{"count":21,"href":"http:\/\/faec.org.br\/sistema\/wp-json\/wp\/v2\/pages\/15947\/revisions"}],"predecessor-version":[{"id":16184,"href":"http:\/\/faec.org.br\/sistema\/wp-json\/wp\/v2\/pages\/15947\/revisions\/16184"}],"wp:featuredmedia":[{"embeddable":true,"href":"http:\/\/faec.org.br\/sistema\/wp-json\/wp\/v2\/media\/16029"}],"wp:attachment":[{"href":"http:\/\/faec.org.br\/sistema\/wp-json\/wp\/v2\/media?parent=15947"}],"curies":[{"name":"wp","href":"https:\/\/api.w.org\/{rel}","templated":true}]}}