{"id":15832,"date":"2022-07-13T09:42:09","date_gmt":"2022-07-13T12:42:09","guid":{"rendered":"https:\/\/faec.org.br\/sistema\/?page_id=15832"},"modified":"2024-05-21T08:03:49","modified_gmt":"2024-05-21T11:03:49","slug":"faec-jovem","status":"publish","type":"page","link":"http:\/\/faec.org.br\/sistema\/faec-jovem\/","title":{"rendered":"FAEC JOVEM"},"content":{"rendered":"<h4>Edital FAEC Jovem 2024<\/h4>\n<ul>\n<li><strong><a href=\"http:\/\/faec.org.br\/sistema\/wp-content\/uploads\/2024\/05\/2024-EDITAL-FAEC-JOVEM-VERSAO-FINAL.pdf\">Edital FAEC JOVEM<\/a><\/strong><\/li>\n<\/ul>\n<p><iframe loading=\"lazy\" style=\"width: 800px; height: 750px;\" src=\"https:\/\/faec.org.br\/sistema\/wp-content\/uploads\/2024\/05\/2024-EDITAL-FAEC-JOVEM-VERSAO-FINAL.pdf\" width=\"700\" height=\"750\" frameborder=\"0\"><span data-mce-type=\"bookmark\" style=\"display: inline-block; width: 0px; overflow: hidden; line-height: 0;\" class=\"mce_SELRES_start\">\ufeff<\/span><span data-mce-type=\"bookmark\" style=\"display: inline-block; width: 0px; overflow: hidden; line-height: 0;\" class=\"mce_SELRES_start\">\ufeff<\/span><span data-mce-type=\"bookmark\" style=\"display: inline-block; width: 0px; overflow: hidden; line-height: 0;\" class=\"mce_SELRES_start\">\ufeff<\/span><span data-mce-type=\"bookmark\" style=\"display: inline-block; width: 0px; overflow: hidden; line-height: 0;\" class=\"mce_SELRES_start\">\ufeff<\/span><span data-mce-type=\"bookmark\" style=\"display: inline-block; width: 0px; overflow: hidden; line-height: 0;\" class=\"mce_SELRES_start\">\ufeff<\/span><\/iframe><\/p>\n<h4>Formul\u00e1rio de Inscri\u00e7\u00e3o &#8211; FAEC JOVEM<\/h4>\n\n<div class=\"wpcf7 no-js\" id=\"wpcf7-f15831-o1\" lang=\"pt-BR\" dir=\"ltr\" data-wpcf7-id=\"15831\">\n<div class=\"screen-reader-response\"><p role=\"status\" aria-live=\"polite\" aria-atomic=\"true\"><\/p> <ul><\/ul><\/div>\n<form action=\"\/sistema\/wp-json\/wp\/v2\/pages\/15832#wpcf7-f15831-o1\" method=\"post\" class=\"wpcf7-form init\" aria-label=\"Formul\u00e1rios de contato\" enctype=\"multipart\/form-data\" novalidate=\"novalidate\" data-status=\"init\">\n<div style=\"display: none;\">\n<input type=\"hidden\" name=\"_wpcf7\" value=\"15831\" \/>\n<input type=\"hidden\" name=\"_wpcf7_version\" value=\"6.0.1\" \/>\n<input type=\"hidden\" name=\"_wpcf7_locale\" value=\"pt_BR\" \/>\n<input type=\"hidden\" name=\"_wpcf7_unit_tag\" value=\"wpcf7-f15831-o1\" \/>\n<input type=\"hidden\" name=\"_wpcf7_container_post\" value=\"0\" \/>\n<input type=\"hidden\" name=\"_wpcf7_posted_data_hash\" value=\"\" \/>\n<input type=\"hidden\" name=\"_wpcf7cf_hidden_group_fields\" value=\"[]\" \/>\n<input type=\"hidden\" name=\"_wpcf7cf_hidden_groups\" value=\"[]\" \/>\n<input type=\"hidden\" name=\"_wpcf7cf_visible_groups\" value=\"[]\" \/>\n<input type=\"hidden\" name=\"_wpcf7cf_repeaters\" value=\"[]\" \/>\n<input type=\"hidden\" name=\"_wpcf7cf_steps\" value=\"{}\" \/>\n<input type=\"hidden\" name=\"_wpcf7cf_options\" value=\"{&quot;form_id&quot;:15831,&quot;conditions&quot;:[],&quot;settings&quot;:{&quot;animation&quot;:&quot;yes&quot;,&quot;animation_intime&quot;:200,&quot;animation_outtime&quot;:200,&quot;conditions_ui&quot;:&quot;normal&quot;,&quot;notice_dismissed&quot;:false,&quot;notice_dismissed_update-cf7-5.7.5.1&quot;:true,&quot;notice_dismissed_rollback-cf7-5.8.1&quot;:true}}\" \/>\n<input type=\"hidden\" name=\"_wpcf7_recaptcha_response\" value=\"\" \/>\n<\/div>\n<p><label> Nome do(a) Candidato(a)<span class=\"wpcf7-form-control-wrap\" data-name=\"nome\"><input size=\"40\" maxlength=\"400\" class=\"wpcf7-form-control wpcf7-text wpcf7-validates-as-required\" aria-required=\"true\" aria-invalid=\"false\" value=\"\" type=\"text\" name=\"nome\" \/><\/span><\/label>\n<\/p>\n<p><label> Data de Nascimento<br \/>\n<span class=\"wpcf7-form-control-wrap\" data-name=\"nascimento\"><input class=\"wpcf7-form-control wpcf7-date wpcf7-validates-as-required wpcf7-validates-as-date\" aria-required=\"true\" aria-invalid=\"false\" value=\"\" type=\"date\" name=\"nascimento\" \/><\/span> <\/label>\n<\/p>\n<p><label> N\u00ba documento de identidade<br \/>\n<span class=\"wpcf7-form-control-wrap\" data-name=\"identidade\"><input size=\"40\" maxlength=\"400\" class=\"wpcf7-form-control wpcf7-text wpcf7-validates-as-required\" aria-required=\"true\" aria-invalid=\"false\" value=\"\" type=\"text\" name=\"identidade\" \/><\/span> <\/label>\n<\/p>\n<p><label> Org\u00e3o expedidor<br \/>\n<span class=\"wpcf7-form-control-wrap\" data-name=\"orgao\"><input size=\"40\" maxlength=\"400\" class=\"wpcf7-form-control wpcf7-text wpcf7-validates-as-required\" aria-required=\"true\" aria-invalid=\"false\" value=\"\" type=\"text\" name=\"orgao\" \/><\/span> <\/label>\n<\/p>\n<p><label> Telefone<br \/>\n<span class=\"wpcf7-form-control-wrap\" data-name=\"telefone\"><input size=\"40\" maxlength=\"400\" class=\"wpcf7-form-control wpcf7-tel wpcf7-validates-as-required wpcf7-text wpcf7-validates-as-tel\" aria-required=\"true\" aria-invalid=\"false\" value=\"\" type=\"tel\" name=\"telefone\" \/><\/span><\/label>\n<\/p>\n<p><label> Seu e-mail<br \/>\n<span class=\"wpcf7-form-control-wrap\" data-name=\"email\"><input size=\"40\" maxlength=\"400\" class=\"wpcf7-form-control wpcf7-email wpcf7-validates-as-required wpcf7-text wpcf7-validates-as-email\" aria-required=\"true\" aria-invalid=\"false\" value=\"\" type=\"email\" name=\"email\" \/><\/span> <\/label>\n<\/p>\n<p><label> Endere\u00e7o<br \/>\n<span class=\"wpcf7-form-control-wrap\" data-name=\"endereco\"><input size=\"40\" maxlength=\"400\" class=\"wpcf7-form-control wpcf7-text wpcf7-validates-as-required\" aria-required=\"true\" aria-invalid=\"false\" value=\"\" type=\"text\" name=\"endereco\" \/><\/span> <\/label>\n<\/p>\n<p><label> Complemento<br \/>\n<span class=\"wpcf7-form-control-wrap\" data-name=\"complemento\"><input size=\"40\" maxlength=\"400\" class=\"wpcf7-form-control wpcf7-text wpcf7-validates-as-required\" aria-required=\"true\" aria-invalid=\"false\" value=\"\" type=\"text\" name=\"complemento\" \/><\/span> <\/label>\n<\/p>\n<p><label> Cidade\/UF<br \/>\n<span class=\"wpcf7-form-control-wrap\" data-name=\"cidade\"><input size=\"40\" maxlength=\"400\" class=\"wpcf7-form-control wpcf7-text wpcf7-validates-as-required\" aria-required=\"true\" aria-invalid=\"false\" value=\"\" type=\"text\" name=\"cidade\" \/><\/span> <\/label>\n<\/p>\n<p><label> Regional<br \/>\n<span class=\"wpcf7-form-control-wrap\" data-name=\"regional\"><input size=\"40\" maxlength=\"400\" class=\"wpcf7-form-control wpcf7-text wpcf7-validates-as-required\" aria-required=\"true\" aria-invalid=\"false\" value=\"\" type=\"text\" name=\"regional\" \/><\/span> <\/label>\n<\/p>\n<p><label> Candidato(a) egresso(a) do CNA Jovem<br \/>\n<span class=\"wpcf7-form-control-wrap\" data-name=\"checkcna\"><span class=\"wpcf7-form-control wpcf7-radio\"><span class=\"wpcf7-list-item first\"><label><input type=\"radio\" name=\"checkcna\" value=\"SIM\" checked=\"checked\" \/><span class=\"wpcf7-list-item-label\">SIM<\/span><\/label><\/span><span class=\"wpcf7-list-item last\"><label><input type=\"radio\" name=\"checkcna\" value=\"N\u00c3O\" \/><span class=\"wpcf7-list-item-label\">N\u00c3O<\/span><\/label><\/span><\/span><\/span><br \/>\n<\/label>\n<\/p>\n<p><label> DESCRI\u00c7\u00c3O DO PROBLEMA\/DESAFIO LOCAL RELACIONADO AO SETOR AGROPECU\u00c1RIO A SER SOLUCIONADO<br \/>\n<span class=\"wpcf7-form-control-wrap\" data-name=\"your-message\"><textarea cols=\"40\" rows=\"10\" maxlength=\"2000\" class=\"wpcf7-form-control wpcf7-textarea wpcf7-validates-as-required\" aria-required=\"true\" aria-invalid=\"false\" name=\"your-message\"><\/textarea><\/span> <\/label>\n<\/p>\n<p>Declaro que li e estou de acordo com as normas deste edital<br \/>\n<span class=\"wpcf7-form-control-wrap\" data-name=\"declaro\"><span class=\"wpcf7-form-control wpcf7-acceptance\"><span class=\"wpcf7-list-item\"><input type=\"checkbox\" name=\"declaro\" value=\"1\" aria-invalid=\"false\" \/><\/span><\/span><\/span>\n<\/p>\n<p><label>Documento de identifica\u00e7\u00e3o oficial com foto<span class=\"wpcf7-form-control-wrap\" data-name=\"docfoto\"><input size=\"40\" class=\"wpcf7-form-control wpcf7-file wpcf7-validates-as-required form_faecjovem\" accept=\".pdf,.png,.jpg,.docx,.doc,.gif\" aria-required=\"true\" aria-invalid=\"false\" type=\"file\" name=\"docfoto\" \/><\/span><\/label>\n<\/p>\n<p><label>CPF<span class=\"wpcf7-form-control-wrap\" data-name=\"doccpf\"><input size=\"40\" class=\"wpcf7-form-control wpcf7-file wpcf7-validates-as-required form_faecjovem\" accept=\".pdf,.png,.jpg,.docx,.doc,.gif\" aria-required=\"true\" aria-invalid=\"false\" type=\"file\" name=\"doccpf\" \/><\/span><br \/>\n<\/label>\n<\/p>\n<p><label>Comprovante de endere\u00e7o<span class=\"wpcf7-form-control-wrap\" data-name=\"comprovanteendereco\"><input size=\"40\" class=\"wpcf7-form-control wpcf7-file wpcf7-validates-as-required\" accept=\".pdf,.png,.jpg,.docx,.doc,.gifclass:form_faecjovem\" aria-required=\"true\" aria-invalid=\"false\" type=\"file\" name=\"comprovanteendereco\" \/><\/span><br \/>\n<\/label>\n<\/p>\n<p><label>Declara\u00e7\u00e3o de Participa\u00e7\u00e3o do Programa CNA JOVEM ou Certificado de Conclus\u00e3o de, no m\u00ednimo, 40 horas de cursos da Plataforma de Educa\u00e7\u00e3o Corporativa<span class=\"wpcf7-form-control-wrap\" data-name=\"declacacaoparticipacao\"><input size=\"40\" class=\"wpcf7-form-control wpcf7-file wpcf7-validates-as-required form_faecjovem\" accept=\".pdf,.png,.jpg,.docx,.doc,.gif\" aria-required=\"true\" aria-invalid=\"false\" type=\"file\" name=\"declacacaoparticipacao\" \/><\/span><br \/>\n<\/label>\n<\/p>\n<p><input class=\"wpcf7-form-control wpcf7-submit has-spinner\" type=\"submit\" value=\"Enviar\" \/>\n<\/p><div class=\"wpcf7-response-output\" aria-hidden=\"true\"><\/div>\n<\/form>\n<\/div>\n\n","protected":false},"excerpt":{"rendered":"<p>Edital FAEC Jovem 2024 Edital FAEC JOVEM \ufeff\ufeff\ufeff\ufeff\ufeff Formul\u00e1rio de Inscri\u00e7\u00e3o &#8211; FAEC JOVEM<\/p>\n","protected":false},"author":1,"featured_media":0,"parent":0,"menu_order":0,"comment_status":"closed","ping_status":"closed","template":"","meta":{"footnotes":"","_links_to":"","_links_to_target":""},"class_list":["post-15832","page","type-page","status-publish","czr-hentry"],"aioseo_notices":[],"_links":{"self":[{"href":"http:\/\/faec.org.br\/sistema\/wp-json\/wp\/v2\/pages\/15832","targetHints":{"allow":["GET"]}}],"collection":[{"href":"http:\/\/faec.org.br\/sistema\/wp-json\/wp\/v2\/pages"}],"about":[{"href":"http:\/\/faec.org.br\/sistema\/wp-json\/wp\/v2\/types\/page"}],"author":[{"embeddable":true,"href":"http:\/\/faec.org.br\/sistema\/wp-json\/wp\/v2\/users\/1"}],"replies":[{"embeddable":true,"href":"http:\/\/faec.org.br\/sistema\/wp-json\/wp\/v2\/comments?post=15832"}],"version-history":[{"count":17,"href":"http:\/\/faec.org.br\/sistema\/wp-json\/wp\/v2\/pages\/15832\/revisions"}],"predecessor-version":[{"id":17315,"href":"http:\/\/faec.org.br\/sistema\/wp-json\/wp\/v2\/pages\/15832\/revisions\/17315"}],"wp:attachment":[{"href":"http:\/\/faec.org.br\/sistema\/wp-json\/wp\/v2\/media?parent=15832"}],"curies":[{"name":"wp","href":"https:\/\/api.w.org\/{rel}","templated":true}]}}