{"id":469,"date":"2022-01-13T16:47:10","date_gmt":"2022-01-13T19:47:10","guid":{"rendered":"http:\/\/localhost\/faecsenarsinrural\/?page_id=469"},"modified":"2025-01-24T14:29:46","modified_gmt":"2025-01-24T17:29:46","slug":"encontre-seu-sindicato-rural","status":"publish","type":"page","link":"http:\/\/faec.org.br\/sinrural\/encontre-seu-sindicato-rural\/","title":{"rendered":"ENCONTRE SEU SINDICATO RURAL"},"content":{"rendered":"<p><img loading=\"lazy\" decoding=\"async\" class=\"alignnone size-large wp-image-467\" src=\"http:\/\/faec.org.br\/sinrural\/wp-content\/uploads\/2022\/01\/2021_07_21_Novo_Portal_-_Banner_Encontre_seu_Sindicato_Rural_-_445x90_pixels_-_01-1024x207.jpeg\" alt=\"\" width=\"1024\" height=\"207\" srcset=\"http:\/\/faec.org.br\/sinrural\/wp-content\/uploads\/2022\/01\/2021_07_21_Novo_Portal_-_Banner_Encontre_seu_Sindicato_Rural_-_445x90_pixels_-_01-1024x207.jpeg 1024w, http:\/\/faec.org.br\/sinrural\/wp-content\/uploads\/2022\/01\/2021_07_21_Novo_Portal_-_Banner_Encontre_seu_Sindicato_Rural_-_445x90_pixels_-_01-300x61.jpeg 300w, http:\/\/faec.org.br\/sinrural\/wp-content\/uploads\/2022\/01\/2021_07_21_Novo_Portal_-_Banner_Encontre_seu_Sindicato_Rural_-_445x90_pixels_-_01-768x156.jpeg 768w, http:\/\/faec.org.br\/sinrural\/wp-content\/uploads\/2022\/01\/2021_07_21_Novo_Portal_-_Banner_Encontre_seu_Sindicato_Rural_-_445x90_pixels_-_01.jpeg 1200w\" sizes=\"auto, (max-width: 1024px) 100vw, 1024px\" \/><\/p>\n<p style=\"text-align: justify;\">O sistema sindical rural trabalha e fala em seu nome e de todos os produtores rurais, dando for\u00e7a e voz as suas demandas e na defesa dos seus direitos, independente do tamanho da sua propriedade ou ramo de atividade.<\/p>\n<p style=\"text-align: justify;\">O Sindicato sempre vai promover a presta\u00e7\u00e3o de servi\u00e7os voltados para os produtores rurais, conte com a gente.<\/p>\n<p>Encontre o Sindicato Rural mais pr\u00f3ximo de voc\u00ea!<\/p>\n<address><strong>\u00a0Escolha seu Munic\u00edpio:<\/strong><\/address>\n<address><select name=\"jumpit\" size=\"1\" onchange=\"document.location.href=this.value\"><option selected=\"selected\" value=\"#\">Escolha uma op\u00e7\u00e3o:<\/option><option value=\"http:\/\/faec.org.br\/sinrural\/encontre-seu-sindicato-rural\/sindicato-rural-de-acopiara\/\">SINDICATO RURAL DE ACOPIARA<\/option><option value=\"http:\/\/faec.org.br\/sinrural\/encontre-seu-sindicato-rural\/sindicato-rural-de-amontada\/\">SINDICATO RURAL DE AMONTADA<\/option><option value=\"http:\/\/faec.org.br\/sinrural\/contribuicao-sindical-rural\/sindicato-rural-de-aracati\/\">SINDICATO RURAL DE ARACATI<\/option><option value=\"http:\/\/faec.org.br\/sinrural\/encontre-seu-sindicato-rural\/sindicato-rural-de-aracoiaba\/\">SINDICATO RURAL DE ARACOIABA<\/option><option value=\"https:\/\/faec.org.br\/sinrural\/encontre-seu-sindicato-rural\/sindicato-rural-de-araripe\/\">SINDICATO RURAL DE ARARIPE<\/option><option value=\"http:\/\/faec.org.br\/sinrural\/encontre-seu-sindicato-rural\/sindicato-rural-de-aurora\/\">SINDICATO RURAL DE AURORA<\/option><option value=\"http:\/\/faec.org.br\/sinrural\/encontre-seu-sindicato-rural\/sindicato-rural-de-banabuiu\/\">SINDICATO RURAL DE BANABUI\u00da<\/option><option value=\"http:\/\/faec.org.br\/sinrural\/encontre-seu-sindicato-rural\/sindicato-rural-de-barreira\/\">SINDICATO RURAL DE BARREIRA<\/option><option value=\"http:\/\/faec.org.br\/sinrural\/encontre-seu-sindicato-rural\/sindicato-rural-de-baturite\/\">SINDICATO RURAL DE BATURIT\u00c9<\/option><option value=\"http:\/\/faec.org.br\/sinrural\/encontre-seu-sindicato-rural\/sindicato-rural-de-beberibe\/\">SINDICATO RURAL DE BEBERIBE<\/option><option value=\"http:\/\/faec.org.br\/sinrural\/encontre-seu-sindicato-rural\/sindicato-rural-de-brejo-santo\/\">SINDICATO RURAL DE BREJO SANTO<\/option><option value=\"http:\/\/faec.org.br\/sinrural\/encontre-seu-sindicato-rural\/sindicato-rural-de-caninde\/\">SINDICATO RURAL DE CANIND\u00c9<\/option><option value=\"http:\/\/faec.org.br\/sinrural\/encontre-seu-sindicato-rural\/sindicato-rural-de-catunda\/\">SINDICATO RURAL DE CATUNDA<\/option><option value=\"http:\/\/faec.org.br\/sinrural\/encontre-seu-sindicato-rural\/sindicato-rural-de-caucaia\/\">SINDICATO RURAL DE CAUCAIA<\/option><option value=\"http:\/\/faec.org.br\/sinrural\/encontre-seu-sindicato-rural\/sindicato-rural-de-cascavel\/\">SINDICATO RURAL DE CASCAVEL<\/option><option value=\"http:\/\/faec.org.br\/sinrural\/encontre-seu-sindicato-rural\/sindicato-rural-de-cedro\/\">SINDICATO RURAL DE CEDRO<\/option><option value=\"http:\/\/faec.org.br\/sinrural\/encontre-seu-sindicato-rural\/sindicato-rural-de-coreau\/\">SINDICATO RURAL DE COREA\u00da<\/option><option value=\"http:\/\/faec.org.br\/sinrural\/encontre-seu-sindicato-rural\/sindicato-rural-de-crateus\/\">SINDICATO RURAL DE CRATE\u00daS<\/option><option value=\"http:\/\/faec.org.br\/sinrural\/encontre-seu-sindicato-rural\/sindicato-rural-do-crato\/\">SINDICATO RURAL DE CRATO<\/option><option value=\"http:\/\/faec.org.br\/sinrural\/encontre-seu-sindicato-rural\/sindicato-rural-de-guaraciaba-do-norte\/\">SINDICATO RURAL DE GUARACIABA DO NORTE<\/option><option value=\"http:\/\/faec.org.br\/sinrural\/encontre-seu-sindicato-rural\/sindicato-rural-de-granja\/\">SINDICATO RURAL DE GRANJA<\/option><option value=\"http:\/\/faec.org.br\/sinrural\/encontre-seu-sindicato-rural\/sindicato-rural-de-horizonte\/\">SINDICATO RURAL DE HORIZONTE<\/option><option value=\"http:\/\/faec.org.br\/sinrural\/encontre-seu-sindicato-rural\/sindicato-rural-de-ibaretama\/\">SINDICATO RURAL DE IBARETAMA<\/option><option value=\"http:\/\/faec.org.br\/sinrural\/encontre-seu-sindicato-rural\/sindicato-rural-de-ibiapina\/\">SINDICATO RURAL DE IBIAPINA<\/option><option value=\"http:\/\/faec.org.br\/sinrural\/encontre-seu-sindicato-rural\/sindicato-rural-de-iguatu\/\">SINDICATO RURAL DE IGUATU<\/option><option value=\"http:\/\/faec.org.br\/sinrural\/encontre-seu-sindicato-rural\/sindicato-rural-de-independencia\/\">SINDICATO RURAL DE INDEPEND\u00caNCIA<\/option><option value=\"http:\/\/faec.org.br\/sinrural\/encontre-seu-sindicato-rural\/sindicato-rural-de-iracema\/\">SINDICATO RURAL DE IRACEMA<\/option><option value=\"https:\/\/faec.org.br\/sinrural\/sindicato-rural-de-itapaje\/\">SINDICATO RURAL DE ITAPAJ\u00c9<\/option><option value=\"http:\/\/faec.org.br\/sinrural\/encontre-seu-sindicato-rural\/sindicato-rural-de-itapipoca\/\">SINDICATO RURAL DE ITAPIPOCA<\/option><option value=\"http:\/\/faec.org.br\/sinrural\/encontre-seu-sindicato-rural\/sindicato-rural-de-jaguaretama\/\">SINDICATO RURAL DE JAGUARETAMA<\/option><option value=\"http:\/\/faec.org.br\/sinrural\/encontre-seu-sindicato-rural\/sindicato-rural-de-jaguaribe\/\">SINDICATO RURAL DE JAGUARIBE<\/option><option value=\"http:\/\/faec.org.br\/sinrural\/encontre-seu-sindicato-rural\/sindicato-rural-de-lavras-da-mangabeira\/\">SINDICATO RURAL DE LAVRAS DA MANGABEIRA<\/option><option value=\"http:\/\/faec.org.br\/sinrural\/encontre-seu-sindicato-rural\/sindicato-rural-de-limoeiro-do-norte\/\">SINDICATO RURAL DE LIMOEIRO DO NORTE<\/option><option value=\"http:\/\/faec.org.br\/sinrural\/encontre-seu-sindicato-rural\/sindicato-rural-de-maranguape\/\">SINDICATO RURAL DE MARANGUAPE<\/option><option value=\"http:\/\/faec.org.br\/sinrural\/encontre-seu-sindicato-rural\/sindicato-rural-de-marco\/\">SINDICATO RURAL DE MARCO<\/option><option value=\"http:\/\/faec.org.br\/sinrural\/encontre-seu-sindicato-rural\/sindicato-rural-de-massape\/\">SINDICATO RURAL DE MASSAP\u00ca<\/option><option value=\"http:\/\/faec.org.br\/sinrural\/encontre-seu-sindicato-rural\/sindicato-rural-de-madalena\/\">SINDICATO RURAL DE MADALENA<\/option><option value=\"http:\/\/faec.org.br\/sinrural\/encontre-seu-sindicato-rural\/sindicato-rural-de-missao-velha\/\">SINDICATO RURAL DE MISS\u00c3O VELHA<\/option><option value=\"http:\/\/faec.org.br\/sinrural\/encontre-seu-sindicato-rural\/sindicato-rural-de-mauriti\/\">SINDICATO RURAL DE MAURITI<\/option><option value=\"http:\/\/faec.org.br\/sinrural\/encontre-seu-sindicato-rural\/sindicato-rural-de-milagres\/\">SINDICATO RURAL DE MILAGRES<\/option><option value=\"http:\/\/faec.org.br\/sinrural\/encontre-seu-sindicato-rural\/sindicato-rural-de-mombaca\/\">SINDICATO RURAL DE MOMBA\u00c7A<\/option><option value=\"http:\/\/faec.org.br\/sinrural\/encontre-seu-sindicato-rural\/sindicato-rural-de-monsenhor-tabosa\/\">SINDICATO RURAL DE MONSENHOR TABOSA<\/option><option value=\"http:\/\/faec.org.br\/sinrural\/encontre-seu-sindicato-rural\/sindicato-rural-de-morada-nova\/\">SINDICATO RURAL DE MORADA NOVA<\/option><option value=\"http:\/\/faec.org.br\/sinrural\/encontre-seu-sindicato-rural\/sindicato-rural-de-moraujo\/\">SINDICATO RURAL DE MORA\u00daJO<\/option><option value=\"http:\/\/faec.org.br\/sinrural\/encontre-seu-sindicato-rural\/sindicato-rural-de-morrinhos\/\">SINDICATO RURAL DE MORRINHOS<\/option><option value=\"http:\/\/faec.org.br\/sinrural\/encontre-seu-sindicato-rural\/sindicato-rural-de-nova-olinda\/\">SINDICATO RURAL DE NOVA OLINDA<\/option><option value=\"http:\/\/faec.org.br\/sinrural\/encontre-seu-sindicato-rural\/sindicato-rural-de-nova-russas\/\">SINDICATO RURAL DE NOVA RUSSAS<\/option><option value=\"http:\/\/faec.org.br\/sinrural\/encontre-seu-sindicato-rural\/sindicato-rural-de-piquet-carneiro\/\">SINDICATO RURAL DE PIQUET CARNEIRO<\/option><option value=\"http:\/\/faec.org.br\/sinrural\/encontre-seu-sindicato-rural\/sindicato-rural-de-quixada\/\">SINDICATO RURAL DE QUIXAD\u00c1<\/option><option value=\"http:\/\/faec.org.br\/sinrural\/encontre-seu-sindicato-rural\/sindicato-rural-de-quixeramobim\/\">SINDICATO RURAL DE QUIXERAMOBIM<\/option><option value=\"http:\/\/faec.org.br\/sinrural\/encontre-seu-sindicato-rural\/sindicato-rural-de-russas\/\">SINDICATO RURAL DE RUSSAS<\/option><option value=\"http:\/\/faec.org.br\/sinrural\/encontre-seu-sindicato-rural\/sindicato-rural-de-santana-do-acarau\/\">SINDICATO RURAL DE SANTANA DO ACARA\u00da<\/option><option value=\"http:\/\/faec.org.br\/sinrural\/encontre-seu-sindicato-rural\/sindicato-rural-de-santa-quiteria\/\">SINDICATO RURAL DE SANTA QUITERIA<\/option><option value=\"http:\/\/faec.org.br\/sinrural\/encontre-seu-sindicato-rural\/sindicato-rural-de-senador-pompeu\/\">SINDICATO RURAL DE SENADOR POMPEU<\/option><option value=\"http:\/\/faec.org.br\/sinrural\/encontre-seu-sindicato-rural\/sindicto-rural-de-sobral\/\">SINDICATO RURAL DE SOBRAL<\/option><option value=\"http:\/\/faec.org.br\/sinrural\/encontre-seu-sindicato-rural\/sindicato-rural-de-solonopole\/\">SINDICATO RURAL DE SOLON\u00d3POLE<\/option><option value=\"http:\/\/faec.org.br\/sinrural\/encontre-seu-sindicato-rural\/sindicato-rural-de-tamboril\/\">SINDICATO RURAL DE TAMBORIL<\/option><option value=\"http:\/\/faec.org.br\/sinrural\/encontre-seu-sindicato-rural\/sindicato-rural-de-taua\/\">SINDICATO RURAL DE TAU\u00c1<\/option><option value=\"http:\/\/faec.org.br\/sinrural\/encontre-seu-sindicato-rural\/sindicato-rural-de-trairi\/\">SINDICATO RURAL DE TRAIRI<\/option><option value=\"http:\/\/faec.org.br\/sinrural\/encontre-seu-sindicato-rural\/sindicato-rural-de-ubajara\/\">SINDICATO RURAL DE UBAJARA<\/option><option value=\"http:\/\/faec.org.br\/sinrural\/encontre-seu-sindicato-rural\/sindicato-rural-de-vicosa-do-ceara\/\">SINDICATO RURAL DE VI\u00c7OSA DO CEAR\u00c1<\/option><\/select><\/p>\n<h2 id=\":pa\" class=\"hP\" style=\"text-align: center;\" tabindex=\"-1\" data-thread-perm-id=\"thread-f:1765424238140698229\" data-legacy-thread-id=\"18800bfdb03dae75\"><a href=\"http:\/\/faec.org.br\/sinrural\/wp-content\/uploads\/2023\/05\/FICHA-DE-FILIACAO-MODELO-2023.doc\">FICHA DE FILIA\u00c7\u00c3O &#8211; MODELO PADR\u00c3O<\/a><\/h2>\n<div id=\":s4\" class=\"pG\" role=\"img\" data-tooltip-contained=\"true\" data-tooltip-align=\"b,l\" data-tooltip-delay=\"1500\" aria-label=\"Importante principalmente porque foi enviada diretamente para voc\u00ea.\"><\/div>\n<\/address>\n<address><img loading=\"lazy\" decoding=\"async\" class=\"aligncenter size-large wp-image-16166\" src=\"http:\/\/faec.org.br\/sinrural\/wp-content\/uploads\/2023\/05\/BANNER1-810x1080.jpg\" alt=\"\" width=\"810\" height=\"1080\" srcset=\"http:\/\/faec.org.br\/sinrural\/wp-content\/uploads\/2023\/05\/BANNER1-810x1080.jpg 810w, http:\/\/faec.org.br\/sinrural\/wp-content\/uploads\/2023\/05\/BANNER1-225x300.jpg 225w, http:\/\/faec.org.br\/sinrural\/wp-content\/uploads\/2023\/05\/BANNER1-768x1024.jpg 768w, http:\/\/faec.org.br\/sinrural\/wp-content\/uploads\/2023\/05\/BANNER1-1152x1536.jpg 1152w, http:\/\/faec.org.br\/sinrural\/wp-content\/uploads\/2023\/05\/BANNER1-1536x2048.jpg 1536w, http:\/\/faec.org.br\/sinrural\/wp-content\/uploads\/2023\/05\/BANNER1-18x24.jpg 18w, http:\/\/faec.org.br\/sinrural\/wp-content\/uploads\/2023\/05\/BANNER1-27x36.jpg 27w, http:\/\/faec.org.br\/sinrural\/wp-content\/uploads\/2023\/05\/BANNER1-36x48.jpg 36w, http:\/\/faec.org.br\/sinrural\/wp-content\/uploads\/2023\/05\/BANNER1-scaled.jpg 1920w\" sizes=\"auto, (max-width: 810px) 100vw, 810px\" \/><\/address>\n","protected":false},"excerpt":{"rendered":"<p>O sistema sindical rural trabalha e fala em seu nome e de todos os produtores rurais, dando for\u00e7a e voz as suas demandas e na defesa dos seus direitos, independente do tamanho da sua propriedade ou ramo de atividade. O Sindicato sempre vai promover a presta\u00e7\u00e3o de servi\u00e7os voltados para os produtores rurais, conte com [&hellip;]<\/p>\n","protected":false},"author":1,"featured_media":0,"parent":0,"menu_order":0,"comment_status":"closed","ping_status":"closed","template":"","meta":{"footnotes":""},"class_list":["post-469","page","type-page","status-publish","czr-hentry"],"_links":{"self":[{"href":"http:\/\/faec.org.br\/sinrural\/wp-json\/wp\/v2\/pages\/469","targetHints":{"allow":["GET"]}}],"collection":[{"href":"http:\/\/faec.org.br\/sinrural\/wp-json\/wp\/v2\/pages"}],"about":[{"href":"http:\/\/faec.org.br\/sinrural\/wp-json\/wp\/v2\/types\/page"}],"author":[{"embeddable":true,"href":"http:\/\/faec.org.br\/sinrural\/wp-json\/wp\/v2\/users\/1"}],"replies":[{"embeddable":true,"href":"http:\/\/faec.org.br\/sinrural\/wp-json\/wp\/v2\/comments?post=469"}],"version-history":[{"count":19,"href":"http:\/\/faec.org.br\/sinrural\/wp-json\/wp\/v2\/pages\/469\/revisions"}],"predecessor-version":[{"id":16329,"href":"http:\/\/faec.org.br\/sinrural\/wp-json\/wp\/v2\/pages\/469\/revisions\/16329"}],"wp:attachment":[{"href":"http:\/\/faec.org.br\/sinrural\/wp-json\/wp\/v2\/media?parent=469"}],"curies":[{"name":"wp","href":"https:\/\/api.w.org\/{rel}","templated":true}]}}