{"id":15481,"date":"2022-02-22T10:06:26","date_gmt":"2022-02-22T13:06:26","guid":{"rendered":"http:\/\/faec.org.br\/faecsenarsinrural\/?page_id=15481"},"modified":"2026-01-30T14:31:27","modified_gmt":"2026-01-30T17:31:27","slug":"sindicato-rural-de-caninde","status":"publish","type":"page","link":"http:\/\/faec.org.br\/sinrural\/encontre-seu-sindicato-rural\/sindicato-rural-de-caninde\/","title":{"rendered":"SINDICATO RURAL DE CANIND\u00c9"},"content":{"rendered":"<table class=\"unstyledTable\">\n<tbody>\n<tr>\n<td><img loading=\"lazy\" decoding=\"async\" class=\"alignnone size-full wp-image-15482\" src=\"http:\/\/faec.org.br\/sinrural\/wp-content\/uploads\/2022\/02\/CANINDE.jpg\" alt=\"\" width=\"407\" height=\"500\" srcset=\"http:\/\/faec.org.br\/sinrural\/wp-content\/uploads\/2022\/02\/CANINDE.jpg 407w, http:\/\/faec.org.br\/sinrural\/wp-content\/uploads\/2022\/02\/CANINDE-244x300.jpg 244w, http:\/\/faec.org.br\/sinrural\/wp-content\/uploads\/2022\/02\/CANINDE-20x24.jpg 20w, http:\/\/faec.org.br\/sinrural\/wp-content\/uploads\/2022\/02\/CANINDE-29x36.jpg 29w, http:\/\/faec.org.br\/sinrural\/wp-content\/uploads\/2022\/02\/CANINDE-39x48.jpg 39w\" sizes=\"auto, (max-width: 407px) 100vw, 407px\" \/><\/td>\n<td>\n<pre><img decoding=\"async\" class=\"size-full wp-image-415 alignleft\" src=\"http:\/\/faec.org.br\/sinrural\/wp-content\/uploads\/2022\/02\/celso.jpg\" \/>SINDICATO RURAL DE CANIND\u00c9\r\nMandato: 25\/08\/2023 a 24\/08\/2026\r\nPresidente: Francisco Celso Cris\u00f3stomo\r\nRua Sit\u00f4nio Monteiro, 428 - Bairro Santa Clara - Canind\u00e9 Cear\u00e1 CEP 62.700-000\r\nTelefone: (85) 99719-0000\r\nEmail: <a href=\"sindicatorural.caninde@gmail.com\">sindicatorural.caninde@gmail.com<\/a>; <a href=\"mailto:celsoofs@gmail.com\">celsoofs@gmail.com<\/a><\/pre>\n<\/td>\n<\/tr>\n<\/tbody>\n<\/table>\n","protected":false},"excerpt":{"rendered":"<p>SINDICATO RURAL DE CANIND\u00c9 Mandato: 25\/08\/2023 a 24\/08\/2026 Presidente: Francisco Celso Cris\u00f3stomo Rua Sit\u00f4nio Monteiro, 428 &#8211; Bairro Santa Clara &#8211; Canind\u00e9 Cear\u00e1 CEP 62.700-000 Telefone: (85) 99719-0000 Email: sindicatorural.caninde@gmail.com; celsoofs@gmail.com<\/p>\n","protected":false},"author":1,"featured_media":0,"parent":469,"menu_order":0,"comment_status":"closed","ping_status":"closed","template":"","meta":{"footnotes":""},"class_list":["post-15481","page","type-page","status-publish","czr-hentry"],"_links":{"self":[{"href":"http:\/\/faec.org.br\/sinrural\/wp-json\/wp\/v2\/pages\/15481","targetHints":{"allow":["GET"]}}],"collection":[{"href":"http:\/\/faec.org.br\/sinrural\/wp-json\/wp\/v2\/pages"}],"about":[{"href":"http:\/\/faec.org.br\/sinrural\/wp-json\/wp\/v2\/types\/page"}],"author":[{"embeddable":true,"href":"http:\/\/faec.org.br\/sinrural\/wp-json\/wp\/v2\/users\/1"}],"replies":[{"embeddable":true,"href":"http:\/\/faec.org.br\/sinrural\/wp-json\/wp\/v2\/comments?post=15481"}],"version-history":[{"count":8,"href":"http:\/\/faec.org.br\/sinrural\/wp-json\/wp\/v2\/pages\/15481\/revisions"}],"predecessor-version":[{"id":16457,"href":"http:\/\/faec.org.br\/sinrural\/wp-json\/wp\/v2\/pages\/15481\/revisions\/16457"}],"up":[{"embeddable":true,"href":"http:\/\/faec.org.br\/sinrural\/wp-json\/wp\/v2\/pages\/469"}],"wp:attachment":[{"href":"http:\/\/faec.org.br\/sinrural\/wp-json\/wp\/v2\/media?parent=15481"}],"curies":[{"name":"wp","href":"https:\/\/api.w.org\/{rel}","templated":true}]}}