{"id":9795,"date":"2019-04-25T16:49:45","date_gmt":"2019-04-25T19:49:45","guid":{"rendered":"http:\/\/senarce.org.br\/novo\/?page_id=9795"},"modified":"2019-04-25T16:49:45","modified_gmt":"2019-04-25T19:49:45","slug":"demonstracoes-contabeis-4o-trimestre-2018","status":"publish","type":"page","link":"http:\/\/faec.org.br\/senar\/demonstracoes-contabeis-4o-trimestre-2018\/","title":{"rendered":"Demonstra\u00e7\u00f5es cont\u00e1beis 4\u00ba Trimestre 2018"},"content":{"rendered":"<ul>\n<li><a href=\"http:\/\/faec.org.br\/senar\/wp-content\/uploads\/2019\/05\/Balan\u00e7o-Financeiro-4\u00ba-trimestre.pdf\">Balan\u00e7o Financeiro 4\u00ba trimestre<\/a><\/li>\n<li><a href=\"http:\/\/faec.org.br\/senar\/wp-content\/uploads\/2019\/05\/balan\u00e7o-Or\u00e7amentario-4\u00ba-trimestre.pdf\">balan\u00e7o Or\u00e7amentario 4\u00ba trimestre<\/a><\/li>\n<li><a href=\"http:\/\/faec.org.br\/senar\/wp-content\/uploads\/2019\/05\/Balan\u00e7o-Patrimonial-4\u00ba-trimestre.pdf\">Balan\u00e7o Patrimonial 4\u00ba trimestre<\/a><\/li>\n<li><a href=\"http:\/\/faec.org.br\/senar\/wp-content\/uploads\/2019\/05\/DFC-4\u00ba-trimestre.pdf\">DFC 4\u00ba trimestre<\/a><\/li>\n<li><a href=\"http:\/\/faec.org.br\/senar\/wp-content\/uploads\/2019\/05\/DMPL-4\u00ba-trimestre.pdf\">DMPL 4\u00ba trimestre<\/a><\/li>\n<li><a href=\"http:\/\/faec.org.br\/senar\/wp-content\/uploads\/2019\/05\/DVP-4\u00ba-trimestre.pdf\">DVP 4\u00ba trimestre<\/a> <a href=\"http:\/\/faec.org.br\/senar\/wp-content\/uploads\/2019\/05\/gerencial-Receita-x-Despesa-4\u00ba-trimestre.pdf\">gerencial Receita x Despesa 4\u00ba trimestre<\/a><\/li>\n<li><a href=\"http:\/\/faec.org.br\/senar\/wp-content\/uploads\/2019\/05\/Notas-Explicativas-4\u00ba-trimestre.pdf\">Notas Explicativas 4\u00ba trimestre<\/a><\/li>\n<\/ul>\n","protected":false},"excerpt":{"rendered":"<p>Balan\u00e7o Financeiro 4\u00ba trimestre balan\u00e7o Or\u00e7amentario 4\u00ba trimestre Balan\u00e7o Patrimonial 4\u00ba trimestre DFC 4\u00ba trimestre DMPL 4\u00ba trimestre DVP 4\u00ba trimestre gerencial Receita x Despesa 4\u00ba trimestre Notas Explicativas 4\u00ba trimestre<\/p>\n","protected":false},"author":1,"featured_media":0,"parent":0,"menu_order":0,"comment_status":"closed","ping_status":"closed","template":"","meta":{"footnotes":""},"class_list":["post-9795","page","type-page","status-publish","czr-hentry"],"_links":{"self":[{"href":"http:\/\/faec.org.br\/senar\/wp-json\/wp\/v2\/pages\/9795","targetHints":{"allow":["GET"]}}],"collection":[{"href":"http:\/\/faec.org.br\/senar\/wp-json\/wp\/v2\/pages"}],"about":[{"href":"http:\/\/faec.org.br\/senar\/wp-json\/wp\/v2\/types\/page"}],"author":[{"embeddable":true,"href":"http:\/\/faec.org.br\/senar\/wp-json\/wp\/v2\/users\/1"}],"replies":[{"embeddable":true,"href":"http:\/\/faec.org.br\/senar\/wp-json\/wp\/v2\/comments?post=9795"}],"version-history":[{"count":0,"href":"http:\/\/faec.org.br\/senar\/wp-json\/wp\/v2\/pages\/9795\/revisions"}],"wp:attachment":[{"href":"http:\/\/faec.org.br\/senar\/wp-json\/wp\/v2\/media?parent=9795"}],"curies":[{"name":"wp","href":"https:\/\/api.w.org\/{rel}","templated":true}]}}