{"id":9433,"date":"2019-03-22T14:09:41","date_gmt":"2019-03-22T17:09:41","guid":{"rendered":"http:\/\/senarce.org.br\/novo\/?page_id=9433"},"modified":"2019-03-22T14:09:41","modified_gmt":"2019-03-22T17:09:41","slug":"curso-gestao-ambiental-da-propriedade-rural","status":"publish","type":"page","link":"http:\/\/faec.org.br\/senar\/curso-gestao-ambiental-da-propriedade-rural\/","title":{"rendered":"PROJETO  \u201cCURSO DE GEST\u00c3O AMBIENTAL DA PROPRIEDADE RURAL \u201c"},"content":{"rendered":"<p style=\"text-align: justify;\"><a href=\"http:\/\/faec.org.br\/senar\/wp-content\/uploads\/2019\/03\/GEST\u00c3O-AMBIENTAL-COREL-17-2.jpg\"><img loading=\"lazy\" decoding=\"async\" class=\"alignleft size-medium wp-image-9438\" src=\"http:\/\/faec.org.br\/senar\/wp-content\/uploads\/2019\/03\/GEST\u00c3O-AMBIENTAL-COREL-17-2-300x225.jpg\" alt=\"\" width=\"300\" height=\"225\"><\/a>Com o intuito de promover a capacita\u00e7\u00e3o de profissionais e produtores vinculados ao fomento e a atividade rural, sobre a legisla\u00e7\u00e3o ambiental e pr\u00e1ticas sustent\u00e1veis no Bioma Caatinga e semi\u00e1rido, o&nbsp; SENAR\/AR-CE, IBAMA-&nbsp; Cear\u00e1 e BNB, lan\u00e7am o&nbsp; projeto<strong>: &nbsp;CURSO GEST\u00c3O AMBIENTAL DA PROPRIEDADE RURAL<\/strong><\/p>\n<ul style=\"text-align: justify;\">\n<li>Ser\u00e3o realizados <strong>07 cursos<\/strong> em todo o Estado do Cear\u00e1<\/li>\n<li>Ser\u00e3o <strong>25 vagas<\/strong> dispon\u00edveis por curso e haver\u00e1 certifica\u00e7\u00e3o<\/li>\n<li>O curso ter\u00e1 dura\u00e7\u00e3o de <strong>40 horas-aula<\/strong><\/li>\n<li><strong>Curso presencial e Gratuito<br \/>\n<\/strong><\/li>\n<\/ul>\n<p>&nbsp;<\/p>\n<p>&nbsp;<\/p>\n<p>Segue o calend\u00e1rio com os locais e datas de realiza\u00e7\u00e3o do cursos. <strong>Clique no munic\u00edpio de prefer\u00eancia e fa\u00e7a sua inscri\u00e7\u00e3o.<\/strong><\/p>\n<p>&nbsp;<\/p>\n<table class=\"comicGreen\">\n<thead>\n<tr>\n<td style=\"text-align: center;\" colspan=\"3\"><strong>CALEND\u00c1RIO &#8211; PGAPR<\/strong><\/td>\n<\/tr>\n<\/thead>\n<tbody>\n<tr>\n<td style=\"text-align: center;\"><a href=\"http:\/\/faec.org.br\/senar\/curso-gestao-ambiental-da-propriedade-rural-sobral-09-03-a-13-11\/\"><strong>SOBRAL<\/strong><\/a><\/td>\n<td style=\"text-align: center;\">SERT\u00c3O NORTE<\/td>\n<td style=\"text-align: center;\"><a href=\"http:\/\/faec.org.br\/senar\/curso-gestao-ambiental-da-propriedade-rural-sobral-09-03-a-13-11\/\">09\/11&nbsp; a 13\/11<\/a><\/td>\n<\/tr>\n<tr>\n<td style=\"text-align: center;\"><a href=\"http:\/\/faec.org.br\/senar\/curso-gestao-ambiental-da-propriedade-rural-morada-nova-23-11-a-27-11\/\"><strong>MORADA NOVA<\/strong><\/a><\/td>\n<td style=\"text-align: center;\">M\u00c9DIO JAGUARIBE<\/td>\n<td style=\"text-align: center;\"><a href=\"http:\/\/faec.org.br\/senar\/curso-gestao-ambiental-da-propriedade-rural-morada-nova-23-11-a-27-11\/\">23\/11 a 27\/11<\/a><\/td>\n<\/tr>\n<tr>\n<td style=\"text-align: center;\"><a href=\"http:\/\/faec.org.br\/senar\/curso-gestao-ambiental-da-propriedade-rural-caninde-30-11-a-04-12\/\"><strong>CANIND\u00c9 <\/strong><\/a><\/td>\n<td style=\"text-align: center;\">SERT\u00c3O CENTRAL<\/td>\n<td style=\"text-align: center;\"><a href=\"http:\/\/faec.org.br\/senar\/curso-gestao-ambiental-da-propriedade-rural-caninde-30-11-a-04-12\/\">30\/11 A 04\/12<\/a><\/td>\n<\/tr>\n<tr>\n<td style=\"text-align: center;\"><a href=\"http:\/\/faec.org.br\/senar\/curso-gestao-ambiental-da-propriedade-rural-jaguaribe-30-11-a-04-12\/\"><strong>JAGUARIBE<\/strong><\/a><\/td>\n<td style=\"text-align: center;\">M\u00c9DIO JAGUARIBE<\/td>\n<td style=\"text-align: center;\"><a href=\"http:\/\/faec.org.br\/senar\/curso-gestao-ambiental-da-propriedade-rural-jaguaribe-30-11-a-04-12\/\">30\/11 a 04\/12<\/a><\/td>\n<\/tr>\n<tr>\n<td style=\"text-align: center;\"><a href=\"http:\/\/faec.org.br\/senar\/curso-gestao-ambiental-da-propriedade-rural-sobral-30-11-a-04-12\/\"><strong>SOBRAL<\/strong><\/a><\/td>\n<td style=\"text-align: center;\">SERT\u00c3O NORTE<\/td>\n<td style=\"text-align: center;\"><a href=\"http:\/\/faec.org.br\/senar\/curso-gestao-ambiental-da-propriedade-rural-sobral-30-11-a-04-12\/\">30\/11 a 04\/12&nbsp;<\/a><\/td>\n<\/tr>\n<tr>\n<td style=\"text-align: center;\"><a href=\"http:\/\/faec.org.br\/senar\/curso-gestao-ambiental-da-propriedade-rural-ipu-07-12-a-11-12-2\/\"><strong>IPU<\/strong><\/a><\/td>\n<td style=\"text-align: center;\">CHAPADA DA IBIAPABA<\/td>\n<td style=\"text-align: center;\"><a href=\"http:\/\/faec.org.br\/senar\/curso-gestao-ambiental-da-propriedade-rural-ipu-07-12-a-11-12-2\/\">07\/12 A 11\/12<\/a><\/td>\n<\/tr>\n<tr>\n<td style=\"text-align: center;\"><a href=\"http:\/\/faec.org.br\/senar\/curso-gestao-ambiental-da-propriedade-rural-guaiuba-07-12-a-11-12\/\"><strong>GUAI\u00daBA<\/strong><\/a><\/td>\n<td style=\"text-align: center;\">METROPOLITANA<\/td>\n<td style=\"text-align: center;\"><a href=\"http:\/\/faec.org.br\/senar\/curso-gestao-ambiental-da-propriedade-rural-guaiuba-07-12-a-11-12\/\">07\/12<span class=\"gmail_default\">&nbsp;<\/span>a 11\/12<\/a><\/td>\n<\/tr>\n<tr>\n<td style=\"text-align: center;\">&nbsp;<\/td>\n<td style=\"text-align: center;\">&nbsp;<\/td>\n<td style=\"text-align: center;\">&nbsp;<\/td>\n<\/tr>\n<\/tbody>\n<\/table>\n<p><strong style=\"text-align: justify;\">Maiores informa\u00e7\u00f5es:(85) 35358000 \u2013 Lauro Torres de Melo ou Carolina Machado<\/strong><\/p>\n<p>Outras informa\u00e7\u00f5es sobre o curso:<\/p>\n<p style=\"text-align: justify;\"><strong>OBJETIVO GERAL:<\/strong> estimular o conhecimento sobre melhorar a qualidade ambiental, e, consequentemente, a melhoria do bem-estar das propriedades rurais, seja do ponto de vista dos benef\u00edcios econ\u00f4micos, sociais e ambientais auferidos, com a gera\u00e7\u00e3o de renda e postos de trabalho, a conserva\u00e7\u00e3o ambiental, a melhoria da sa\u00fade e\/ou educa\u00e7\u00e3o da popula\u00e7\u00e3o regional, contribuindo&nbsp; para a conviv\u00eancia adequada ao semi\u00e1rido.<\/p>\n<p style=\"text-align: justify;\"><strong>OBJETIVO ESPEC\u00cdFICOS:<\/strong><\/p>\n<p style=\"text-align: justify;\">&#8211;&nbsp; Ampliar a divulga\u00e7\u00e3o de normas, estrat\u00e9gias e pol\u00edticas p\u00fablicas ambientais, de forma transversal, direcionadas \u00e0 requalifica\u00e7\u00e3o das rela\u00e7\u00f5es da sociedade com o ambiente, subsidiando sua execu\u00e7\u00e3o e elabora\u00e7\u00e3o nos munic\u00edpios da regi\u00e3o Nordeste;<\/p>\n<p style=\"text-align: justify;\">&#8211; Promover a preserva\u00e7\u00e3o, conserva\u00e7\u00e3o e utiliza\u00e7\u00e3o dos recursos naturais, dentro de uma abordagem que prime pela sustentabilidade ambiental, visando a continuidade dos benef\u00edcios decorrentes das a\u00e7\u00f5es empreendidas ao formar uma cultura direcionada \u00e1 manuten\u00e7\u00e3o da qualidade ambiental no bioma caatinga;<\/p>\n<p style=\"text-align: justify;\">&#8211; Estimular a ado\u00e7\u00e3o de tecnologias sustent\u00e1veis, especialmente nas atividades relacionadas \u00e0 agricultura, ao agroextrativismo e \u00e0 agroindustria e suas cadeias produtivas, desenvolvendo e apoiando atividades t\u00e9cnico-cient\u00edficas, inclusive intermediando a coopera\u00e7\u00e3o com institui\u00e7\u00f5es voltadas \u00e0 pesquisa e difus\u00e3o tecnol\u00f3gica;<\/p>\n<p style=\"text-align: justify;\">&#8211; Estimular as a\u00e7\u00f5es de educa\u00e7\u00e3o ambiental, valorizando saberes e culturas das popula\u00e7\u00f5es tradicionais;<\/p>\n<p style=\"text-align: justify;\">&#8211; Difundir a cultura de monitoramento e combate ao desmatamento e \u00e0 queima de restos vegetais, tendo em vista a redu\u00e7\u00e3o de emiss\u00e3o de gases de efeito estufa e a elimina\u00e7\u00e3o gradativa e sistem\u00e1tica do uso do fogo como pr\u00e1tica cultural;<\/p>\n<p style=\"text-align: justify;\">&#8211; Formar recursos humanos para atuar na preven\u00e7\u00e3o e combate aos inc\u00eandios florestais e do manejo integrado do fogo;<\/p>\n<p style=\"text-align: justify;\">&#8211; fomentar a ado\u00e7\u00e3o de pr\u00e1ticas destinadas \u00e0 conserva\u00e7\u00e3o do solo, da \u00e1gua e de t\u00e9cniccas adequadas \u00e1 recupera\u00e7\u00e3o de \u00e1reas degradadas.<\/p>\n<p style=\"text-align: justify;\"><strong>METODOLOGIA:<\/strong><\/p>\n<p style=\"text-align: justify;\">O curso \u00e9 divido em dois m\u00f3dulos concomitantes:<\/p>\n<p style=\"text-align: justify;\">1\u00ba De natureza conceitual e informativa, onde s\u00e3o abordados aspectos de maior relev\u00e2ncia&nbsp; para a gest\u00e3o ambiental da propriedade, onde ser\u00e1 discutido quest\u00f5es determinantes&nbsp; para a forma\u00e7\u00e3o de uma ideia geral de organiza\u00e7\u00e3o administrativa da propriedade rural:<\/p>\n<ul style=\"text-align: justify;\">\n<li>Import\u00e2ncia socio-econ\u00f4mica e ambiental do espa\u00e7o rural;<\/li>\n<li>Aspectos ambientais relevantes<\/li>\n<li>Aspectos legais relacionados \u00e0 gest\u00e3o ambiental<\/li>\n<li>Uso e ocupa\u00e7\u00e3o sustent\u00e1veis<\/li>\n<\/ul>\n<p style=\"text-align: justify;\">2\u00ba&nbsp; De car\u00e1ter mais espec\u00edfico e dirigido, voltado a apreens\u00e3o do conhecimento de m\u00e9todos e t\u00e9cnicas destinadas \u00e0 requalifica\u00e7\u00e3o do meio ambiente sob a diretriz da sustentabilidade<\/p>\n<p style=\"text-align: justify;\"><strong>&nbsp;<\/strong><\/p>\n<div id=\"icpbravoaccess_loaded\">&nbsp;<\/div>\n<div id=\"icpbravoaccess_loaded\">&nbsp;<\/div>\n<div id=\"icpbravoaccess_loaded\">&nbsp;<\/div>\n<div id=\"icpbravoaccess_loaded\">&nbsp;<\/div>\n<div id=\"icpbravoaccess_loaded\">&nbsp;<\/div>\n<div id=\"icpbravoaccess_loaded\">&nbsp;<\/div>\n<div id=\"icpbravoaccess_loaded\">&nbsp;<\/div>\n<div id=\"icpbravoaccess_loaded\">&nbsp;<\/div>\n<div id=\"icpbravoaccess_loaded\">&nbsp;<\/div>\n<div id=\"icpbravoaccess_loaded\">&nbsp;<\/div>\n<div id=\"icpbravoaccess_loaded\">&nbsp;<\/div>\n<div id=\"icpbravoaccess_loaded\">&nbsp;<\/div>\n<div id=\"icpbravoaccess_loaded\">&nbsp;<\/div>\n<div id=\"icpbravoaccess_loaded\">&nbsp;<\/div>\n<div id=\"icpbravoaccess_loaded\">&nbsp;<\/div>\n<div id=\"icpbravoaccess_loaded\">&nbsp;<\/div>\n<div id=\"icpbravoaccess_loaded\">&nbsp;<\/div>\n<div id=\"icpbravoaccess_loaded\">&nbsp;<\/div>\n<div id=\"icpbravoaccess_loaded\">&nbsp;<\/div>\n<div id=\"icpbravoaccess_loaded\">&nbsp;<\/div>\n","protected":false},"excerpt":{"rendered":"<p>Com o intuito de promover a capacita\u00e7\u00e3o de profissionais e produtores vinculados ao fomento e a atividade rural, sobre a legisla\u00e7\u00e3o ambiental e pr\u00e1ticas sustent\u00e1veis no Bioma Caatinga e semi\u00e1rido, o&nbsp; SENAR\/AR-CE, IBAMA-&nbsp; Cear\u00e1 e BNB, lan\u00e7am o&nbsp; projeto: &nbsp;CURSO GEST\u00c3O AMBIENTAL DA PROPRIEDADE RURAL Ser\u00e3o realizados 07 cursos em todo o Estado do Cear\u00e1 [&hellip;]<\/p>\n","protected":false},"author":1,"featured_media":0,"parent":0,"menu_order":0,"comment_status":"closed","ping_status":"closed","template":"","meta":{"footnotes":""},"class_list":["post-9433","page","type-page","status-publish","czr-hentry"],"_links":{"self":[{"href":"http:\/\/faec.org.br\/senar\/wp-json\/wp\/v2\/pages\/9433","targetHints":{"allow":["GET"]}}],"collection":[{"href":"http:\/\/faec.org.br\/senar\/wp-json\/wp\/v2\/pages"}],"about":[{"href":"http:\/\/faec.org.br\/senar\/wp-json\/wp\/v2\/types\/page"}],"author":[{"embeddable":true,"href":"http:\/\/faec.org.br\/senar\/wp-json\/wp\/v2\/users\/1"}],"replies":[{"embeddable":true,"href":"http:\/\/faec.org.br\/senar\/wp-json\/wp\/v2\/comments?post=9433"}],"version-history":[{"count":0,"href":"http:\/\/faec.org.br\/senar\/wp-json\/wp\/v2\/pages\/9433\/revisions"}],"wp:attachment":[{"href":"http:\/\/faec.org.br\/senar\/wp-json\/wp\/v2\/media?parent=9433"}],"curies":[{"name":"wp","href":"https:\/\/api.w.org\/{rel}","templated":true}]}}