{"id":9112,"date":"2019-01-29T14:03:51","date_gmt":"2019-01-29T17:03:51","guid":{"rendered":"http:\/\/senarce.org.br\/novo\/?page_id=9112"},"modified":"2019-01-29T14:03:51","modified_gmt":"2019-01-29T17:03:51","slug":"certificados","status":"publish","type":"page","link":"http:\/\/faec.org.br\/senar\/certificados\/","title":{"rendered":"EMISS\u00c3O DE CERTIFICADOS ONLINE"},"content":{"rendered":"<div><a href=\"http:\/\/faec.org.br\/senar\/wp-content\/uploads\/2018\/08\/Certificados-online.png\"><img loading=\"lazy\" decoding=\"async\" class=\"wp-image-7796 aligncenter\" src=\"http:\/\/faec.org.br\/senar\/wp-content\/uploads\/2018\/08\/Certificados-online-300x142.png\" alt=\"\" width=\"550\" height=\"260\"><\/a><\/div>\n<div style=\"text-align: justify;\"><strong>Veja os passos para a emiss\u00e3o dos certificados\/declara\u00e7\u00f5es online:<\/strong><\/div>\n<div style=\"text-align: justify;\">&nbsp;<\/div>\n<div>\n<div style=\"text-align: left;\">Acessar o Link:&nbsp;<a href=\"https:\/\/forms.na2.netsuite.com\/app\/site\/hosting\/scriptlet.nl?script=425&amp;deploy=1&amp;compid=3554294&amp;h=200ca18be0de1b3be41e&amp;uf=8534943934\" target=\"_blank\" rel=\"noopener noreferrer\">https:\/\/forms.na2.netsuite.<wbr>com\/app\/site\/hosting\/<wbr>scriptlet.nl?script=425&amp;<wbr>deploy=1&amp;compid=3554294&amp;h=<wbr>200ca18be0de1b3be41e&amp;uf=<wbr>8534943934<\/a><\/div>\n<\/div>\n<div style=\"text-align: left;\">&nbsp;<\/div>\n<div>&nbsp;<\/div>\n<div>\n<div style=\"text-align: left;\">A p\u00e1gina ira dar a op\u00e7\u00e3o de&nbsp;<b>Imprimir Certificado<\/b>&nbsp;ou&nbsp;<b>Validar Certificado.<\/b><\/div>\n<\/div>\n<div style=\"text-align: left;\">&nbsp;<\/div>\n<div>&nbsp;<\/div>\n<div>\n<div style=\"text-align: left;\">Ao escolher a op\u00e7\u00e3o Imprimir certificado, o usu\u00e1rio digita o n\u00famero do CPF e ano de conclus\u00e3o do treinamento, em seguida clicar no bot\u00e3o Pesquisar.<\/div>\n<div style=\"text-align: left;\">o Sistema ir\u00e1 listar todos cursos realizados no ano informado, desde que estejam cadastrados no SENAR NAS NUVENS.<\/div>\n<div style=\"text-align: left;\">Listado os eventos, clicar no bot\u00e3o&nbsp;<b>GERAR PDF<\/b><\/div>\n<div style=\"text-align: left;\">&nbsp;<\/div>\n<div style=\"text-align: left;\">&nbsp;<\/div>\n<div style=\"text-align: left;\">Para&nbsp;<b>validar o certificado<\/b>&nbsp;\u00e9 necess\u00e1rio utilizar o c\u00f3digo de valida\u00e7\u00e3o impresso no rodap\u00e9 do Certificado Online.<\/div>\n<div style=\"text-align: left;\">&nbsp;<\/div>\n<div style=\"text-align: left;\">Obs: Est\u00e3o dispon\u00edveis os certificados online dos treinamentos realizados a partir de 2015.<\/div>\n<\/div>\n","protected":false},"excerpt":{"rendered":"<p>Veja os passos para a emiss\u00e3o dos certificados\/declara\u00e7\u00f5es online: &nbsp; Acessar o Link:&nbsp;https:\/\/forms.na2.netsuite.com\/app\/site\/hosting\/scriptlet.nl?script=425&amp;deploy=1&amp;compid=3554294&amp;h=200ca18be0de1b3be41e&amp;uf=8534943934 &nbsp; &nbsp; A p\u00e1gina ira dar a op\u00e7\u00e3o de&nbsp;Imprimir Certificado&nbsp;ou&nbsp;Validar Certificado. &nbsp; &nbsp; Ao escolher a op\u00e7\u00e3o Imprimir certificado, o usu\u00e1rio digita o n\u00famero do CPF e ano de conclus\u00e3o do treinamento, em seguida clicar no bot\u00e3o Pesquisar. o Sistema ir\u00e1 listar [&hellip;]<\/p>\n","protected":false},"author":1,"featured_media":0,"parent":0,"menu_order":0,"comment_status":"closed","ping_status":"closed","template":"","meta":{"footnotes":""},"class_list":["post-9112","page","type-page","status-publish","czr-hentry"],"_links":{"self":[{"href":"http:\/\/faec.org.br\/senar\/wp-json\/wp\/v2\/pages\/9112","targetHints":{"allow":["GET"]}}],"collection":[{"href":"http:\/\/faec.org.br\/senar\/wp-json\/wp\/v2\/pages"}],"about":[{"href":"http:\/\/faec.org.br\/senar\/wp-json\/wp\/v2\/types\/page"}],"author":[{"embeddable":true,"href":"http:\/\/faec.org.br\/senar\/wp-json\/wp\/v2\/users\/1"}],"replies":[{"embeddable":true,"href":"http:\/\/faec.org.br\/senar\/wp-json\/wp\/v2\/comments?post=9112"}],"version-history":[{"count":0,"href":"http:\/\/faec.org.br\/senar\/wp-json\/wp\/v2\/pages\/9112\/revisions"}],"wp:attachment":[{"href":"http:\/\/faec.org.br\/senar\/wp-json\/wp\/v2\/media?parent=9112"}],"curies":[{"name":"wp","href":"https:\/\/api.w.org\/{rel}","templated":true}]}}