{"id":8791,"date":"2018-11-26T08:02:54","date_gmt":"2018-11-26T11:02:54","guid":{"rendered":"http:\/\/senarce.org.br\/novo\/?page_id=8791"},"modified":"2018-11-26T08:02:54","modified_gmt":"2018-11-26T11:02:54","slug":"demonstracoes-contabeis-3o-trimestre-2018","status":"publish","type":"page","link":"http:\/\/faec.org.br\/senar\/demonstracoes-contabeis-3o-trimestre-2018\/","title":{"rendered":"Demonstra\u00e7\u00f5es cont\u00e1beis 3\u00ba Trimestre 2018"},"content":{"rendered":"<ul>\n<li><a href=\"http:\/\/faec.org.br\/senar\/wp-content\/uploads\/2018\/11\/Balan\u00e7o-Or\u00e7amentario.pdf\">Balan\u00e7o Or\u00e7amentario<\/a><\/li>\n<li><a href=\"http:\/\/faec.org.br\/senar\/wp-content\/uploads\/2018\/11\/Balan\u00e7o-Patrimonial.pdf\">Balan\u00e7o Patrimonial<\/a><\/li>\n<li><a href=\"http:\/\/faec.org.br\/senar\/wp-content\/uploads\/2018\/11\/DFC.pdf\">DFC<\/a><\/li>\n<li><a href=\"http:\/\/faec.org.br\/senar\/wp-content\/uploads\/2018\/11\/DMPL.pdf\">DMPL<\/a><\/li>\n<li><a href=\"http:\/\/faec.org.br\/senar\/wp-content\/uploads\/2018\/11\/DVP.pdf\">DVP<\/a><\/li>\n<li><a href=\"http:\/\/faec.org.br\/senar\/wp-content\/uploads\/2018\/11\/Gerencial-Receita-x-Despesa.pdf\">Gerencial Receita x Despesa<\/a><\/li>\n<li><a href=\"http:\/\/faec.org.br\/senar\/wp-content\/uploads\/2018\/11\/Nota-Explicativa-3\u00ba-trimestre-2018.pdf\">Nota Explicativa 3\u00ba trimestre 2018<\/a><\/li>\n<\/ul>\n","protected":false},"excerpt":{"rendered":"<p>Balan\u00e7o Or\u00e7amentario Balan\u00e7o Patrimonial DFC DMPL DVP Gerencial Receita x Despesa Nota Explicativa 3\u00ba trimestre 2018<\/p>\n","protected":false},"author":1,"featured_media":0,"parent":0,"menu_order":0,"comment_status":"closed","ping_status":"closed","template":"","meta":{"footnotes":""},"class_list":["post-8791","page","type-page","status-publish","czr-hentry"],"_links":{"self":[{"href":"http:\/\/faec.org.br\/senar\/wp-json\/wp\/v2\/pages\/8791","targetHints":{"allow":["GET"]}}],"collection":[{"href":"http:\/\/faec.org.br\/senar\/wp-json\/wp\/v2\/pages"}],"about":[{"href":"http:\/\/faec.org.br\/senar\/wp-json\/wp\/v2\/types\/page"}],"author":[{"embeddable":true,"href":"http:\/\/faec.org.br\/senar\/wp-json\/wp\/v2\/users\/1"}],"replies":[{"embeddable":true,"href":"http:\/\/faec.org.br\/senar\/wp-json\/wp\/v2\/comments?post=8791"}],"version-history":[{"count":0,"href":"http:\/\/faec.org.br\/senar\/wp-json\/wp\/v2\/pages\/8791\/revisions"}],"wp:attachment":[{"href":"http:\/\/faec.org.br\/senar\/wp-json\/wp\/v2\/media?parent=8791"}],"curies":[{"name":"wp","href":"https:\/\/api.w.org\/{rel}","templated":true}]}}