{"id":8185,"date":"2018-09-05T10:26:17","date_gmt":"2018-09-05T13:26:17","guid":{"rendered":"http:\/\/senarce.org.br\/novo\/?page_id=8185"},"modified":"2018-09-05T10:26:17","modified_gmt":"2018-09-05T13:26:17","slug":"conselho-fiscal-regional-mandato-gestao-2018-2021-1o-trimestre-de-2018","status":"publish","type":"page","link":"http:\/\/faec.org.br\/senar\/transparencia-2\/conselho-fiscal-regional-mandato-gestao-2018-2021-1o-trimestre-de-2018\/","title":{"rendered":"CONSELHO FISCAL REGIONAL &#8211; MANDATO GEST\u00c3O: 2018\/2021 1\u00ba TRIMESTRE DE 2018"},"content":{"rendered":"<h3>CONSELHO FISCAL REGIONAL<\/h3>\n<table class=\"comicGreen\">\n<thead>\n<tr>\n<th style=\"text-align: center;\"><strong>TITULAR<\/strong><\/th>\n<th style=\"text-align: center;\"><strong>REPRESENTA\u00c7\u00c3O<\/strong><\/th>\n<th style=\"text-align: center;\"><strong>SUPLENTE<\/strong><\/th>\n<th style=\"text-align: center;\"><strong>REPRESENTA\u00c7\u00c3O<\/strong><\/th>\n<\/tr>\n<\/thead>\n<tbody>\n<tr>\n<td style=\"text-align: center;\">Maria do Socorro Correia e Silva<\/td>\n<td style=\"text-align: center;\">Federa\u00e7\u00e3o da Agricultra e Pecu\u00e1ria do Estado do Cear\u00e1 &#8211; FAEC<\/td>\n<td style=\"text-align: center;\">Luiz Hildemar Cola\u00e7o<\/td>\n<td style=\"text-align: center;\">Federa\u00e7\u00e3o da Agricultra e Pecu\u00e1ria do Estado do Cear\u00e1 &#8211; FAEC<\/td>\n<\/tr>\n<tr>\n<td style=\"text-align: center;\">Jo\u00e3o Batista da Silva<\/td>\n<td style=\"text-align: center;\">Servi\u00e7o Nacional de Aprendizagem Rural-SENAR\/AC<\/td>\n<td style=\"text-align: center;\">Edvaldo Santos Brito<\/td>\n<td style=\"text-align: center;\">Servi\u00e7o Nacional de Aprendizagem Rural-SENAR\/AC<\/td>\n<\/tr>\n<tr>\n<td style=\"text-align: center;\">Luiz Carlos Ribeiro de Lima<\/td>\n<td style=\"text-align: center;\">Federa\u00e7\u00e3o dos Trabalhadores e Trabalhadoras na Agricultura do Estado do Cear\u00e1-FETRAECE<\/td>\n<td style=\"text-align: center;\">Milena Magalh\u00e3es Camelo<\/td>\n<td style=\"text-align: center;\">Federa\u00e7\u00e3o dos Trabalhadores e Trabalhadoras na Agricultura do Estado do Cear\u00e1-FETRAECE<\/td>\n<\/tr>\n<\/tbody>\n<\/table>\n","protected":false},"excerpt":{"rendered":"<p>CONSELHO FISCAL REGIONAL TITULAR REPRESENTA\u00c7\u00c3O SUPLENTE REPRESENTA\u00c7\u00c3O Maria do Socorro Correia e Silva Federa\u00e7\u00e3o da Agricultra e Pecu\u00e1ria do Estado do Cear\u00e1 &#8211; FAEC Luiz Hildemar Cola\u00e7o Federa\u00e7\u00e3o da Agricultra e Pecu\u00e1ria do Estado do Cear\u00e1 &#8211; FAEC Jo\u00e3o Batista da Silva Servi\u00e7o Nacional de Aprendizagem Rural-SENAR\/AC Edvaldo Santos Brito Servi\u00e7o Nacional de Aprendizagem Rural-SENAR\/AC [&hellip;]<\/p>\n","protected":false},"author":1,"featured_media":0,"parent":7150,"menu_order":0,"comment_status":"closed","ping_status":"closed","template":"page-templates\/page_fullwidth.php","meta":{"footnotes":""},"class_list":["post-8185","page","type-page","status-publish","czr-hentry"],"_links":{"self":[{"href":"http:\/\/faec.org.br\/senar\/wp-json\/wp\/v2\/pages\/8185","targetHints":{"allow":["GET"]}}],"collection":[{"href":"http:\/\/faec.org.br\/senar\/wp-json\/wp\/v2\/pages"}],"about":[{"href":"http:\/\/faec.org.br\/senar\/wp-json\/wp\/v2\/types\/page"}],"author":[{"embeddable":true,"href":"http:\/\/faec.org.br\/senar\/wp-json\/wp\/v2\/users\/1"}],"replies":[{"embeddable":true,"href":"http:\/\/faec.org.br\/senar\/wp-json\/wp\/v2\/comments?post=8185"}],"version-history":[{"count":0,"href":"http:\/\/faec.org.br\/senar\/wp-json\/wp\/v2\/pages\/8185\/revisions"}],"up":[{"embeddable":true,"href":"http:\/\/faec.org.br\/senar\/wp-json\/wp\/v2\/pages\/7150"}],"wp:attachment":[{"href":"http:\/\/faec.org.br\/senar\/wp-json\/wp\/v2\/media?parent=8185"}],"curies":[{"name":"wp","href":"https:\/\/api.w.org\/{rel}","templated":true}]}}