{"id":8170,"date":"2018-09-05T10:16:47","date_gmt":"2018-09-05T13:16:47","guid":{"rendered":"http:\/\/senarce.org.br\/novo\/?page_id=8170"},"modified":"2018-09-05T10:16:47","modified_gmt":"2018-09-05T13:16:47","slug":"conselho-administrativo-mandato-gestao-2014-2017-3o-trimestre-de-2017","status":"publish","type":"page","link":"http:\/\/faec.org.br\/senar\/transparencia-2\/conselho-administrativo-mandato-gestao-2014-2017-3o-trimestre-de-2017\/","title":{"rendered":"CONSELHO ADMINISTRATIVO \u2013 MANDATO GEST\u00c3O: 2014\/2017 3\u00ba TRIMESTRE DE 2017"},"content":{"rendered":"<h3>CONSELHO ADMINISTRATIVO \u2013 Presidente: Fl\u00e1vio Viriato de Saboya Neto<\/h3>\n<table class=\"comicGreen\">\n<thead>\n<tr>\n<th style=\"text-align: center;\"><strong>TITULAR<\/strong><\/th>\n<th style=\"text-align: center;\"><strong>REPRESENTA\u00c7\u00c3O<\/strong><\/th>\n<th style=\"text-align: center;\"><strong>SUPLENTE<\/strong><\/th>\n<th style=\"text-align: center;\"><strong>REPRESENTA\u00c7\u00c3O<\/strong><\/th>\n<\/tr>\n<\/thead>\n<tbody>\n<tr>\n<td style=\"text-align: center;\">Luis Tadeu Prudente Santos<\/td>\n<td style=\"text-align: center;\">Servi\u00e7o Nacional de Aprendizagem Rural-SENAR\/AC<\/td>\n<td style=\"text-align: center;\">Eduardo Peixoto R\u00f4la Ferreira<\/td>\n<td style=\"text-align: center;\">Servi\u00e7o Nacional de Aprendizagem Rural-SENAR\/AC<\/td>\n<\/tr>\n<tr>\n<td style=\"text-align: center;\">Luiz Carlos Ribeiro de Lima<\/td>\n<td style=\"text-align: center;\">Federa\u00e7\u00e3o dos Trabalhadores e Trabalhadoras na Agricultura do Estado do Cear\u00e1-FETRAECE<\/td>\n<td style=\"text-align: center;\">Maria Erivanda Fran\u00e7a de Oliveira<\/td>\n<td style=\"text-align: center;\">Federa\u00e7\u00e3o dos Trabalhadores e Trabalhadoras na Agricultura do Estado do Cear\u00e1-FETRAECE<\/td>\n<\/tr>\n<tr>\n<td style=\"text-align: center;\">Rdo. Reginaldo Braga L\u00f4bo<\/td>\n<td style=\"text-align: center;\">Servi\u00e7o de Apoio \u00e0s Micro e Pequenas Empresas do Estado do Cear\u00e1-SEBRAE\/CE<\/td>\n<td style=\"text-align: center;\">Germano Parente Bluhm<\/td>\n<td style=\"text-align: center;\">Servi\u00e7o de Apoio \u00e0s Micro e Pequenas Empresas do Estado do Cear\u00e1-SEBRAE\/CE<\/td>\n<\/tr>\n<tr>\n<td style=\"text-align: center;\">Jo\u00e3o Nic\u00e9dio Alves Nogueira<\/td>\n<td style=\"text-align: center;\">Sindicato e Organiza\u00e7\u00e3o das Cooperativas Brasileiras no Estado do Cear\u00e1-OCB-CE<\/td>\n<td style=\"text-align: center;\">Jos\u00e9 Aparecido dos Santos<\/td>\n<td style=\"text-align: center;\">Sindicato e Organiza\u00e7\u00e3o das Cooperativas Brasileiras no Estado do Cear\u00e1-OCB-CE<\/td>\n<\/tr>\n<\/tbody>\n<\/table>\n<p>&nbsp;<\/p>\n","protected":false},"excerpt":{"rendered":"<p>CONSELHO ADMINISTRATIVO \u2013 Presidente: Fl\u00e1vio Viriato de Saboya Neto TITULAR REPRESENTA\u00c7\u00c3O SUPLENTE REPRESENTA\u00c7\u00c3O Luis Tadeu Prudente Santos Servi\u00e7o Nacional de Aprendizagem Rural-SENAR\/AC Eduardo Peixoto R\u00f4la Ferreira Servi\u00e7o Nacional de Aprendizagem Rural-SENAR\/AC Luiz Carlos Ribeiro de Lima Federa\u00e7\u00e3o dos Trabalhadores e Trabalhadoras na Agricultura do Estado do Cear\u00e1-FETRAECE Maria Erivanda Fran\u00e7a de Oliveira Federa\u00e7\u00e3o dos Trabalhadores [&hellip;]<\/p>\n","protected":false},"author":1,"featured_media":0,"parent":7150,"menu_order":0,"comment_status":"closed","ping_status":"closed","template":"page-templates\/page_fullwidth.php","meta":{"footnotes":""},"class_list":["post-8170","page","type-page","status-publish","czr-hentry"],"_links":{"self":[{"href":"http:\/\/faec.org.br\/senar\/wp-json\/wp\/v2\/pages\/8170","targetHints":{"allow":["GET"]}}],"collection":[{"href":"http:\/\/faec.org.br\/senar\/wp-json\/wp\/v2\/pages"}],"about":[{"href":"http:\/\/faec.org.br\/senar\/wp-json\/wp\/v2\/types\/page"}],"author":[{"embeddable":true,"href":"http:\/\/faec.org.br\/senar\/wp-json\/wp\/v2\/users\/1"}],"replies":[{"embeddable":true,"href":"http:\/\/faec.org.br\/senar\/wp-json\/wp\/v2\/comments?post=8170"}],"version-history":[{"count":0,"href":"http:\/\/faec.org.br\/senar\/wp-json\/wp\/v2\/pages\/8170\/revisions"}],"up":[{"embeddable":true,"href":"http:\/\/faec.org.br\/senar\/wp-json\/wp\/v2\/pages\/7150"}],"wp:attachment":[{"href":"http:\/\/faec.org.br\/senar\/wp-json\/wp\/v2\/media?parent=8170"}],"curies":[{"name":"wp","href":"https:\/\/api.w.org\/{rel}","templated":true}]}}