{"id":8132,"date":"2018-09-03T16:19:48","date_gmt":"2018-09-03T19:19:48","guid":{"rendered":"http:\/\/senarce.org.br\/novo\/?page_id=8132"},"modified":"2018-09-03T16:19:48","modified_gmt":"2018-09-03T19:19:48","slug":"relacao-de-pessoal-portal-da-transparencia-2o-trimestre-2017","status":"publish","type":"page","link":"http:\/\/faec.org.br\/senar\/relacao-de-pessoal-portal-da-transparencia-2o-trimestre-2017\/","title":{"rendered":"Rela\u00e7\u00e3o de Pessoal \u2013 TRANSPAR\u00caNCIA &#8211; 2\u00ba Trimestre 2017"},"content":{"rendered":"<table class=\"comicGreen\">\n<thead>\n<tr>\n<th>&nbsp;<\/th>\n<th style=\"text-align: center;\"><strong>Rela\u00e7\u00e3o de Pessoal \u2013 TRANSPAR\u00caNCIA &#8211; 2\u00ba Trimestre 2017<\/strong><\/th>\n<th>&nbsp;<\/th>\n<\/tr>\n<\/thead>\n<tbody>\n<tr>\n<td style=\"text-align: center;\">Alberlucia Bezerra Queiroz Magalh\u00e3es<\/td>\n<td style=\"text-align: center;\">Eduardo Mello Barroso<\/td>\n<td style=\"text-align: center;\">Laurilene Rebou\u00e7as Cabral<\/td>\n<\/tr>\n<tr>\n<td style=\"text-align: center;\">Ana Claudia Mota da Silva<\/td>\n<td style=\"text-align: center;\">Eduardo Queiroz de Miranda<\/td>\n<td style=\"text-align: center;\">Lauro Ramos Torres de Melo Filho<\/td>\n<\/tr>\n<tr>\n<td style=\"text-align: center;\">Ana Kelly Claudio Gon\u00e7alves<\/td>\n<td style=\"text-align: center;\">Elidyanne Lima Bezerra<\/td>\n<td style=\"text-align: center;\">Luciana Cavalcanti Lacerda<\/td>\n<\/tr>\n<tr>\n<td style=\"text-align: center;\">Ana L\u00facia Gurgel Dourado<\/td>\n<td style=\"text-align: center;\">Francileite Cavalcante Furtado Remigio<\/td>\n<td style=\"text-align: center;\">Maria Augusta Moreira de Sousa<\/td>\n<\/tr>\n<tr>\n<td style=\"text-align: center;\">Anizio de Carvalho Junior<\/td>\n<td style=\"text-align: center;\">Francisca Ivonisa Holanda de Oliveira<\/td>\n<td style=\"text-align: center;\">Paulo Remigio Neto<\/td>\n<\/tr>\n<tr>\n<td style=\"text-align: center;\">Anna Lucia Paula Brito Cavalcanti<\/td>\n<td style=\"text-align: center;\">Geovana Costa<\/td>\n<td style=\"text-align: center;\">Raimundo Anast\u00e1cio da Silva Filho<\/td>\n<\/tr>\n<tr>\n<td style=\"text-align: center;\">Antonio Evandro da Silva Nazareno<\/td>\n<td style=\"text-align: center;\">Germana Moreira Rocha de Freitas<\/td>\n<td style=\"text-align: center;\">S\u00e9rgio Oliveira da Silva<\/td>\n<\/tr>\n<tr>\n<td style=\"text-align: center;\">Brunno Linhares Rezende de Carvalho<\/td>\n<td style=\"text-align: center;\">Henrique Matias de Paula Neto<\/td>\n<td>&nbsp;<\/td>\n<\/tr>\n<tr>\n<td style=\"text-align: center;\">Caio Sales Ribeiro<\/td>\n<td style=\"text-align: center;\">Jos\u00e9 Wellington de Almeida Oliveira<\/td>\n<td>&nbsp;<\/td>\n<\/tr>\n<tr>\n<td style=\"text-align: center;\">Carolina Barroso Machado<\/td>\n<td style=\"text-align: center;\">Jorge Jos\u00e9 Prado Gondim de Oliveira<\/td>\n<td>&nbsp;<\/td>\n<\/tr>\n<tr>\n<td style=\"text-align: center;\">Daniel Moraes da Silva<\/td>\n<td style=\"text-align: center;\">Jussara Dias Soares<\/td>\n<td>&nbsp;<\/td>\n<\/tr>\n<tr>\n<td style=\"text-align: center;\">Douglas Monteiro Alves da Silva<\/td>\n<td style=\"text-align: center;\">Karilena Alves Montenegro Fernandes<\/td>\n<td>&nbsp;<\/td>\n<\/tr>\n<\/tbody>\n<\/table>\n","protected":false},"excerpt":{"rendered":"<p>&nbsp; Rela\u00e7\u00e3o de Pessoal \u2013 TRANSPAR\u00caNCIA &#8211; 2\u00ba Trimestre 2017 &nbsp; Alberlucia Bezerra Queiroz Magalh\u00e3es Eduardo Mello Barroso Laurilene Rebou\u00e7as Cabral Ana Claudia Mota da Silva Eduardo Queiroz de Miranda Lauro Ramos Torres de Melo Filho Ana Kelly Claudio Gon\u00e7alves Elidyanne Lima Bezerra Luciana Cavalcanti Lacerda Ana L\u00facia Gurgel Dourado Francileite Cavalcante Furtado Remigio Maria [&hellip;]<\/p>\n","protected":false},"author":1,"featured_media":0,"parent":0,"menu_order":0,"comment_status":"closed","ping_status":"closed","template":"","meta":{"footnotes":""},"class_list":["post-8132","page","type-page","status-publish","czr-hentry"],"_links":{"self":[{"href":"http:\/\/faec.org.br\/senar\/wp-json\/wp\/v2\/pages\/8132","targetHints":{"allow":["GET"]}}],"collection":[{"href":"http:\/\/faec.org.br\/senar\/wp-json\/wp\/v2\/pages"}],"about":[{"href":"http:\/\/faec.org.br\/senar\/wp-json\/wp\/v2\/types\/page"}],"author":[{"embeddable":true,"href":"http:\/\/faec.org.br\/senar\/wp-json\/wp\/v2\/users\/1"}],"replies":[{"embeddable":true,"href":"http:\/\/faec.org.br\/senar\/wp-json\/wp\/v2\/comments?post=8132"}],"version-history":[{"count":0,"href":"http:\/\/faec.org.br\/senar\/wp-json\/wp\/v2\/pages\/8132\/revisions"}],"wp:attachment":[{"href":"http:\/\/faec.org.br\/senar\/wp-json\/wp\/v2\/media?parent=8132"}],"curies":[{"name":"wp","href":"https:\/\/api.w.org\/{rel}","templated":true}]}}