{"id":7971,"date":"2018-08-14T13:32:43","date_gmt":"2018-08-14T16:32:43","guid":{"rendered":"http:\/\/senarce.org.br\/novo\/?page_id=7971"},"modified":"2018-08-14T13:32:43","modified_gmt":"2018-08-14T16:32:43","slug":"demonstracoes-contabeis-1o-trimestre-2018","status":"publish","type":"page","link":"http:\/\/faec.org.br\/senar\/transparencia-2\/demonstracoes-contabeis-1o-trimestre-2018\/","title":{"rendered":"Demonstra\u00e7\u00f5es cont\u00e1beis 1\u00ba Trimestre 2018"},"content":{"rendered":"<ul>\n<li><a href=\"http:\/\/faec.org.br\/senar\/wp-content\/uploads\/2018\/08\/Balan\u00e7o-Financeiro-1\u00ba-Trimestre-2018.pdf\">Balan\u00e7o Financeiro 1\u00ba Trimestre 2018<\/a><\/li>\n<li><a href=\"http:\/\/faec.org.br\/senar\/wp-content\/uploads\/2018\/08\/Balan\u00e7o-Or\u00e7ament\u00e1rio-1\u00ba-Trimestre-2018.pdf\">Balan\u00e7o Or\u00e7ament\u00e1rio 1\u00ba Trimestre 2018<\/a><\/li>\n<li><a href=\"http:\/\/faec.org.br\/senar\/wp-content\/uploads\/2018\/08\/Balan\u00e7o-Patrimonial-1\u00ba-Trimestre-2018.pdf\">Balan\u00e7o Patrimonial 1\u00ba Trimestre 2018<\/a><\/li>\n<li><a href=\"http:\/\/faec.org.br\/senar\/wp-content\/uploads\/2018\/08\/Demonstra\u00e7\u00e3o-Gerencial-Rec.-Desp.-1\u00ba-Trimestre-2018.pdf\">Demonstra\u00e7\u00e3o Gerencial Rec. Desp. 1\u00ba Trimestre 2018<\/a><\/li>\n<li><a href=\"http:\/\/faec.org.br\/senar\/wp-content\/uploads\/2018\/08\/DFC-1\u00ba-Trimestre-2018.pdf\">DFC 1\u00ba Trimestre 2018<\/a><\/li>\n<li><a href=\"http:\/\/faec.org.br\/senar\/wp-content\/uploads\/2018\/08\/DMPL-1\u00ba-Trimestre-2018.pdf\">DMPL 1\u00ba Trimestre 2018<\/a><\/li>\n<li><a href=\"http:\/\/faec.org.br\/senar\/wp-content\/uploads\/2018\/08\/DVP-1\u00ba-Trimestre-2018.pdf\">DVP 1\u00ba Trimestre 2018<\/a><\/li>\n<li><a href=\"http:\/\/faec.org.br\/senar\/wp-content\/uploads\/2018\/08\/notas-explicativas-1\u00ba-trimestre-2018.pdf\">Notas explicativas 1\u00ba trimestre 2018<\/a><\/li>\n<\/ul>\n<div id=\"icpbravoaccess_loaded\">&nbsp;<\/div>\n","protected":false},"excerpt":{"rendered":"<p>Balan\u00e7o Financeiro 1\u00ba Trimestre 2018 Balan\u00e7o Or\u00e7ament\u00e1rio 1\u00ba Trimestre 2018 Balan\u00e7o Patrimonial 1\u00ba Trimestre 2018 Demonstra\u00e7\u00e3o Gerencial Rec. Desp. 1\u00ba Trimestre 2018 DFC 1\u00ba Trimestre 2018 DMPL 1\u00ba Trimestre 2018 DVP 1\u00ba Trimestre 2018 Notas explicativas 1\u00ba trimestre 2018 &nbsp;<\/p>\n","protected":false},"author":1,"featured_media":0,"parent":7150,"menu_order":0,"comment_status":"closed","ping_status":"closed","template":"","meta":{"footnotes":""},"class_list":["post-7971","page","type-page","status-publish","czr-hentry"],"_links":{"self":[{"href":"http:\/\/faec.org.br\/senar\/wp-json\/wp\/v2\/pages\/7971","targetHints":{"allow":["GET"]}}],"collection":[{"href":"http:\/\/faec.org.br\/senar\/wp-json\/wp\/v2\/pages"}],"about":[{"href":"http:\/\/faec.org.br\/senar\/wp-json\/wp\/v2\/types\/page"}],"author":[{"embeddable":true,"href":"http:\/\/faec.org.br\/senar\/wp-json\/wp\/v2\/users\/1"}],"replies":[{"embeddable":true,"href":"http:\/\/faec.org.br\/senar\/wp-json\/wp\/v2\/comments?post=7971"}],"version-history":[{"count":0,"href":"http:\/\/faec.org.br\/senar\/wp-json\/wp\/v2\/pages\/7971\/revisions"}],"up":[{"embeddable":true,"href":"http:\/\/faec.org.br\/senar\/wp-json\/wp\/v2\/pages\/7150"}],"wp:attachment":[{"href":"http:\/\/faec.org.br\/senar\/wp-json\/wp\/v2\/media?parent=7971"}],"curies":[{"name":"wp","href":"https:\/\/api.w.org\/{rel}","templated":true}]}}