{"id":7955,"date":"2018-08-14T12:00:14","date_gmt":"2018-08-14T15:00:14","guid":{"rendered":"http:\/\/senarce.org.br\/novo\/?page_id=7955"},"modified":"2018-08-14T12:00:14","modified_gmt":"2018-08-14T15:00:14","slug":"demonstracoes-contabeis-4o-trimestre-2017","status":"publish","type":"page","link":"http:\/\/faec.org.br\/senar\/demonstracoes-contabeis-4o-trimestre-2017\/","title":{"rendered":"Demonstra\u00e7\u00f5es Cont\u00e1beis 4\u00ba Trimestre 2017"},"content":{"rendered":"<ul>\n<li><a href=\"http:\/\/faec.org.br\/senar\/wp-content\/uploads\/2018\/08\/Balan\u00e7o-Financeiro-4\u00ba-trimestre-2017.pdf\">Balan\u00e7o Financeiro 4\u00ba trimestre 2017<\/a><\/li>\n<li><a href=\"http:\/\/faec.org.br\/senar\/wp-content\/uploads\/2018\/08\/Balan\u00e7o-Or\u00e7amentario-4\u00ba-trimestre-2017.pdf\">Balan\u00e7o Or\u00e7amentario 4\u00ba trimestre 2017<\/a><\/li>\n<li><a href=\"http:\/\/faec.org.br\/senar\/wp-content\/uploads\/2018\/08\/Balan\u00e7o-Patrimonial-4\u00ba-trimestre-20171.pdf\">Balan\u00e7o Patrimonial 4\u00ba trimestre 20171<\/a><\/li>\n<li><a href=\"http:\/\/faec.org.br\/senar\/wp-content\/uploads\/2018\/08\/Demonstra\u00e7\u00e3o-gerencial-4\u00ba-trimestre-2017.pdf\">Demonstra\u00e7\u00e3o gerencial 4\u00ba trimestre 2017<\/a><\/li>\n<li><a href=\"http:\/\/faec.org.br\/senar\/wp-content\/uploads\/2018\/08\/DFC-4\u00ba-trimestre-2017.pdf\">DFC 4\u00ba trimestre 2017<\/a><\/li>\n<li><a href=\"http:\/\/faec.org.br\/senar\/wp-content\/uploads\/2018\/08\/DMPL-4\u00ba-trimestre-2017.pdf\">DMPL 4\u00ba trimestre 2017<\/a><\/li>\n<li><a href=\"http:\/\/faec.org.br\/senar\/wp-content\/uploads\/2018\/08\/DVP-4\u00ba-Trimestre-2017.pdf\">DVP 4\u00ba Trimestre 2017<\/a><\/li>\n<li><a href=\"http:\/\/faec.org.br\/senar\/wp-content\/uploads\/2018\/08\/Notas-Explicativas-4\u00ba-trimestre-2017.pdf\">Notas Explicativas 4\u00ba trimestre 2017<\/a><\/li>\n<\/ul>\n<div id=\"icpbravoaccess_loaded\">&nbsp;<\/div>\n","protected":false},"excerpt":{"rendered":"<p>Balan\u00e7o Financeiro 4\u00ba trimestre 2017 Balan\u00e7o Or\u00e7amentario 4\u00ba trimestre 2017 Balan\u00e7o Patrimonial 4\u00ba trimestre 20171 Demonstra\u00e7\u00e3o gerencial 4\u00ba trimestre 2017 DFC 4\u00ba trimestre 2017 DMPL 4\u00ba trimestre 2017 DVP 4\u00ba Trimestre 2017 Notas Explicativas 4\u00ba trimestre 2017 &nbsp;<\/p>\n","protected":false},"author":1,"featured_media":0,"parent":0,"menu_order":0,"comment_status":"closed","ping_status":"closed","template":"","meta":{"footnotes":""},"class_list":["post-7955","page","type-page","status-publish","czr-hentry"],"_links":{"self":[{"href":"http:\/\/faec.org.br\/senar\/wp-json\/wp\/v2\/pages\/7955","targetHints":{"allow":["GET"]}}],"collection":[{"href":"http:\/\/faec.org.br\/senar\/wp-json\/wp\/v2\/pages"}],"about":[{"href":"http:\/\/faec.org.br\/senar\/wp-json\/wp\/v2\/types\/page"}],"author":[{"embeddable":true,"href":"http:\/\/faec.org.br\/senar\/wp-json\/wp\/v2\/users\/1"}],"replies":[{"embeddable":true,"href":"http:\/\/faec.org.br\/senar\/wp-json\/wp\/v2\/comments?post=7955"}],"version-history":[{"count":0,"href":"http:\/\/faec.org.br\/senar\/wp-json\/wp\/v2\/pages\/7955\/revisions"}],"wp:attachment":[{"href":"http:\/\/faec.org.br\/senar\/wp-json\/wp\/v2\/media?parent=7955"}],"curies":[{"name":"wp","href":"https:\/\/api.w.org\/{rel}","templated":true}]}}