{"id":7150,"date":"2018-03-28T10:07:40","date_gmt":"2018-03-28T13:07:40","guid":{"rendered":"http:\/\/senarce.org.br\/novo\/?page_id=7150"},"modified":"2018-03-28T10:07:40","modified_gmt":"2018-03-28T13:07:40","slug":"transparencia-2","status":"publish","type":"page","link":"http:\/\/faec.org.br\/senar\/transparencia-2\/","title":{"rendered":"Transpar\u00eancia"},"content":{"rendered":"<div class=\"rtejustify\">Criado pela Lei n\u00ba 8.315, de 23\/12\/91, o&nbsp;<strong>SENAR<\/strong>&nbsp;\u00e9 uma entidade de direito privado, vinculada \u00e0 Confedera\u00e7\u00e3o da Agricultura e Pecu\u00e1ria do Brasil &#8211; CNA e administrada por um Conselho Deliberativo tripartite, composto por representantes do governo federal e das classes trabalhadoras e patronal rural.<\/div>\n<div class=\"rtejustify\">&nbsp;<\/div>\n<div class=\"rtejustify\">O&nbsp;<strong>SENAR&nbsp;<\/strong>atende, gratuitamente, mais de 3 milh\u00f5es de brasileiros do meio rural, todos os anos, contribuindo para sua profissionaliza\u00e7\u00e3o, sua integra\u00e7\u00e3o na sociedade, melhoria da sua qualidade de vida e para o pleno exerc\u00edcio da cidadania.<\/div>\n<div class=\"rtejustify\">&nbsp;<\/div>\n<div class=\"rtejustify\">O car\u00e1ter privado, entretanto, n\u00e3o afasta a import\u00e2ncia de garantir a transpar\u00eancia das a\u00e7\u00f5es desenvolvidas com os recursos recebidos pelo&nbsp;<strong>SENAR<\/strong>&nbsp;no cumprimento de sua miss\u00e3o final\u00edstica.<\/div>\n<div class=\"rtejustify\">&nbsp;<\/div>\n<div class=\"rtejustify\">Nesse sentido, o<strong>&nbsp;SENAR&nbsp;<\/strong>tem estabelecido um modelo de gest\u00e3o comprometida com a transpar\u00eancia, a legalidade e a responsabilidade social, atenta \u00e0 import\u00e2ncia de levar ao conhecimento da sociedade, de forma clara e exata, suas a\u00e7\u00f5es e seus resultados.<\/div>\n<div class=\"rtejustify\">&nbsp;<\/div>\n<div class=\"rtejustify\">Com esse prop\u00f3sito, esta p\u00e1gina divulga as receitas e despesas realizadas pelo&nbsp;<strong>SENAR<\/strong>, dados relevantes da sua execu\u00e7\u00e3o or\u00e7ament\u00e1ria, licita\u00e7\u00f5es, contrata\u00e7\u00f5es e gest\u00e3o de pessoas.<\/div>\n<div>&nbsp;<\/div>\n<ul>\n<li><a href=\"http:\/\/faec.org.br\/senar\/transparencia\/lei-de-diretrizes-orcamentarias-ldo\/\">Lei de Diretrizes Or\u00e7ament\u00e1rias &#8211; LDO<\/a><\/li>\n<li><a href=\"http:\/\/faec.org.br\/senar\/transparencia\/licitacoes-e-contratos\/\">Licita\u00e7\u00f5es e Contratos<\/a><\/li>\n<\/ul>\n<div>&nbsp;<\/div>\n","protected":false},"excerpt":{"rendered":"<p>Criado pela Lei n\u00ba 8.315, de 23\/12\/91, o&nbsp;SENAR&nbsp;\u00e9 uma entidade de direito privado, vinculada \u00e0 Confedera\u00e7\u00e3o da Agricultura e Pecu\u00e1ria do Brasil &#8211; CNA e administrada por um Conselho Deliberativo tripartite, composto por representantes do governo federal e das classes trabalhadoras e patronal rural. &nbsp; O&nbsp;SENAR&nbsp;atende, gratuitamente, mais de 3 milh\u00f5es de brasileiros do meio [&hellip;]<\/p>\n","protected":false},"author":1,"featured_media":0,"parent":0,"menu_order":0,"comment_status":"closed","ping_status":"closed","template":"","meta":{"footnotes":""},"class_list":["post-7150","page","type-page","status-publish","czr-hentry"],"_links":{"self":[{"href":"http:\/\/faec.org.br\/senar\/wp-json\/wp\/v2\/pages\/7150","targetHints":{"allow":["GET"]}}],"collection":[{"href":"http:\/\/faec.org.br\/senar\/wp-json\/wp\/v2\/pages"}],"about":[{"href":"http:\/\/faec.org.br\/senar\/wp-json\/wp\/v2\/types\/page"}],"author":[{"embeddable":true,"href":"http:\/\/faec.org.br\/senar\/wp-json\/wp\/v2\/users\/1"}],"replies":[{"embeddable":true,"href":"http:\/\/faec.org.br\/senar\/wp-json\/wp\/v2\/comments?post=7150"}],"version-history":[{"count":0,"href":"http:\/\/faec.org.br\/senar\/wp-json\/wp\/v2\/pages\/7150\/revisions"}],"wp:attachment":[{"href":"http:\/\/faec.org.br\/senar\/wp-json\/wp\/v2\/media?parent=7150"}],"curies":[{"name":"wp","href":"https:\/\/api.w.org\/{rel}","templated":true}]}}