{"id":7139,"date":"2018-03-28T08:32:17","date_gmt":"2018-03-28T11:32:17","guid":{"rendered":"http:\/\/senarce.org.br\/novo\/?page_id=7139"},"modified":"2023-03-30T11:56:41","modified_gmt":"2023-03-30T14:56:41","slug":"licitacoes-e-contratos","status":"publish","type":"page","link":"http:\/\/faec.org.br\/senar\/licitacoes-e-contratos\/","title":{"rendered":"Licita\u00e7\u00f5es e Contratos"},"content":{"rendered":"<blockquote><p><strong>IMPORTANTE<\/strong><\/p><\/blockquote>\n<div>A disponibiliza\u00e7\u00e3o do Edital na Internet tem o car\u00e1ter exclusivo de Divulga\u00e7\u00e3o.<\/div>\n<div>Todas as licita\u00e7\u00f5es do SENAR-AR\/CE s\u00e3o regidas pelo Regulamento de Licita\u00e7\u00f5es e Contratos do SENAR\u00a0<a href=\"http:\/\/senarce.org.br\/novo\/wp-content\/uploads\/2017\/04\/RLC-SENAR-em-vigor-com-as-altera%C3%A7%C3%B5es-das-Resolu%C3%A7%C3%B5es-32.2012-e-33.2011.pdf\">(Resolu\u00e7\u00e3o n\u00ba 001\/CD, de 22\/02\/2006).<\/a><\/div>\n<div>\n<div>Contatos da Comiss\u00e3o Permanente de Licita\u00e7\u00e3o do SENAR-AR\/CE:\u00a0<a href=\"tel:(85)%203535-8013\" target=\"_blank\" rel=\"noopener\">(85) 3535.8033\/3535.8052<\/a><\/div>\n<div>e-mail:\u00a0<a href=\"mailto:cpl@senarce.org.br\" target=\"_blank\" rel=\"noopener\">cpl@senarce.org.br<\/a><\/div>\n<div><\/div>\n<\/div>\n<ul class=\"lista-simples\">\n<li><a href=\"http:\/\/faec.org.br\/senar\/licitacoes-senar\/\" target=\"_self\" rel=\"noopener\">Licita\u00e7\u00f5es em Andamento e Conclu\u00eddas<\/a><\/li>\n<li><a href=\"http:\/\/faec.org.br\/senar\/contratos-vigentes-e-encerrados-2\/\" target=\"_self\" rel=\"noopener\">Contratos Vigentes e Encerrados<\/a><\/li>\n<\/ul>\n","protected":false},"excerpt":{"rendered":"<p>IMPORTANTE A disponibiliza\u00e7\u00e3o do Edital na Internet tem o car\u00e1ter exclusivo de Divulga\u00e7\u00e3o. Todas as licita\u00e7\u00f5es do SENAR-AR\/CE s\u00e3o regidas pelo Regulamento de Licita\u00e7\u00f5es e Contratos do SENAR\u00a0(Resolu\u00e7\u00e3o n\u00ba 001\/CD, de 22\/02\/2006). Contatos da Comiss\u00e3o Permanente de Licita\u00e7\u00e3o do SENAR-AR\/CE:\u00a0(85) 3535.8033\/3535.8052 e-mail:\u00a0cpl@senarce.org.br Licita\u00e7\u00f5es em Andamento e Conclu\u00eddas Contratos Vigentes e Encerrados<\/p>\n","protected":false},"author":1,"featured_media":0,"parent":0,"menu_order":0,"comment_status":"closed","ping_status":"closed","template":"","meta":{"footnotes":""},"class_list":["post-7139","page","type-page","status-publish","czr-hentry"],"_links":{"self":[{"href":"http:\/\/faec.org.br\/senar\/wp-json\/wp\/v2\/pages\/7139","targetHints":{"allow":["GET"]}}],"collection":[{"href":"http:\/\/faec.org.br\/senar\/wp-json\/wp\/v2\/pages"}],"about":[{"href":"http:\/\/faec.org.br\/senar\/wp-json\/wp\/v2\/types\/page"}],"author":[{"embeddable":true,"href":"http:\/\/faec.org.br\/senar\/wp-json\/wp\/v2\/users\/1"}],"replies":[{"embeddable":true,"href":"http:\/\/faec.org.br\/senar\/wp-json\/wp\/v2\/comments?post=7139"}],"version-history":[{"count":4,"href":"http:\/\/faec.org.br\/senar\/wp-json\/wp\/v2\/pages\/7139\/revisions"}],"predecessor-version":[{"id":16304,"href":"http:\/\/faec.org.br\/senar\/wp-json\/wp\/v2\/pages\/7139\/revisions\/16304"}],"wp:attachment":[{"href":"http:\/\/faec.org.br\/senar\/wp-json\/wp\/v2\/media?parent=7139"}],"curies":[{"name":"wp","href":"https:\/\/api.w.org\/{rel}","templated":true}]}}