{"id":54,"date":"2012-11-08T07:58:30","date_gmt":"2012-11-08T10:58:30","guid":{"rendered":"http:\/\/senarce.org.br\/novo\/?page_id=54"},"modified":"2023-10-27T08:21:48","modified_gmt":"2023-10-27T11:21:48","slug":"como-participar","status":"publish","type":"page","link":"http:\/\/faec.org.br\/senar\/como-participar\/","title":{"rendered":"Como Participar"},"content":{"rendered":"<h2><\/h2>\n<h2><b>P\u00fablico do SENAR<\/b><\/h2>\n<p>S\u00e3o alvos das a\u00e7\u00f5es de FPR e PS do SENAR: Os trabalhadores rurais, sejam eles assalariados ou aut\u00f4nomos; Os produtores rurais que trabalham em regime de economia familiar (parceleiros, pequenos propriet\u00e1rios, arrendat\u00e1rios e meeiros); Os jovens e adultos, homens e mulheres que exer\u00e7am atividades no meio rural.<\/p>\n<h3><b>Quanto custa<\/b><\/h3>\n<p>Todos os cursos s\u00e3o gratuitos. As a\u00e7\u00f5es do SENAR s\u00e3o financiadas pelas contribui\u00e7\u00f5es de produtores rurais, empregadores e outros contribuintes, de acordo com a legisla\u00e7\u00e3o vigente. Os recursos tamb\u00e9m podem vir de conv\u00eanios com diversos outros parceiros.<\/p>\n<h3><b>Onde s\u00e3o realizados<\/b><\/h3>\n<p>Os cursos s\u00e3o realizados em propriedades e comunidades rurais.<\/p>\n<h3><b>Como participar<\/b><\/h3>\n<p>Se voc\u00ea \u00e9 produtor ou trabalhador rural e deseja participar de um dos cursos do SENAR, basta encaminhar solicita\u00e7\u00e3o ao Sindicato dos Produtores Rurais ou outra entidade parceira, como Secretaria de Agricultura do munic\u00edpio e Ematerce presente na sua regi\u00e3o.<\/p>\n<h3><b>Como Solicitar<\/b><\/h3>\n<p>Os procedimentos para solicita\u00e7\u00e3o de cursos ao Senar s\u00e3o:<\/p>\n<ul>\n<li>Preencher o formul\u00e1rio de solicita\u00e7\u00e3o de cursos:<\/li>\n<\/ul>\n<p><b>\u00a0 \u00a0 \u00a0 \u00a0 \u00a0 \u00a0 \u00a0<a href=\"http:\/\/faec.org.br\/senar\/wp-content\/uploads\/2023\/10\/FORMULARIO-DE-SOLICITACAO-DE-CURSO-SENAR.pdf\" target=\"_blank\" rel=\"noopener\">FORMUL\u00c1RIO DE SOLICITA\u00c7\u00c3O<\/a><\/b><\/p>\n<ul>\n<li>Entregar o formul\u00e1rio, preenchido, no Sindicato Rural do Munic\u00edpio;<\/li>\n<\/ul>\n<p>Caso no munic\u00edpio n\u00e3o exista o Sindicato Rural, enviar o formul\u00e1rio, via fax ou correios, diretamente para o SENAR.<\/p>\n","protected":false},"excerpt":{"rendered":"<p>P\u00fablico do SENAR S\u00e3o alvos das a\u00e7\u00f5es de FPR e PS do SENAR: Os trabalhadores rurais, sejam eles assalariados ou aut\u00f4nomos; Os produtores rurais que trabalham em regime de economia familiar (parceleiros, pequenos propriet\u00e1rios, arrendat\u00e1rios e meeiros); Os jovens e adultos, homens e mulheres que exer\u00e7am atividades no meio rural. Quanto custa Todos os cursos [&hellip;]<\/p>\n","protected":false},"author":1,"featured_media":0,"parent":0,"menu_order":0,"comment_status":"open","ping_status":"open","template":"","meta":{"footnotes":""},"class_list":["post-54","page","type-page","status-publish","czr-hentry"],"_links":{"self":[{"href":"http:\/\/faec.org.br\/senar\/wp-json\/wp\/v2\/pages\/54","targetHints":{"allow":["GET"]}}],"collection":[{"href":"http:\/\/faec.org.br\/senar\/wp-json\/wp\/v2\/pages"}],"about":[{"href":"http:\/\/faec.org.br\/senar\/wp-json\/wp\/v2\/types\/page"}],"author":[{"embeddable":true,"href":"http:\/\/faec.org.br\/senar\/wp-json\/wp\/v2\/users\/1"}],"replies":[{"embeddable":true,"href":"http:\/\/faec.org.br\/senar\/wp-json\/wp\/v2\/comments?post=54"}],"version-history":[{"count":1,"href":"http:\/\/faec.org.br\/senar\/wp-json\/wp\/v2\/pages\/54\/revisions"}],"predecessor-version":[{"id":16875,"href":"http:\/\/faec.org.br\/senar\/wp-json\/wp\/v2\/pages\/54\/revisions\/16875"}],"wp:attachment":[{"href":"http:\/\/faec.org.br\/senar\/wp-json\/wp\/v2\/media?parent=54"}],"curies":[{"name":"wp","href":"https:\/\/api.w.org\/{rel}","templated":true}]}}