{"id":47,"date":"2012-11-08T07:57:20","date_gmt":"2012-11-08T10:57:20","guid":{"rendered":"http:\/\/senarce.org.br\/novo\/?page_id=47"},"modified":"2025-03-14T08:32:43","modified_gmt":"2025-03-14T11:32:43","slug":"formularios","status":"publish","type":"page","link":"http:\/\/faec.org.br\/senar\/formularios\/","title":{"rendered":"Formul\u00e1rios"},"content":{"rendered":"<ul>\n<li><strong><a href=\"https:\/\/faec.org.br\/senar\/wp-content\/uploads\/2023\/05\/4-Relatorio-de-Acompanhamento-de-Cursos-Sindicato-1.doc\">Relatorio de Acompanhamento de Cursos-Sindicatos<\/a><\/strong><\/li>\n<li><strong><a href=\"https:\/\/faec.org.br\/senar\/wp-content\/uploads\/2023\/05\/FICHA-TREINANDO.pdf\">FICHA TREINANDO<\/a><\/strong><\/li>\n<li><strong><a href=\"https:\/\/faec.org.br\/senar\/wp-content\/uploads\/2023\/05\/FREQUENCIA.doc\">FREQU\u00caNCIA<\/a><\/strong><\/li>\n<li><strong><a href=\"https:\/\/faec.org.br\/senar\/wp-content\/uploads\/2023\/05\/SATISFACAO-DO-PARTICIPANTE.doc\">SATISFA\u00c7\u00c3O DO PARTICIPANTE<\/a><\/strong><\/li>\n<\/ul>\n","protected":false},"excerpt":{"rendered":"<p>Relatorio de Acompanhamento de Cursos-Sindicatos FICHA TREINANDO FREQU\u00caNCIA SATISFA\u00c7\u00c3O DO PARTICIPANTE<\/p>\n","protected":false},"author":1,"featured_media":0,"parent":0,"menu_order":0,"comment_status":"open","ping_status":"open","template":"","meta":{"footnotes":""},"class_list":["post-47","page","type-page","status-publish","czr-hentry"],"_links":{"self":[{"href":"http:\/\/faec.org.br\/senar\/wp-json\/wp\/v2\/pages\/47","targetHints":{"allow":["GET"]}}],"collection":[{"href":"http:\/\/faec.org.br\/senar\/wp-json\/wp\/v2\/pages"}],"about":[{"href":"http:\/\/faec.org.br\/senar\/wp-json\/wp\/v2\/types\/page"}],"author":[{"embeddable":true,"href":"http:\/\/faec.org.br\/senar\/wp-json\/wp\/v2\/users\/1"}],"replies":[{"embeddable":true,"href":"http:\/\/faec.org.br\/senar\/wp-json\/wp\/v2\/comments?post=47"}],"version-history":[{"count":6,"href":"http:\/\/faec.org.br\/senar\/wp-json\/wp\/v2\/pages\/47\/revisions"}],"predecessor-version":[{"id":17612,"href":"http:\/\/faec.org.br\/senar\/wp-json\/wp\/v2\/pages\/47\/revisions\/17612"}],"wp:attachment":[{"href":"http:\/\/faec.org.br\/senar\/wp-json\/wp\/v2\/media?parent=47"}],"curies":[{"name":"wp","href":"https:\/\/api.w.org\/{rel}","templated":true}]}}