{"id":3736,"date":"2016-02-16T09:08:05","date_gmt":"2016-02-16T12:08:05","guid":{"rendered":"http:\/\/senarce.org.br\/novo\/?page_id=3736"},"modified":"2023-08-03T10:44:46","modified_gmt":"2023-08-03T13:44:46","slug":"licitacoes-senar","status":"publish","type":"page","link":"http:\/\/faec.org.br\/senar\/licitacoes-senar\/","title":{"rendered":"Licita\u00e7\u00f5es SENAR"},"content":{"rendered":"<h2 style=\"text-align: center;\">Licita\u00e7\u00f5es<\/h2>\n<p>&nbsp;<\/p>\n<p>&nbsp;<\/p>\n<address>\u00a0Licita\u00e7\u00f5es por Ano:<\/address>\n<address><select name=\"jumpit\" size=\"1\" onchange=\"document.location.href=this.value\"><option selected=\"selected\" value=\"http:\/\/faec.org.br\/senar\/programacao-mensal\/fevereiro-2014-2\/\">Escolha uma op\u00e7\u00e3o:<\/option><option value=\"http:\/\/faec.org.br\/senar\/licitacoes-em-andamento-e-concluidas-2015\/\">Licita\u00e7\u00f5es 2015<\/option><option value=\"http:\/\/faec.org.br\/senar\/licitacoes-em-andamento-e-concluidas-2016\/\">Licita\u00e7\u00f5es 2016<\/option><option value=\"http:\/\/faec.org.br\/senar\/licitacoes-e-contratos\">Licita\u00e7\u00f5es 2017<\/option><option value=\"http:\/\/faec.org.br\/senar\/licitacao-e-contratos-do-senar-ar-ce-2018\/\">Licita\u00e7\u00f5es 2018<\/option><option value=\"https:\/\/app3.cna.org.br\/transparencia\/?gestaoLicitacao-CE-2019-488\">Licita\u00e7\u00f5es 2019<\/option><option value=\"https:\/\/app3.cna.org.br\/transparencia\/?gestaoLicitacao-CE-2020-544\">Licita\u00e7\u00f5es 2020<\/option><option value=\"https:\/\/app3.cna.org.br\/transparencia\/?gestaoLicitacao-CE-2021-852\">Licita\u00e7\u00f5es 2021<\/option><option value=\"https:\/\/app3.cna.org.br\/transparencia\/#CE-2022-992\">Licita\u00e7\u00f5es 2022<\/option><option value=\"https:\/\/app3.cna.org.br\/transparencia\/#CE-2023-1153\">Licita\u00e7\u00f5es 2023<\/option><\/select><\/address>\n<div id=\"programa\u00e7\u00e3o-box\">\n<address style=\"width: 420px; text-align: left;\"><a href=\"http:\/\/issuu.com\/zyz9002\/docs\/cursos?mode=embed&amp;viewMode=presentation&amp;layout=http%3A%2F%2Fskin.issuu.com%2Fv%2Flight%2Flayout.xml&amp;showFlipBtn=true\" target=\"_blank\" rel=\"noopener\">\u00a0<\/a><\/address>\n<\/div>\n<div style=\"width: 550px; text-align: center;\"><a href=\"http:\/\/issuu.com\/zyz9002\/docs\/cursos_senar__2013?mode=embed&amp;viewMode=presentation&amp;layout=http%3A%2F%2Fskin.issuu.com%2Fv%2Fcolor%2Flayout.xml&amp;backgroundColor=FFFFFF\" target=\"_blank\" rel=\"noopener\">\u00a0<\/a><\/div>\n<div style=\"width: 550px; text-align: center;\"><\/div>\n<div style=\"width: 550px; text-align: center;\"><\/div>\n<div style=\"text-align: center;\"><\/div>\n","protected":false},"excerpt":{"rendered":"<p>Licita\u00e7\u00f5es &nbsp; &nbsp; \u00a0Licita\u00e7\u00f5es por Ano: Escolha uma op\u00e7\u00e3o:Licita\u00e7\u00f5es 2015Licita\u00e7\u00f5es 2016Licita\u00e7\u00f5es 2017Licita\u00e7\u00f5es 2018Licita\u00e7\u00f5es 2019Licita\u00e7\u00f5es 2020Licita\u00e7\u00f5es 2021Licita\u00e7\u00f5es 2022Licita\u00e7\u00f5es 2023 \u00a0 \u00a0<\/p>\n","protected":false},"author":1,"featured_media":0,"parent":0,"menu_order":0,"comment_status":"open","ping_status":"open","template":"","meta":{"footnotes":""},"class_list":["post-3736","page","type-page","status-publish","czr-hentry"],"_links":{"self":[{"href":"http:\/\/faec.org.br\/senar\/wp-json\/wp\/v2\/pages\/3736","targetHints":{"allow":["GET"]}}],"collection":[{"href":"http:\/\/faec.org.br\/senar\/wp-json\/wp\/v2\/pages"}],"about":[{"href":"http:\/\/faec.org.br\/senar\/wp-json\/wp\/v2\/types\/page"}],"author":[{"embeddable":true,"href":"http:\/\/faec.org.br\/senar\/wp-json\/wp\/v2\/users\/1"}],"replies":[{"embeddable":true,"href":"http:\/\/faec.org.br\/senar\/wp-json\/wp\/v2\/comments?post=3736"}],"version-history":[{"count":1,"href":"http:\/\/faec.org.br\/senar\/wp-json\/wp\/v2\/pages\/3736\/revisions"}],"predecessor-version":[{"id":16721,"href":"http:\/\/faec.org.br\/senar\/wp-json\/wp\/v2\/pages\/3736\/revisions\/16721"}],"wp:attachment":[{"href":"http:\/\/faec.org.br\/senar\/wp-json\/wp\/v2\/media?parent=3736"}],"curies":[{"name":"wp","href":"https:\/\/api.w.org\/{rel}","templated":true}]}}