{"id":195,"date":"2012-11-13T08:05:03","date_gmt":"2012-11-13T11:05:03","guid":{"rendered":"http:\/\/senarce.org.br\/novo\/?page_id=195"},"modified":"2023-04-24T07:44:13","modified_gmt":"2023-04-24T10:44:13","slug":"formacao-profissional","status":"publish","type":"page","link":"http:\/\/faec.org.br\/senar\/formacao-profissional\/","title":{"rendered":"Forma\u00e7\u00e3o Profissional Rural"},"content":{"rendered":"<blockquote>\n<p align=\"justify\">Processo educativo, n\u00e3o formal, participativo e sistematizado, que possibilita ao homem a aquisi\u00e7\u00e3o de conhecimentos, habilidades e atitudes para o exerc\u00edcio de uma ocupa\u00e7\u00e3o.<\/p>\n<p align=\"justify\">Trabalhando de acordo com a realidade do mercado de trabalho, O SENAR capacita trabalhadores rurais, pequenos produtores rurais e seus familiares em 05 (cinco) linhas de a\u00e7\u00e3o, abaixo relacionados:<\/p>\n<p><!-- Paste this code into the BODY section of your HTML document --><\/p>\n<p><select name=\"jumpit\" size=\"1\" onchange=\"document.location.href=this.value\"><option selected=\"selected\" value=\"\">Selecione uma op\u00e7\u00e3o<\/option><option value=\"http:\/\/faec.org.br\/senar\/agricultura-2-2\/\">Agricultura<\/option><option value=\"http:\/\/faec.org.br\/senar\/agroindustria-2\/\">Agroind\u00fastria<\/option><option value=\"http:\/\/faec.org.br\/senar\/atividade-de-apoio-agro-silvo-pastoril\/\">Atividade de Apoio Agrossilvipastoril<\/option><option value=\"http:\/\/faec.org.br\/senar\/aquicultura\/\">Aquicultura<\/option><option value=\"http:\/\/faec.org.br\/senar\/pecuaria\/\">Pecu\u00e1ria<\/option><\/select><\/p><\/blockquote>\n","protected":false},"excerpt":{"rendered":"<p>Processo educativo, n\u00e3o formal, participativo e sistematizado, que possibilita ao homem a aquisi\u00e7\u00e3o de conhecimentos, habilidades e atitudes para o exerc\u00edcio de uma ocupa\u00e7\u00e3o. Trabalhando de acordo com a realidade do mercado de trabalho, O SENAR capacita trabalhadores rurais, pequenos produtores rurais e seus familiares em 05 (cinco) linhas de a\u00e7\u00e3o, abaixo relacionados: Selecione uma [&hellip;]<\/p>\n","protected":false},"author":1,"featured_media":0,"parent":0,"menu_order":0,"comment_status":"open","ping_status":"open","template":"","meta":{"footnotes":""},"class_list":["post-195","page","type-page","status-publish","czr-hentry"],"_links":{"self":[{"href":"http:\/\/faec.org.br\/senar\/wp-json\/wp\/v2\/pages\/195","targetHints":{"allow":["GET"]}}],"collection":[{"href":"http:\/\/faec.org.br\/senar\/wp-json\/wp\/v2\/pages"}],"about":[{"href":"http:\/\/faec.org.br\/senar\/wp-json\/wp\/v2\/types\/page"}],"author":[{"embeddable":true,"href":"http:\/\/faec.org.br\/senar\/wp-json\/wp\/v2\/users\/1"}],"replies":[{"embeddable":true,"href":"http:\/\/faec.org.br\/senar\/wp-json\/wp\/v2\/comments?post=195"}],"version-history":[{"count":3,"href":"http:\/\/faec.org.br\/senar\/wp-json\/wp\/v2\/pages\/195\/revisions"}],"predecessor-version":[{"id":16428,"href":"http:\/\/faec.org.br\/senar\/wp-json\/wp\/v2\/pages\/195\/revisions\/16428"}],"wp:attachment":[{"href":"http:\/\/faec.org.br\/senar\/wp-json\/wp\/v2\/media?parent=195"}],"curies":[{"name":"wp","href":"https:\/\/api.w.org\/{rel}","templated":true}]}}