{"id":15959,"date":"2018-09-03T08:04:48","date_gmt":"2018-09-03T11:04:48","guid":{"rendered":"http:\/\/senarce.org.br\/novo\/?page_id=8091"},"modified":"2018-09-03T08:04:48","modified_gmt":"2018-09-03T11:04:48","slug":"remuneracao-dos-cargos","status":"publish","type":"page","link":"http:\/\/faec.org.br\/senar\/transparencia-2\/remuneracao-dos-cargos\/","title":{"rendered":"REMUNERA\u00c7\u00c3O DOS CARGOS"},"content":{"rendered":"<table class=\"comicGreen\">\n<thead>\n<tr>\n<th>&nbsp;<\/th>\n<th><strong>REMUNERA\u00c7\u00c3O DOS CARGOS<\/strong><\/th>\n<th>&nbsp;<\/th>\n<\/tr>\n<\/thead>\n<tbody>\n<tr>\n<td style=\"text-align: center;\">Assistente<\/td>\n<td style=\"text-align: center;\">N\u00edvel I<\/td>\n<td style=\"text-align: center;\">De 1.332,38 a 1.741,86<\/td>\n<\/tr>\n<tr>\n<td style=\"text-align: center;\">Assistente<\/td>\n<td style=\"text-align: center;\">N\u00edvel II<\/td>\n<td style=\"text-align: center;\">De 1.798,71 a 2.351,52<\/td>\n<\/tr>\n<tr>\n<td style=\"text-align: center;\">Assistente<\/td>\n<td style=\"text-align: center;\">N\u00edvel III<\/td>\n<td style=\"text-align: center;\">De 2.428,25 a 3.174,55<\/td>\n<\/tr>\n<tr>\n<td style=\"text-align: center;\">Assistente<\/td>\n<td style=\"text-align: center;\">N\u00edvel IV<\/td>\n<td style=\"text-align: center;\">De 3.278,14 a 4.285,64<\/td>\n<\/tr>\n<tr>\n<td style=\"text-align: center;\">Analista<\/td>\n<td style=\"text-align: center;\">Junior<\/td>\n<td style=\"text-align: center;\">De 4.425,49 a 5.785,61<\/td>\n<\/tr>\n<tr>\n<td style=\"text-align: center;\">Analista<\/td>\n<td style=\"text-align: center;\">Pleno<\/td>\n<td style=\"text-align: center;\">De 5.974,42 a 7.810,58<\/td>\n<\/tr>\n<tr>\n<\/tr>\n<\/tbody>\n<\/table>\n<p>&nbsp;<\/p>\n<table class=\"comicGreen\">\n<thead>\n<tr>\n<th><strong>REMUNERA\u00c7\u00c3O \u2013 CARGOS DE CONFIAN\u00c7A<\/strong><\/th>\n<th>&nbsp;<\/th>\n<\/tr>\n<\/thead>\n<tbody>\n<tr>\n<td style=\"text-align: center;\">Superintendente<\/td>\n<td style=\"text-align: center;\">4.543,20<\/td>\n<\/tr>\n<\/tbody>\n<\/table>\n<p>&nbsp;<\/p>\n<table class=\"comicGreen\">\n<thead>\n<tr>\n<th><strong>REMUNERA\u00c7\u00c3O \u2013 CARGOS DE LIVRE PROVIMENTO<\/strong><\/th>\n<th>&nbsp;<\/th>\n<\/tr>\n<\/thead>\n<tbody>\n<tr>\n<td>Diretor T\u00e9cnico<\/td>\n<td>4.217,71<\/td>\n<\/tr>\n<tr>\n<td>Diretor Administrativo Financeiro<\/td>\n<td>4.217,71<\/td>\n<\/tr>\n<tr>\n<td>Assessor Jur\u00eddico<\/td>\n<td>4.217,71<\/td>\n<\/tr>\n<tr>\n<td>Coordenador de Projeto\/Programa<\/td>\n<td>3.690,49<\/td>\n<\/tr>\n<\/tbody>\n<\/table>\n<p>&nbsp;<\/p>\n<table class=\"comicGreen\">\n<thead>\n<tr>\n<th><strong>REMUNERA\u00c7\u00c3O \u2013 FUN\u00c7\u00d5ES GRATIFICADAS<\/strong><\/th>\n<th>&nbsp;<\/th>\n<\/tr>\n<\/thead>\n<tbody>\n<tr>\n<td style=\"text-align: center;\">Gestor de Departamento<\/td>\n<td style=\"text-align: center;\">2.741,50<\/td>\n<\/tr>\n<tr>\n<td style=\"text-align: center;\">Gestor de N\u00facleo<\/td>\n<td style=\"text-align: center;\">1.897,97<\/td>\n<\/tr>\n<tr>\n<\/tr>\n<\/tbody>\n<\/table>\n","protected":false},"excerpt":{"rendered":"<p>&nbsp; REMUNERA\u00c7\u00c3O DOS CARGOS &nbsp; Assistente N\u00edvel I De 1.332,38 a 1.741,86 Assistente N\u00edvel II De 1.798,71 a 2.351,52 Assistente N\u00edvel III De 2.428,25 a 3.174,55 Assistente N\u00edvel IV De 3.278,14 a 4.285,64 Analista Junior De 4.425,49 a 5.785,61 Analista Pleno De 5.974,42 a 7.810,58 &nbsp; REMUNERA\u00c7\u00c3O \u2013 CARGOS DE CONFIAN\u00c7A &nbsp; Superintendente 4.543,20 &nbsp; [&hellip;]<\/p>\n","protected":false},"author":1,"featured_media":0,"parent":7150,"menu_order":0,"comment_status":"closed","ping_status":"closed","template":"","meta":{"footnotes":""},"class_list":["post-15959","page","type-page","status-publish","czr-hentry"],"_links":{"self":[{"href":"http:\/\/faec.org.br\/senar\/wp-json\/wp\/v2\/pages\/15959","targetHints":{"allow":["GET"]}}],"collection":[{"href":"http:\/\/faec.org.br\/senar\/wp-json\/wp\/v2\/pages"}],"about":[{"href":"http:\/\/faec.org.br\/senar\/wp-json\/wp\/v2\/types\/page"}],"author":[{"embeddable":true,"href":"http:\/\/faec.org.br\/senar\/wp-json\/wp\/v2\/users\/1"}],"replies":[{"embeddable":true,"href":"http:\/\/faec.org.br\/senar\/wp-json\/wp\/v2\/comments?post=15959"}],"version-history":[{"count":0,"href":"http:\/\/faec.org.br\/senar\/wp-json\/wp\/v2\/pages\/15959\/revisions"}],"up":[{"embeddable":true,"href":"http:\/\/faec.org.br\/senar\/wp-json\/wp\/v2\/pages\/7150"}],"wp:attachment":[{"href":"http:\/\/faec.org.br\/senar\/wp-json\/wp\/v2\/media?parent=15959"}],"curies":[{"name":"wp","href":"https:\/\/api.w.org\/{rel}","templated":true}]}}