{"id":15958,"date":"2018-08-14T13:35:14","date_gmt":"2018-08-14T16:35:14","guid":{"rendered":"http:\/\/senarce.org.br\/novo\/?page_id=7982"},"modified":"2018-08-14T13:35:14","modified_gmt":"2018-08-14T16:35:14","slug":"demonstracoes-contabeis-2o-trimestre-2018","status":"publish","type":"page","link":"http:\/\/faec.org.br\/senar\/transparencia-2\/demonstracoes-contabeis-2o-trimestre-2018\/","title":{"rendered":"Demonstra\u00e7\u00f5es cont\u00e1beis 2\u00ba Trimestre 2018"},"content":{"rendered":"<ul>\n<li><a href=\"http:\/\/faec.org.br\/senar\/wp-content\/uploads\/2018\/08\/Balan\u00e7o-Financeiro-1.pdf\">Balan\u00e7o Financeiro<\/a><\/li>\n<li><a href=\"http:\/\/faec.org.br\/senar\/wp-content\/uploads\/2018\/08\/Balan\u00e7o-Or\u00e7amentario-1.pdf\">Balan\u00e7o Or\u00e7amentario<\/a><\/li>\n<li><a href=\"http:\/\/faec.org.br\/senar\/wp-content\/uploads\/2018\/08\/Balan\u00e7o-Patrimonial-1.pdf\">Balan\u00e7o Patrimonial<\/a><\/li>\n<li><a href=\"http:\/\/faec.org.br\/senar\/wp-content\/uploads\/2018\/08\/Demonstra\u00e7\u00e3o-gerencial-1.pdf\">Demonstra\u00e7\u00e3o gerencial<\/a><\/li>\n<li><a href=\"http:\/\/faec.org.br\/senar\/wp-content\/uploads\/2018\/08\/DFC-1.pdf\">DFC<\/a><\/li>\n<li><a href=\"http:\/\/faec.org.br\/senar\/wp-content\/uploads\/2018\/08\/DMPL-1.pdf\">DMPL<\/a><\/li>\n<li><a href=\"http:\/\/faec.org.br\/senar\/wp-content\/uploads\/2018\/08\/DVP-Acumulada-1.pdf\">DVP Acumulada<\/a><\/li>\n<li><a href=\"http:\/\/faec.org.br\/senar\/wp-content\/uploads\/2018\/08\/DVP-1.pdf\">DVP<\/a><\/li>\n<li><a href=\"http:\/\/faec.org.br\/senar\/wp-content\/uploads\/2018\/08\/Notas-explicativas.pdf\">Notas explicativas 2 trimestre 2018<\/a><\/li>\n<\/ul>\n<div id=\"icpbravoaccess_loaded\">&nbsp;<\/div>\n","protected":false},"excerpt":{"rendered":"<p>Balan\u00e7o Financeiro Balan\u00e7o Or\u00e7amentario Balan\u00e7o Patrimonial Demonstra\u00e7\u00e3o gerencial DFC DMPL DVP Acumulada DVP Notas explicativas 2 trimestre 2018 &nbsp;<\/p>\n","protected":false},"author":1,"featured_media":0,"parent":7150,"menu_order":0,"comment_status":"closed","ping_status":"closed","template":"","meta":{"footnotes":""},"class_list":["post-15958","page","type-page","status-publish","czr-hentry"],"_links":{"self":[{"href":"http:\/\/faec.org.br\/senar\/wp-json\/wp\/v2\/pages\/15958","targetHints":{"allow":["GET"]}}],"collection":[{"href":"http:\/\/faec.org.br\/senar\/wp-json\/wp\/v2\/pages"}],"about":[{"href":"http:\/\/faec.org.br\/senar\/wp-json\/wp\/v2\/types\/page"}],"author":[{"embeddable":true,"href":"http:\/\/faec.org.br\/senar\/wp-json\/wp\/v2\/users\/1"}],"replies":[{"embeddable":true,"href":"http:\/\/faec.org.br\/senar\/wp-json\/wp\/v2\/comments?post=15958"}],"version-history":[{"count":0,"href":"http:\/\/faec.org.br\/senar\/wp-json\/wp\/v2\/pages\/15958\/revisions"}],"up":[{"embeddable":true,"href":"http:\/\/faec.org.br\/senar\/wp-json\/wp\/v2\/pages\/7150"}],"wp:attachment":[{"href":"http:\/\/faec.org.br\/senar\/wp-json\/wp\/v2\/media?parent=15958"}],"curies":[{"name":"wp","href":"https:\/\/api.w.org\/{rel}","templated":true}]}}