{"id":15955,"date":"2018-04-26T10:35:14","date_gmt":"2018-04-26T13:35:14","guid":{"rendered":"http:\/\/senarce.org.br\/novo\/?page_id=7368"},"modified":"2023-07-21T08:21:13","modified_gmt":"2023-07-21T11:21:13","slug":"lei-de-diretrizes-orcamentarias-ldo","status":"publish","type":"page","link":"http:\/\/faec.org.br\/senar\/transparencia-2\/lei-de-diretrizes-orcamentarias-ldo\/","title":{"rendered":"Lei de Diretrizes Or\u00e7ament\u00e1rias \u2013 LDO"},"content":{"rendered":"<p>A Lei n\u00ba 13.408, de 26\/12\/2016 estabeleceu as diretrizes or\u00e7ament\u00e1rias para o exerc\u00edcio de 2017.<\/p>\n<p>Em cumprimento ao disposto no instrumento legal e atendendo recomenda\u00e7\u00f5es do Tribunal de Contas da Uni\u00e3o, o SENAR adequou para o ano de 2017 a forma de apresenta\u00e7\u00e3o do or\u00e7amento, sua estrutura remunerat\u00f3ria e as rela\u00e7\u00f5es dos nomes de seus dirigentes e membros do corpo t\u00e9cnico:<\/p>\n<h3><a href=\"http:\/\/app3.cna.org.br\/transparencia\/#CE-2023\"><strong>Exerc\u00edcio 2023<\/strong><\/a><\/h3>\n<h3><a href=\"http:\/\/app3.cna.org.br\/transparencia\/#CE-2022\"><strong>Exerc\u00edcio 2022<\/strong><\/a><\/h3>\n<h3><a href=\"http:\/\/app3.cna.org.br\/transparencia\/#CE-2021\"><strong>Exerc\u00edcio 2021<\/strong><\/a><\/h3>\n<h3><a href=\"http:\/\/app3.cna.org.br\/transparencia\/#CE-2021\"><strong>Exerc\u00edcio 2021<\/strong><\/a><\/h3>\n<h3><a href=\"http:\/\/app3.cna.org.br\/transparencia\/#CE-2020\"><strong>Exerc\u00edcio 2020<\/strong><\/a><\/h3>\n<h3><a href=\"http:\/\/app3.cna.org.br\/transparencia\/#CE-2019\"><strong>Exerc\u00edcio 2019<\/strong><\/a><\/h3>\n<h3><strong>Exerc\u00edcio 2018<\/strong><\/h3>\n<ul>\n<li><strong>Primeiro Trimestre<\/strong>\n<ul>\n<li><strong>Or\u00e7amento e Execu\u00e7\u00e3o Or\u00e7ament\u00e1ria<\/strong>\n<ul>\n<li><a href=\"http:\/\/faec.org.br\/senar\/wp-content\/uploads\/2018\/08\/Receitas-por-Natureza-1-trimestre-2018.pdf\">Receitas por Natureza<\/a><\/li>\n<li><a href=\"http:\/\/faec.org.br\/senar\/wp-content\/uploads\/2018\/08\/despesas-por-finalidade-e-natureza-1-trimestre-2018.pdf\">Despesas por Finalidade e Natureza<\/a><\/li>\n<li><a href=\"http:\/\/faec.org.br\/senar\/transparencia\/demonstracoes-contabeis-1o-trimestre-2018\/\"><strong>Demonstra\u00e7\u00f5es Cont\u00e1beis<\/strong><\/a><\/li>\n<\/ul>\n<\/li>\n<li><strong>Gest\u00e3o de Pessoas<\/strong>\n<ul>\n<li><a href=\"http:\/\/faec.org.br\/senar\/transparencia\/conselho-administrativo-mandato-gestao-2018-2021-1o-trimestre-de-2018\/\">Conselho Administrativo<\/a><\/li>\n<li><a href=\"http:\/\/faec.org.br\/senar\/transparencia\/conselho-fiscal-regional-mandato-gestao-2018-2021-1o-trimestre-de-2018\/\">Conselho Fiscal<\/a><\/li>\n<li><a href=\"http:\/\/faec.org.br\/senar\/relacao-de-pessoal-portal-da-transparencia-1o-trimestre-2018\/\">Corpo T\u00e9cnico<\/a><\/li>\n<li><a href=\"http:\/\/faec.org.br\/senar\/remuneracao-de-cargos-2018\/\">Cargo e Fun\u00e7\u00f5es<\/a><\/li>\n<\/ul>\n<\/li>\n<\/ul>\n<\/li>\n<\/ul>\n<ul>\n<li><strong>Segundo Trimestre<\/strong>\n<ul>\n<li><strong>Or\u00e7amento e Execu\u00e7\u00e3o Or\u00e7ament\u00e1ria<\/strong>\n<ul>\n<li><a href=\"http:\/\/faec.org.br\/senar\/wp-content\/uploads\/2018\/08\/Receitas-por-Natureza-2-trimestre-2018-1.pdf\">Receitas por Natureza<\/a><\/li>\n<li><a href=\"http:\/\/faec.org.br\/senar\/wp-content\/uploads\/2018\/08\/despesas-por-finalidade-e-natureza-2-trimestre-2018-1.pdf\">Despesas por Finalidade e Natureza<\/a><\/li>\n<li><a href=\"http:\/\/faec.org.br\/senar\/transparencia\/demonstracoes-contabeis-2o-trimestre-2018\/\"><strong>Demonstra\u00e7\u00f5es\u00a0 Cont\u00e1beis<\/strong><\/a><\/li>\n<\/ul>\n<\/li>\n<li><strong>Gest\u00e3o de Pessoas<\/strong>\n<ul>\n<li><a href=\"http:\/\/faec.org.br\/senar\/?page_id=8184&amp;preview=true\">Conselho Administrativo<\/a><\/li>\n<li><a href=\"http:\/\/faec.org.br\/senar\/transparencia\/conselho-fiscal-regional-mandato-gestao-2018-2021-2o-trimestre-de-2018\/\">Conselho Fiscal<\/a><\/li>\n<li><a href=\"http:\/\/faec.org.br\/senar\/relacao-de-pessoal-portal-da-transparencia-2o-trimestre-2018\/\">Corpo T\u00e9cnico<\/a><\/li>\n<li><a href=\"http:\/\/faec.org.br\/senar\/remuneracao-de-cargos-2018\/\">Cargos e Fun\u00e7\u00f5es<\/a><\/li>\n<\/ul>\n<\/li>\n<\/ul>\n<\/li>\n<\/ul>\n<ul>\n<li><strong>Terceiro Trimestre<\/strong>\n<ul>\n<li><strong>Or\u00e7amento e Execu\u00e7\u00e3o Or\u00e7ament\u00e1ria<\/strong>\n<ul>\n<li><a href=\"http:\/\/faec.org.br\/senar\/wp-content\/uploads\/2018\/11\/Receitas-por-Natureza-3-trimestre-2018.pdf\">Receitas por Natureza<\/a><\/li>\n<li><a href=\"http:\/\/faec.org.br\/senar\/wp-content\/uploads\/2018\/11\/despesas-por-finalidade-e-natureza-3-trimestre-2018.pdf\">Despesas por Finalidade e Natureza<\/a><\/li>\n<li><a href=\"http:\/\/faec.org.br\/senar\/demonstracoes-contabeis-3o-trimestre-2018\/\"><strong>Demonstra\u00e7\u00f5es\u00a0 Cont\u00e1beis<\/strong><\/a><\/li>\n<\/ul>\n<\/li>\n<li><strong>Gest\u00e3o de Pessoas<\/strong>\n<ul>\n<li><a href=\"http:\/\/faec.org.br\/senar\/conselho-administrativo-mandato-gestao-2018-2021-3o-trimestre-de-2018\/\">Conselho Administrativo<\/a><\/li>\n<li><a href=\"http:\/\/faec.org.br\/senar\/conselho-fiscal-regional-mandato-gestao-2018-2021-3o-trimestre-de-2018\/\">Conselho Fiscal<\/a><\/li>\n<li><a href=\"http:\/\/faec.org.br\/senar\/relacao-de-pessoal-transparencia-3o-trimestre-2018\/\">Corpo T\u00e9cnico<\/a><\/li>\n<li><a href=\"http:\/\/faec.org.br\/senar\/remuneracao-de-cargos-2018\/\">Cargos e Fun\u00e7\u00f5es<\/a><\/li>\n<\/ul>\n<\/li>\n<\/ul>\n<\/li>\n<\/ul>\n<ul>\n<li><strong>Quarto Trimestre<\/strong>\n<ul>\n<li><strong>Or\u00e7amento e Execu\u00e7\u00e3o Or\u00e7ament\u00e1ria<\/strong>\n<ul>\n<li><a href=\"http:\/\/faec.org.br\/senar\/wp-content\/uploads\/2019\/04\/Receitas-por-Natureza-4-trimestre-2018.pdf\">Receitas por Natureza<\/a><\/li>\n<li><a href=\"http:\/\/faec.org.br\/senar\/wp-content\/uploads\/2019\/04\/despesas-por-finalidade-e-natureza-4-trimestre-2018.pdf\">Despesas por Finalidade e Natureza<\/a><\/li>\n<li><a href=\"http:\/\/faec.org.br\/senar\/demonstracoes-contabeis-4o-trimestre-2018\/\"><strong>Demonstra\u00e7\u00f5es\u00a0 Cont\u00e1beis<\/strong><\/a><\/li>\n<\/ul>\n<\/li>\n<li><strong>Gest\u00e3o de Pessoas<\/strong>\n<ul>\n<li>Conselho Administrativo<\/li>\n<li style=\"list-style-type: none;\"><\/li>\n<li>Conselho Fiscal<\/li>\n<li><a href=\"http:\/\/faec.org.br\/senar\/wp-content\/uploads\/2019\/05\/Rela\u00e7\u00e3o-de-Pessoal-para-Portal-da-Transparencia-2018.pdf\">Corpo T\u00e9cnico<\/a><\/li>\n<li><a href=\"http:\/\/faec.org.br\/senar\/wp-content\/uploads\/2019\/05\/Informa\u00e7\u00f5es-Portal-da-Transpar\u00eancia-2018.pdf\">Cargos e Fun\u00e7\u00f5es<\/a><\/li>\n<\/ul>\n<\/li>\n<\/ul>\n<\/li>\n<\/ul>\n<h3><strong>Exerc\u00edcio 2017<\/strong><\/h3>\n<ul>\n<li><strong>Primeiro Trimestre<\/strong>\n<ul>\n<li><strong>Or\u00e7amento e Execu\u00e7\u00e3o Or\u00e7ament\u00e1ria<\/strong>\n<ul>\n<li><a href=\"http:\/\/faec.org.br\/senar\/wp-content\/uploads\/2018\/08\/Receitas-por-natureza-1\u00ba-trimestre-2017.pdf\">Receitas por Natureza<\/a><\/li>\n<li><a href=\"http:\/\/faec.org.br\/senar\/wp-content\/uploads\/2018\/08\/despesa-por-finalidade-e-natureza1\u00ba-trimestre-2017.pdf\">Despesas por Finalidade e Natureza<\/a><\/li>\n<\/ul>\n<\/li>\n<li><a href=\"http:\/\/faec.org.br\/senar\/transparencia\/demonstracoes-contabeis-1o-trimestre-2017\/\"><strong>Demonstra\u00e7\u00f5es Cont\u00e1beis<\/strong><\/a><\/li>\n<li><strong>Gest\u00e3o de Pessoas<\/strong>\n<ul>\n<li><a href=\"http:\/\/faec.org.br\/senar\/transparencia\/senar-administracao-regional-do-estado-do-ceara-mandato-gestao-2014-2017-1o-trimestre-de-2017\/\">Conselho Administrativo<\/a><\/li>\n<li><a href=\"http:\/\/faec.org.br\/senar\/transparencia\/conselho-fiscal-regional-mandato-gestao-2014-2017-1o-trimestre-de-2017\/\">Conselho Fiscal<\/a><\/li>\n<li><a href=\"http:\/\/faec.org.br\/senar\/relacao-de-pessoal-portal-da-transparencia-1o-trimestre-2017\/\">Corpo T\u00e9cnico<\/a><\/li>\n<li><a href=\"http:\/\/faec.org.br\/senar\/transparencia\/remuneracao-dos-cargos\/\">Cargo e Fun\u00e7\u00f5es<\/a><\/li>\n<\/ul>\n<\/li>\n<\/ul>\n<\/li>\n<li><strong>Segundo Trimestre<\/strong>\n<ul>\n<li><strong>Or\u00e7amento e Execu\u00e7\u00e3o Or\u00e7ament\u00e1ria<\/strong>\n<ul>\n<li><a href=\"http:\/\/faec.org.br\/senar\/wp-content\/uploads\/2018\/08\/RECEITA-por-natureza-2\u00ba-trimestre-2017.pdf\">Receitas por Natureza<\/a><\/li>\n<li><a href=\"http:\/\/faec.org.br\/senar\/wp-content\/uploads\/2018\/08\/despesa-por-finalidade-e-natureza-2\u00ba-trimestre-2017.pdf\">Despesas por Finalidade e Natureza<\/a><\/li>\n<\/ul>\n<\/li>\n<li><a href=\"http:\/\/faec.org.br\/senar\/transparencia\/demonstracoes-contabeis-2o-trimestre-2017\/\"><strong>Demonstra\u00e7\u00f5es\u00a0 Cont\u00e1beis<\/strong><\/a><\/li>\n<li><strong>Gest\u00e3o de Pessoas<\/strong>\n<ul>\n<li><a href=\"http:\/\/faec.org.br\/senar\/transparencia\/conselho-administrativo-mandato-gestao-2014-2017-2o-trimestre-de-2017\/\">Conselho Administrativo<\/a><\/li>\n<li><a href=\"http:\/\/faec.org.br\/senar\/transparencia\/conselho-fiscal-regional-mandato-gestao-2014-2017-2o-trimestre-de-2017\/\">Conselho Fiscal<\/a><\/li>\n<li><a href=\"http:\/\/faec.org.br\/senar\/relacao-de-pessoal-portal-da-transparencia-2o-trimestre-2017\/\">Corpo T\u00e9cnico<\/a><\/li>\n<li><a href=\"http:\/\/faec.org.br\/senar\/transparencia\/remuneracao-dos-cargos\/\">Cargos e Fun\u00e7\u00f5es<\/a><\/li>\n<\/ul>\n<\/li>\n<\/ul>\n<\/li>\n<li><strong>Terceiro Trimestre<\/strong>\n<ul>\n<li><strong>Or\u00e7amento e Execu\u00e7\u00e3o Or\u00e7ament\u00e1ria<\/strong>\n<ul>\n<li><a href=\"http:\/\/faec.org.br\/senar\/wp-content\/uploads\/2018\/08\/receitas-por-natureza-3\u00ba-trimestre-2017.pdf\">Receitas por Natureza<\/a><\/li>\n<li><a href=\"http:\/\/faec.org.br\/senar\/wp-content\/uploads\/2018\/08\/despesas-por-finalidade-e-natureza-3\u00ba-trimestre-2017.pdf\">Despesas por Finalidade e Natureza<\/a><\/li>\n<\/ul>\n<\/li>\n<li><a href=\"http:\/\/faec.org.br\/senar\/transparencia\/demonstracoes-contabeis-3o-trimestre-2017\/\"><strong>Demonstra\u00e7\u00f5es Cont\u00e1beis<\/strong><\/a><\/li>\n<li><strong>Gest\u00e3o de Pessoas<\/strong>\n<ul>\n<li><a href=\"http:\/\/faec.org.br\/senar\/transparencia\/conselho-administrativo-mandato-gestao-2014-2017-3o-trimestre-de-2017\/\">Conselho Administrativo<\/a><\/li>\n<li><a href=\"http:\/\/faec.org.br\/senar\/transparencia\/conselho-fiscal-regional-mandato-gestao-2014-2017-3o-trimestre-de-2017\/\">Conselho Fiscal<\/a><\/li>\n<li><a href=\"http:\/\/faec.org.br\/senar\/relacao-de-pessoal-portal-da-transparencia-3o-trimestre-2017\/\">Corpo T\u00e9cnico<\/a><\/li>\n<li><a href=\"http:\/\/faec.org.br\/senar\/transparencia\/remuneracao-dos-cargos\/\">Cargos e Fun\u00e7\u00f5es<\/a><\/li>\n<\/ul>\n<\/li>\n<\/ul>\n<\/li>\n<li><strong>Quarto Trimestre<\/strong>\n<ul>\n<li><strong>Or\u00e7amento e Execu\u00e7\u00e3o Or\u00e7ament\u00e1ria<\/strong>\n<ul>\n<li><a href=\"http:\/\/faec.org.br\/senar\/wp-content\/uploads\/2018\/08\/receitas-por-natureza-4\u00ba-trimestre-2017.pdf\">Receitas por Natureza<\/a><\/li>\n<li><a href=\"http:\/\/faec.org.br\/senar\/wp-content\/uploads\/2018\/08\/despesas-por-finalidade-e-natureza.-4\u00ba-trimestre-2017.pdf\">Despesas por Finalidade e Natureza<\/a><\/li>\n<\/ul>\n<\/li>\n<li><a href=\"http:\/\/faec.org.br\/senar\/transparencia\/demonstracoes-contabeis-4o-trimestre-2017\/\"><strong>Demonstra\u00e7\u00f5es Cont\u00e1beis<\/strong><\/a><\/li>\n<li><strong>Gest\u00e3o de Pessoas<\/strong>\n<ul>\n<li><a href=\"http:\/\/faec.org.br\/senar\/transparencia\/conselho-administrativo-mandato-gestao-2014-2017-4o-trimestre-de-2017\/\">Conselho Administrativo<\/a><\/li>\n<li><a href=\"http:\/\/faec.org.br\/senar\/transparencia\/conselho-fiscal-regional-mandato-gestao-2014-2017-4o-trimestre-de-2017\/\">Conselho Fiscal<\/a><\/li>\n<li><a href=\"http:\/\/faec.org.br\/senar\/relacao-de-pessoal-portal-da-transparencia-4o-trimestre-2017\/\">Corpo T\u00e9cnico<\/a><\/li>\n<li><a href=\"http:\/\/faec.org.br\/senar\/transparencia\/remuneracao-dos-cargos\/\">Cargos e Fun\u00e7\u00f5es<\/a><\/li>\n<\/ul>\n<\/li>\n<\/ul>\n<\/li>\n<\/ul>\n<ul>\n<li style=\"list-style-type: none;\">\n<ul>\n<li style=\"list-style-type: none;\"><\/li>\n<\/ul>\n<\/li>\n<\/ul>\n<h3><\/h3>\n<h3><a href=\"http:\/\/faec.org.br\/senar\/?page_id=8192&amp;preview=true\"><strong>Dados dos Exerc\u00edcios Anteriores<\/strong><\/a><\/h3>\n<div id=\"icpbravoaccess_loaded\"><\/div>\n<div id=\"icpbravoaccess_loaded\"><\/div>\n<div id=\"icpbravoaccess_loaded\"><\/div>\n<div id=\"icpbravoaccess_loaded\"><\/div>\n<div id=\"icpbravoaccess_loaded\"><\/div>\n<div id=\"icpbravoaccess_loaded\"><\/div>\n<div id=\"icpbravoaccess_loaded\"><\/div>\n<div id=\"icpbravoaccess_loaded\"><\/div>\n<div id=\"icpbravoaccess_loaded\"><\/div>\n<div id=\"icpbravoaccess_loaded\"><\/div>\n<div id=\"icpbravoaccess_loaded\"><\/div>\n<div id=\"icpbravoaccess_loaded\"><\/div>\n<div id=\"icpbravoaccess_loaded\"><\/div>\n<div id=\"icpbravoaccess_loaded\"><\/div>\n","protected":false},"excerpt":{"rendered":"<p>A Lei n\u00ba 13.408, de 26\/12\/2016 estabeleceu as diretrizes or\u00e7ament\u00e1rias para o exerc\u00edcio de 2017. Em cumprimento ao disposto no instrumento legal e atendendo recomenda\u00e7\u00f5es do Tribunal de Contas da Uni\u00e3o, o SENAR adequou para o ano de 2017 a forma de apresenta\u00e7\u00e3o do or\u00e7amento, sua estrutura remunerat\u00f3ria e as rela\u00e7\u00f5es dos nomes de seus [&hellip;]<\/p>\n","protected":false},"author":1,"featured_media":0,"parent":7150,"menu_order":0,"comment_status":"closed","ping_status":"closed","template":"","meta":{"footnotes":""},"class_list":["post-15955","page","type-page","status-publish","czr-hentry"],"_links":{"self":[{"href":"http:\/\/faec.org.br\/senar\/wp-json\/wp\/v2\/pages\/15955","targetHints":{"allow":["GET"]}}],"collection":[{"href":"http:\/\/faec.org.br\/senar\/wp-json\/wp\/v2\/pages"}],"about":[{"href":"http:\/\/faec.org.br\/senar\/wp-json\/wp\/v2\/types\/page"}],"author":[{"embeddable":true,"href":"http:\/\/faec.org.br\/senar\/wp-json\/wp\/v2\/users\/1"}],"replies":[{"embeddable":true,"href":"http:\/\/faec.org.br\/senar\/wp-json\/wp\/v2\/comments?post=15955"}],"version-history":[{"count":2,"href":"http:\/\/faec.org.br\/senar\/wp-json\/wp\/v2\/pages\/15955\/revisions"}],"predecessor-version":[{"id":16679,"href":"http:\/\/faec.org.br\/senar\/wp-json\/wp\/v2\/pages\/15955\/revisions\/16679"}],"up":[{"embeddable":true,"href":"http:\/\/faec.org.br\/senar\/wp-json\/wp\/v2\/pages\/7150"}],"wp:attachment":[{"href":"http:\/\/faec.org.br\/senar\/wp-json\/wp\/v2\/media?parent=15955"}],"curies":[{"name":"wp","href":"https:\/\/api.w.org\/{rel}","templated":true}]}}