{"id":15095,"date":"2021-12-10T16:24:57","date_gmt":"2021-12-10T19:24:57","guid":{"rendered":"http:\/\/senarce.org.br\/novo\/?page_id=15095"},"modified":"2021-12-10T16:24:57","modified_gmt":"2021-12-10T19:24:57","slug":"edital-do-processo-seletivo-da-faculdade-cna-2022","status":"publish","type":"page","link":"http:\/\/faec.org.br\/senar\/edital-do-processo-seletivo-da-faculdade-cna-2022\/","title":{"rendered":"Edital do Processo Seletivo da Faculdade CNA 2022"},"content":{"rendered":"<p>Matricule-se com a sua nota do Enem, realizando o Vestibular Agendado ou no programa Segunda Gradua\u00e7\u00e3o!<\/p>\n<p>Contamos com 50 Polos EaD pelo Brasil e estamos cada dia mais perto de voc\u00ea.<\/p>\n<p>Fa\u00e7a parte do setor que mais cresce no Brasil.<\/p>\n<p>Inscreva-se!<\/p>\n<p><a href=\"http:\/\/www.faculdadecna.com.br\">www.faculdadecna.com.br<\/a><br \/>\n0800 718 1078<\/p>\n<table class=\"blueTable\">\n<tbody>\n<tr>\n<td>\n<h2><strong>Edital do Processo Seletivo da Faculdade CNA 2022<\/strong><\/h2>\n<p><iframe style=\"height: 400px; width: 550px;\" title=\"Iframe Example\" src=\"http:\/\/faec.org.br\/senar\/wp-content\/uploads\/2021\/12\/Edital-1\u00ba-Processo-Seletivo-2022.pdf\"><span data-mce-type=\"bookmark\" style=\"display: inline-block; width: 0px; overflow: hidden; line-height: 0;\" class=\"mce_SELRES_start\">\ufeff<\/span><span data-mce-type=\"bookmark\" style=\"display: inline-block; width: 0px; overflow: hidden; line-height: 0;\" class=\"mce_SELRES_start\">\ufeff<\/span><span data-mce-type=\"bookmark\" style=\"display: inline-block; width: 0px; overflow: hidden; line-height: 0;\" class=\"mce_SELRES_start\">\ufeff<\/span><span data-mce-type=\"bookmark\" style=\"display: inline-block; width: 0px; overflow: hidden; line-height: 0;\" class=\"mce_SELRES_start\">\ufeff<\/span><\/iframe><\/td>\n<\/tr>\n<\/tbody>\n<\/table>\n","protected":false},"excerpt":{"rendered":"<p>Matricule-se com a sua nota do Enem, realizando o Vestibular Agendado ou no programa Segunda Gradua\u00e7\u00e3o! Contamos com 50 Polos EaD pelo Brasil e estamos cada dia mais perto de voc\u00ea. Fa\u00e7a parte do setor que mais cresce no Brasil. Inscreva-se! www.faculdadecna.com.br 0800 718 1078 Edital do Processo Seletivo da Faculdade CNA 2022 \ufeff\ufeff\ufeff\ufeff<\/p>\n","protected":false},"author":1,"featured_media":0,"parent":0,"menu_order":0,"comment_status":"closed","ping_status":"closed","template":"","meta":{"footnotes":""},"class_list":["post-15095","page","type-page","status-publish","czr-hentry"],"_links":{"self":[{"href":"http:\/\/faec.org.br\/senar\/wp-json\/wp\/v2\/pages\/15095","targetHints":{"allow":["GET"]}}],"collection":[{"href":"http:\/\/faec.org.br\/senar\/wp-json\/wp\/v2\/pages"}],"about":[{"href":"http:\/\/faec.org.br\/senar\/wp-json\/wp\/v2\/types\/page"}],"author":[{"embeddable":true,"href":"http:\/\/faec.org.br\/senar\/wp-json\/wp\/v2\/users\/1"}],"replies":[{"embeddable":true,"href":"http:\/\/faec.org.br\/senar\/wp-json\/wp\/v2\/comments?post=15095"}],"version-history":[{"count":0,"href":"http:\/\/faec.org.br\/senar\/wp-json\/wp\/v2\/pages\/15095\/revisions"}],"wp:attachment":[{"href":"http:\/\/faec.org.br\/senar\/wp-json\/wp\/v2\/media?parent=15095"}],"curies":[{"name":"wp","href":"https:\/\/api.w.org\/{rel}","templated":true}]}}