{"id":15083,"date":"2021-12-07T16:31:33","date_gmt":"2021-12-07T19:31:33","guid":{"rendered":"http:\/\/senarce.org.br\/novo\/?page_id=15083"},"modified":"2021-12-07T16:31:33","modified_gmt":"2021-12-07T19:31:33","slug":"processo-seletivo-do-curso-tecnico-em-agronegocio-agro-fruticultura-fruti-e-zootecnia-zoo","status":"publish","type":"page","link":"http:\/\/faec.org.br\/senar\/processo-seletivo-do-curso-tecnico-em-agronegocio-agro-fruticultura-fruti-e-zootecnia-zoo\/","title":{"rendered":"Processo Seletivo do Curso T\u00e9cnico em Agroneg\u00f3cio (AGRO), Fruticultura (FRUTI) e Zootecnia (ZOO)"},"content":{"rendered":"\n\n\n<p>Para mais informa\u00e7\u00f5es acesse:&nbsp;<a href=\"http:\/\/etec.senar.org.br\/\"><strong>http:\/\/etec.senar.org.br\/<\/strong><\/a><\/p>\n<ul>\n<li><strong><a href=\"http:\/\/faec.org.br\/senar\/wp-content\/uploads\/2022\/08\/Listagem-FINAL-de-candidatos-aprovados-AGRO.pdf\">AGRO_Lista dos candidatos aprovados do Processo Seletivo 2022.2<\/a><\/strong><\/li>\n<li><strong><a href=\"http:\/\/faec.org.br\/senar\/wp-content\/uploads\/2022\/08\/Listagem-FINAL-de-candidatos-aprovados-FRUTI.pdf\">FRUTI_Lista dos candidatos aprovados do Processo Seletivo 2022.2<\/a><\/strong><\/li>\n<li><strong><a href=\"http:\/\/faec.org.br\/senar\/wp-content\/uploads\/2022\/08\/Listagem-FINAL-de-candidatos-aprovados-ZOO.pdf\">ZOO_ Lista dos candidatos aprovados do Processo Seletivo 2022.2<\/a><\/strong><\/li>\n<\/ul>\n<ul>\n<li><a href=\"http:\/\/faec.org.br\/senar\/wp-content\/uploads\/2022\/07\/Entrevista-com-link-AGRO.pdf\">Entrevistas &#8211; AGRONEG\u00d3CIO<\/a><\/li>\n<li><a href=\"http:\/\/faec.org.br\/senar\/wp-content\/uploads\/2022\/07\/Entrevista-com-link-FRUTI.pdf\">Entrevistas &#8211; FRUTICULTURA<\/a><\/li>\n<li><a href=\"http:\/\/faec.org.br\/senar\/wp-content\/uploads\/2022\/07\/Entrevista-com-Link-ZOO.pdf\">Entrevistas &#8211; ZOOTECNIA<\/a><\/li>\n<\/ul>\n\n\n\n<ul>\n<li><a href=\"http:\/\/faec.org.br\/senar\/wp-content\/uploads\/2022\/06\/CE_AGRO_Processo-Classificatorio_analise-documentos_entrevista_2022-2.pdf\">CE_AGRO_Processo Classificat\u00f3rio_an\u00e1lise documentos_entrevista_2022-2<\/a><\/li>\n<li><a href=\"http:\/\/faec.org.br\/senar\/wp-content\/uploads\/2022\/06\/CE_FRUTI_Processo-Classificatorio_analise-documentos_entrevista_2022-2.pdf\">CE_FRUTI_Processo Classificat\u00f3rio_an\u00e1lise documentos_entrevista_2022-2<\/a><\/li>\n<li><a href=\"http:\/\/faec.org.br\/senar\/wp-content\/uploads\/2022\/06\/CE_ZOO_Processo-Classificatorio_analise-documentos_entrevista_2022-2.pdf\">CE_ZOO_Processo Classificat\u00f3rio_an\u00e1lise documentos_entrevista_2022-2<\/a><\/li>\n<\/ul>\n\n\n\n<figure class=\"wp-block-table\">\n<table>\n<tbody>\n<tr>\n<td>\n<h2><strong>Edital Processo Seletivo 2022.2 Curso T\u00e9cnico em Agroneg\u00f3cio <\/strong><\/h2>\n<p><iframe style=\"height: 400px; width: 550px;\" title=\"Iframe Example\" src=\"http:\/\/faec.org.br\/senar\/wp-content\/uploads\/2022\/06\/Curso-Tecnico-em-Agronegocio_EDITAL_Processo_Seletivo_2022-2.pdf\"><span data-mce-type=\"bookmark\" style=\"display: inline-block; width: 0px; overflow: hidden; line-height: 0;\" class=\"mce_SELRES_start\">\ufeff<\/span><span data-mce-type=\"bookmark\" style=\"display: inline-block; width: 0px; overflow: hidden; line-height: 0;\" class=\"mce_SELRES_start\">\ufeff<\/span><span data-mce-type=\"bookmark\" style=\"display: inline-block; width: 0px; overflow: hidden; line-height: 0;\" class=\"mce_SELRES_start\">\ufeff<\/span><span data-mce-type=\"bookmark\" style=\"display: inline-block; width: 0px; overflow: hidden; line-height: 0;\" class=\"mce_SELRES_start\">\ufeff<\/span><\/iframe><\/p>\n<\/td>\n<td>\n<h2><strong>Edital Processo Seletivo 2022.2 Curso T\u00e9cnico em Fruticultura <\/strong><\/h2>\n<p><iframe style=\"height: 400px; width: 550px;\" title=\"Iframe Example\" src=\"http:\/\/faec.org.br\/senar\/wp-content\/uploads\/2022\/06\/Curso-Tecnico-em-Fruticultura_EDITAL_Processo_Seletivo_2022-2.pdf\"><span data-mce-type=\"bookmark\" style=\"display: inline-block; width: 0px; overflow: hidden; line-height: 0;\" class=\"mce_SELRES_start\">\ufeff<\/span><span data-mce-type=\"bookmark\" style=\"display: inline-block; width: 0px; overflow: hidden; line-height: 0;\" class=\"mce_SELRES_start\">\ufeff<\/span><span data-mce-type=\"bookmark\" style=\"display: inline-block; width: 0px; overflow: hidden; line-height: 0;\" class=\"mce_SELRES_start\">\ufeff<\/span><span data-mce-type=\"bookmark\" style=\"display: inline-block; width: 0px; overflow: hidden; line-height: 0;\" class=\"mce_SELRES_start\">\ufeff<\/span><span data-mce-type=\"bookmark\" style=\"display: inline-block; width: 0px; overflow: hidden; line-height: 0;\" class=\"mce_SELRES_start\">\ufeff<\/span><\/iframe><\/p>\n<\/td>\n<td>\n<h2><strong>Edital Processo Seletivo 2022.2 Curso T\u00e9cnico em Zootecnia <\/strong><\/h2>\n<p><iframe style=\"height: 400px; width: 550px;\" title=\"Iframe Example\" src=\"http:\/\/faec.org.br\/senar\/wp-content\/uploads\/2022\/06\/ZOO_EDITAL_Alterado_Comunicado_001_Processo_Seletivo_2022-2.pdf\"><span data-mce-type=\"bookmark\" style=\"display: inline-block; width: 0px; overflow: hidden; line-height: 0;\" class=\"mce_SELRES_start\">\ufeff<\/span><span data-mce-type=\"bookmark\" style=\"display: inline-block; width: 0px; overflow: hidden; line-height: 0;\" class=\"mce_SELRES_start\">\ufeff<\/span><span data-mce-type=\"bookmark\" style=\"display: inline-block; width: 0px; overflow: hidden; line-height: 0;\" class=\"mce_SELRES_start\">\ufeff<\/span><span data-mce-type=\"bookmark\" style=\"display: inline-block; width: 0px; overflow: hidden; line-height: 0;\" class=\"mce_SELRES_start\">\ufeff<\/span><span data-mce-type=\"bookmark\" style=\"display: inline-block; width: 0px; overflow: hidden; line-height: 0;\" class=\"mce_SELRES_start\">\ufeff<\/span><\/iframe><\/p>\n<\/td>\n<td>&nbsp;<\/td>\n<\/tr>\n<\/tbody>\n<\/table>\n<\/figure>\n","protected":false},"excerpt":{"rendered":"<p>Para mais informa\u00e7\u00f5es acesse:&nbsp;http:\/\/etec.senar.org.br\/ AGRO_Lista dos candidatos aprovados do Processo Seletivo 2022.2 FRUTI_Lista dos candidatos aprovados do Processo Seletivo 2022.2 ZOO_ Lista dos candidatos aprovados do Processo Seletivo 2022.2 Entrevistas &#8211; AGRONEG\u00d3CIO Entrevistas &#8211; FRUTICULTURA Entrevistas &#8211; ZOOTECNIA CE_AGRO_Processo Classificat\u00f3rio_an\u00e1lise documentos_entrevista_2022-2 CE_FRUTI_Processo Classificat\u00f3rio_an\u00e1lise documentos_entrevista_2022-2 CE_ZOO_Processo Classificat\u00f3rio_an\u00e1lise documentos_entrevista_2022-2 Edital Processo Seletivo 2022.2 Curso T\u00e9cnico em Agroneg\u00f3cio [&hellip;]<\/p>\n","protected":false},"author":1,"featured_media":0,"parent":0,"menu_order":0,"comment_status":"closed","ping_status":"closed","template":"page-templates\/page_fullwidth.php","meta":{"footnotes":""},"class_list":["post-15083","page","type-page","status-publish","czr-hentry"],"_links":{"self":[{"href":"http:\/\/faec.org.br\/senar\/wp-json\/wp\/v2\/pages\/15083","targetHints":{"allow":["GET"]}}],"collection":[{"href":"http:\/\/faec.org.br\/senar\/wp-json\/wp\/v2\/pages"}],"about":[{"href":"http:\/\/faec.org.br\/senar\/wp-json\/wp\/v2\/types\/page"}],"author":[{"embeddable":true,"href":"http:\/\/faec.org.br\/senar\/wp-json\/wp\/v2\/users\/1"}],"replies":[{"embeddable":true,"href":"http:\/\/faec.org.br\/senar\/wp-json\/wp\/v2\/comments?post=15083"}],"version-history":[{"count":0,"href":"http:\/\/faec.org.br\/senar\/wp-json\/wp\/v2\/pages\/15083\/revisions"}],"wp:attachment":[{"href":"http:\/\/faec.org.br\/senar\/wp-json\/wp\/v2\/media?parent=15083"}],"curies":[{"name":"wp","href":"https:\/\/api.w.org\/{rel}","templated":true}]}}