{"id":13746,"date":"2020-12-17T07:54:51","date_gmt":"2020-12-17T10:54:51","guid":{"rendered":"http:\/\/senarce.org.br\/novo\/?page_id=13746"},"modified":"2020-12-17T07:54:51","modified_gmt":"2020-12-17T10:54:51","slug":"edital-processo-classificatorio-entrevista-senar-ar-ce","status":"publish","type":"page","link":"http:\/\/faec.org.br\/senar\/edital-processo-classificatorio-entrevista-senar-ar-ce\/","title":{"rendered":"EDITAL &#8211; PROCESSO CLASSIFICAT\u00d3RIO ENTREVISTA SENAR-AR\/CE"},"content":{"rendered":"<ul>\n<li>\n<h4><strong><a href=\"http:\/\/etec.senar.org.br\/processo-seletivo-20211-fruticultura\/?utm_medium=digital&amp;utm_source=banner&amp;utm_campaign=20201209-senar-etec-banner-topo-tecnico-fruticultura\">Clique aqui para fazer sua inscri\u00e7\u00e3o.<\/a><\/strong><\/h4>\n<\/li>\n<li>\n<h4><strong><a href=\"http:\/\/faec.org.br\/senar\/wp-content\/uploads\/2021\/01\/ERRATA-1-.-Proc.-seletivo-Fruticultura.pdf\">ERRATA &#8211; Processo Seletivo Fruticultura<\/a><\/strong><\/h4>\n<\/li>\n<li>\n<h4><strong><a href=\"http:\/\/faec.org.br\/senar\/wp-content\/uploads\/2021\/02\/GERAL_cadidatos_aptos_processo_classificatorio_Fruticultura_2021_1.pdf\">Lista geral por Estado &#8211; Candidatos aptos ao processo classificat\u00f3rio<\/a><\/strong><\/h4>\n<\/li>\n<li>\n<h4><strong><a href=\"http:\/\/faec.org.br\/senar\/wp-content\/uploads\/2021\/02\/Entrevistas-Atualizadas.pdf\">Calend\u00e1rio de Entrevistas<\/a>&nbsp;<\/strong><\/h4>\n<\/li>\n<li>\n<h4><strong><a href=\"http:\/\/faec.org.br\/senar\/wp-content\/uploads\/2021\/03\/CE_Lista-Preliminar-de-Aprovados-20211-Copia.pdf\">Lista preliminar dos candidatos aprovados<\/a><\/strong><\/h4>\n<\/li>\n<li>\n<h3><strong><a href=\"http:\/\/faec.org.br\/senar\/wp-content\/uploads\/2021\/03\/CE_Lista-Final-de-Aprovados-20211.pdf\">Lista final dos aprovados<\/a><\/strong><\/h3>\n<\/li>\n<\/ul>\n<p><iframe loading=\"lazy\" title=\"Edital Regional Cear\u00e1 - Curso T\u00e9cnico em Fruticultura (processo classificat\u00f3rio. entrevista)\" src=\"http:\/\/faec.org.br\/senar\/wp-content\/uploads\/2021\/01\/Edital-Regional-Cear\u00e1-Curso-T\u00e9cnico-em-Fruticultura-processo-classificat\u00f3rio.-entrevista.pdf\" width=\"100%\" height=\"500\"><span data-mce-type=\"bookmark\" style=\"display: inline-block; width: 0px; overflow: hidden; line-height: 0;\" class=\"mce_SELRES_start\">\ufeff<\/span><\/iframe><\/p>\n<ul>\n<li><strong><a href=\"http:\/\/faec.org.br\/senar\/wp-content\/uploads\/2021\/01\/Edital-Regional-Cear\u00e1-Curso-T\u00e9cnico-em-Fruticultura-processo-classificat\u00f3rio.-entrevista.pdf\">Clique aqui para acessar o Edital<\/a><\/strong><\/li>\n<\/ul>\n<p>&nbsp;<\/p>\n<p style=\"text-align: center;\">&nbsp;<\/p>\n","protected":false},"excerpt":{"rendered":"<p>Clique aqui para fazer sua inscri\u00e7\u00e3o. ERRATA &#8211; Processo Seletivo Fruticultura Lista geral por Estado &#8211; Candidatos aptos ao processo classificat\u00f3rio Calend\u00e1rio de Entrevistas&nbsp; Lista preliminar dos candidatos aprovados Lista final dos aprovados \ufeff Clique aqui para acessar o Edital &nbsp; &nbsp;<\/p>\n","protected":false},"author":1,"featured_media":0,"parent":0,"menu_order":0,"comment_status":"closed","ping_status":"closed","template":"","meta":{"footnotes":""},"class_list":["post-13746","page","type-page","status-publish","czr-hentry"],"_links":{"self":[{"href":"http:\/\/faec.org.br\/senar\/wp-json\/wp\/v2\/pages\/13746","targetHints":{"allow":["GET"]}}],"collection":[{"href":"http:\/\/faec.org.br\/senar\/wp-json\/wp\/v2\/pages"}],"about":[{"href":"http:\/\/faec.org.br\/senar\/wp-json\/wp\/v2\/types\/page"}],"author":[{"embeddable":true,"href":"http:\/\/faec.org.br\/senar\/wp-json\/wp\/v2\/users\/1"}],"replies":[{"embeddable":true,"href":"http:\/\/faec.org.br\/senar\/wp-json\/wp\/v2\/comments?post=13746"}],"version-history":[{"count":0,"href":"http:\/\/faec.org.br\/senar\/wp-json\/wp\/v2\/pages\/13746\/revisions"}],"wp:attachment":[{"href":"http:\/\/faec.org.br\/senar\/wp-json\/wp\/v2\/media?parent=13746"}],"curies":[{"name":"wp","href":"https:\/\/api.w.org\/{rel}","templated":true}]}}