{"id":15684,"date":"2022-04-01T16:35:30","date_gmt":"2022-04-01T19:35:30","guid":{"rendered":"http:\/\/faec.org.br\/faec\/?page_id=15684"},"modified":"2022-04-01T16:35:30","modified_gmt":"2022-04-01T19:35:30","slug":"campanha-da-contribuicao-sindical","status":"publish","type":"page","link":"http:\/\/faec.org.br\/faec\/campanha-da-contribuicao-sindical\/","title":{"rendered":"Campanha da Contribui\u00e7\u00e3o Sindical"},"content":{"rendered":"<p style=\"text-align: justify;\"><strong><u>Orienta\u00e7\u00f5es gerais<\/u><\/strong><\/p>\n<ul style=\"text-align: justify;\">\n<li>A Contribui\u00e7\u00e3o Sindical Rural fortalece ainda mais a representatividade do Produtor Rural, pelo Sistema CNA.<\/li>\n<li>Para emitir as guias de anos anteriores,\u00a0procure o setor de Arrecada\u00e7\u00e3o da Federa\u00e7\u00e3o da Agricultura e Pecu\u00e1ria do Estado do Cear\u00e1, no telefone (85) 3535 8015.<\/li>\n<li>O vencimento da Contribui\u00e7\u00e3o Sindical Rural da Pessoa Jur\u00eddica e Pessoa F\u00edsica, ano 2022, ser\u00e1 dia <strong>22 de maio de 2022<\/strong>.<\/li>\n<\/ul>\n<p style=\"text-align: justify;\">Clique abaixo para acessar a segunda via do seu boleto<\/p>\n<p style=\"text-align: justify;\"><a href=\"https:\/\/www.cnabrasil.org.br\/2-via-contribuicao-sindical\">https:\/\/www.cnabrasil.org.br\/2-via-contribuicao-sindical<\/a><\/p>\n<p><img loading=\"lazy\" decoding=\"async\" class=\"aligncenter wp-image-15723 size-full\" src=\"http:\/\/faec.org.br\/sistema\/wp-content\/uploads\/2022\/04\/BANNER-SITE-SISTEMA-E-FAEC.png\" alt=\"\" width=\"1109\" height=\"856\" \/><\/p>\n","protected":false},"excerpt":{"rendered":"<p>Orienta\u00e7\u00f5es gerais A Contribui\u00e7\u00e3o Sindical Rural fortalece ainda mais a representatividade do Produtor Rural, pelo Sistema CNA. Para emitir as guias de anos anteriores,\u00a0procure o setor de Arrecada\u00e7\u00e3o da Federa\u00e7\u00e3o da Agricultura e Pecu\u00e1ria do Estado do Cear\u00e1, no telefone (85) 3535 8015. O vencimento da Contribui\u00e7\u00e3o Sindical Rural da Pessoa Jur\u00eddica e Pessoa F\u00edsica, [&hellip;]<\/p>\n","protected":false},"author":1,"featured_media":0,"parent":0,"menu_order":0,"comment_status":"closed","ping_status":"closed","template":"","meta":{"footnotes":""},"class_list":["post-15684","page","type-page","status-publish","czr-hentry"],"_links":{"self":[{"href":"http:\/\/faec.org.br\/faec\/wp-json\/wp\/v2\/pages\/15684","targetHints":{"allow":["GET"]}}],"collection":[{"href":"http:\/\/faec.org.br\/faec\/wp-json\/wp\/v2\/pages"}],"about":[{"href":"http:\/\/faec.org.br\/faec\/wp-json\/wp\/v2\/types\/page"}],"author":[{"embeddable":true,"href":"http:\/\/faec.org.br\/faec\/wp-json\/wp\/v2\/users\/1"}],"replies":[{"embeddable":true,"href":"http:\/\/faec.org.br\/faec\/wp-json\/wp\/v2\/comments?post=15684"}],"version-history":[{"count":1,"href":"http:\/\/faec.org.br\/faec\/wp-json\/wp\/v2\/pages\/15684\/revisions"}],"predecessor-version":[{"id":15685,"href":"http:\/\/faec.org.br\/faec\/wp-json\/wp\/v2\/pages\/15684\/revisions\/15685"}],"wp:attachment":[{"href":"http:\/\/faec.org.br\/faec\/wp-json\/wp\/v2\/media?parent=15684"}],"curies":[{"name":"wp","href":"https:\/\/api.w.org\/{rel}","templated":true}]}}